{"id":1572,"date":"2024-11-21T11:18:24","date_gmt":"2024-11-21T11:18:24","guid":{"rendered":"https:\/\/pharma-chemical.com\/all_helpie_faq_page\/"},"modified":"2024-11-21T11:18:24","modified_gmt":"2024-11-21T11:18:24","slug":"all_helpie_faq_page","status":"publish","type":"page","link":"https:\/\/pharma-chemical.com\/cs\/all_helpie_faq_page\/","title":{"rendered":"V\u0161echny nej\u010dast\u011bj\u0161\u00ed dotazy (Helpie FAQ)"},"content":{"rendered":"<p>Uk\u00e1zka v\u0161ech \u010dasto kladen\u00fdch ot\u00e1zek (Helpie FAQ)<\/p>\n<section id='' \n                class='helpie-faq accordions faq-toggle open-first' \n                data-collection='' \n                data-pagination='0' \n                data-search='0' \n                data-pagination-enabled='0'\n                role='region'\n                aria-label='Sekce nej\u010dast\u011bj\u0161\u00edch dotaz\u016f'\n                aria-live='polite'><h3 class=\"collection-title\">Nej\u010dast\u011bj\u0161\u00ed dotazy k programu Helpie<\/h3><form class=\"search\" onsubmit=\"return false;\" action=\"\"><div class=\"search__wrapper\"><input type=\"text\" class=\"search__input\" aria-label=\"Vyhled\u00e1v\u00e1n\u00ed\" role=\"searchbox\" placeholder=\"\u010casto kladen\u00e9 dotazy k vyhled\u00e1v\u00e1n\u00ed\"><span class=\"search__icon\"><svg class=\"svg-icon--search\" role=\"img\" xmlns=\"http:\/\/www.w3.org\/2000\/svg\" viewbox=\"0 0 22 22\">\r\n                        <g fill=\"none\" stroke=\"#171717\">\r\n                            <path stroke-linecap=\"square\" stroke-width=\"2\" d=\"M18.5 18.3l-5.4-5.4\"\/>\r\n                            <circle cx=\"8\" cy=\"8\" r=\"7\" stroke-width=\"2\"\/>\r\n                        <\/g>\r\n                    <\/svg><\/span><\/div><div class=\"search__message\"><\/div><input type=\"hidden\" name=\"trp-form-language\" value=\"cs\"\/><\/form><article class=\"accordion\"><div class='helpie-faq-row'><div class='helpie-faq-col helpie-faq-col-12' ><ul><li class=\"accordion__item\"><div class=\"accordion__header\" \r\n                id=\"accordion-header-post-1570\"\r\n                role=\"button\"\r\n                aria-expanded=\"false\"\r\n                aria-controls=\"accordion-content-post-1570\"\r\n                data-id=\"post-1570\" \r\n                data-item=\"hfaq-post-1570\" \r\n                style=\"background:transparent;\" \r\n                data-tags=\"\"\r\n                tabindex=\"0\"><div class=\"accordion__title\">Jednoduch\u00e9 nej\u010dast\u011bj\u0161\u00ed dotazy<\/div><\/div><div id=\"accordion-content-post-1570\" \r\n                class=\"accordion__body\" \r\n                role=\"region\"\r\n                aria-labelledby=\"accordion-header-post-1570\"\r\n                style=\"background:transparent;\">Jednoduch\u00fd obsah \u010dasto kladen\u00fdch ot\u00e1zek<\/div><\/li><li class=\"accordion__item\"><div class=\"accordion__header\" \r\n                id=\"accordion-header-post-1571\"\r\n                role=\"button\"\r\n                aria-expanded=\"false\"\r\n                aria-controls=\"accordion-content-post-1571\"\r\n                data-id=\"post-1571\" \r\n                data-item=\"hfaq-post-1571\" \r\n                style=\"background:transparent;\" \r\n                data-tags=\"\"\r\n                tabindex=\"0\"><div class=\"accordion__title\">Jednoduch\u00e9 nej\u010dast\u011bj\u0161\u00ed dotazy - 2<\/div><\/div><div id=\"accordion-content-post-1571\" \r\n                class=\"accordion__body\" \r\n                role=\"region\"\r\n                aria-labelledby=\"accordion-header-post-1571\"\r\n                style=\"background:transparent;\">Jednoduch\u00fd obsah FAQ - 2<\/div><\/li><li class=\"accordion__item\"><div class=\"accordion__header\" \r\n                id=\"accordion-header-post-1568\"\r\n                role=\"button\"\r\n                aria-expanded=\"false\"\r\n                aria-controls=\"accordion-content-post-1568\"\r\n                data-id=\"post-1568\" \r\n                data-item=\"hfaq-post-1568\" \r\n                style=\"background:transparent;\" \r\n                data-tags=\"\"\r\n                tabindex=\"0\"><div class=\"accordion__title\">Va\u0161e prvn\u00ed nej\u010dast\u011bji kladen\u00e1 ot\u00e1zka<\/div><\/div><div id=\"accordion-content-post-1568\" \r\n                class=\"accordion__body\" \r\n                role=\"region\"\r\n                aria-labelledby=\"accordion-header-post-1568\"\r\n                style=\"background:transparent;\">Va\u0161e relevantn\u00ed odpov\u011b\u010f na \u010dasto kladen\u00e9 ot\u00e1zky.<\/div><\/li><\/ul><\/div><\/div><\/article><\/section>","protected":false},"excerpt":{"rendered":"<p>Uk\u00e1zka v\u0161ech \u010dasto kladen\u00fdch ot\u00e1zek (Helpie FAQ)<\/p>","protected":false},"author":1,"featured_media":0,"parent":0,"menu_order":0,"comment_status":"closed","ping_status":"closed","template":"","meta":{"footnotes":""},"class_list":["post-1572","page","type-page","status-publish","hentry"],"blocksy_meta":[],"_links":{"self":[{"href":"https:\/\/pharma-chemical.com\/cs\/wp-json\/wp\/v2\/pages\/1572","targetHints":{"allow":["GET"]}}],"collection":[{"href":"https:\/\/pharma-chemical.com\/cs\/wp-json\/wp\/v2\/pages"}],"about":[{"href":"https:\/\/pharma-chemical.com\/cs\/wp-json\/wp\/v2\/types\/page"}],"author":[{"embeddable":true,"href":"https:\/\/pharma-chemical.com\/cs\/wp-json\/wp\/v2\/users\/1"}],"replies":[{"embeddable":true,"href":"https:\/\/pharma-chemical.com\/cs\/wp-json\/wp\/v2\/comments?post=1572"}],"version-history":[{"count":0,"href":"https:\/\/pharma-chemical.com\/cs\/wp-json\/wp\/v2\/pages\/1572\/revisions"}],"wp:attachment":[{"href":"https:\/\/pharma-chemical.com\/cs\/wp-json\/wp\/v2\/media?parent=1572"}],"curies":[{"name":"wp","href":"https:\/\/api.w.org\/{rel}","templated":true}]}}