{"id":1593,"date":"2024-11-21T12:36:15","date_gmt":"2024-11-21T12:36:15","guid":{"rendered":"https:\/\/pharma-chemical.com\/?page_id=1593"},"modified":"2025-08-04T07:26:22","modified_gmt":"2025-08-04T07:26:22","slug":"caluanie-muelear-oxidize-price","status":"publish","type":"page","link":"https:\/\/pharma-chemical.com\/cs\/caluanie-muelear-oxidize-price\/","title":{"rendered":"JAK OBJEDNAT"},"content":{"rendered":"<p><strong>Jak objednat Caluanie Muelear Oxidize z <a href=\"https:\/\/pharma-chemical.com\/cs\/\">Farmaceuticko-chemick\u00e9<\/a><\/strong><\/p>\n\n\n\n<p>Ve spole\u010dnosti Pharma-Chemical umo\u017e\u0148ujeme snadn\u00fd a bezpe\u010dn\u00fd n\u00e1kup. <strong>Caluanie Muelear Oxidize<\/strong> pro va\u0161e pr\u016fmyslov\u00e9 pot\u0159eby. D\u00edky na\u0161emu z\u00e1vazku ke kvalit\u011b, spolehlivosti a spokojenosti z\u00e1kazn\u00edk\u016f zaji\u0161\u0165ujeme bezprobl\u00e9mov\u00fd proces objedn\u00e1v\u00e1n\u00ed od za\u010d\u00e1tku a\u017e do konce. P\u0159i objedn\u00e1v\u00e1n\u00ed postupujte podle n\u00ed\u017ee uveden\u00fdch krok\u016f a z\u00edskejte to nejlep\u0161\u00ed. <strong>Caluanie Muelear Oxidize cena<\/strong> na trhu.<\/p>\n\n\n\n<figure class=\"wp-block-image size-full\"><img fetchpriority=\"high\" decoding=\"async\" width=\"965\" height=\"359\" src=\"https:\/\/pharma-chemical.com\/wp-content\/uploads\/2024\/12\/8ui88.png\" alt=\"\" class=\"wp-image-1782\" srcset=\"https:\/\/pharma-chemical.com\/wp-content\/uploads\/2024\/12\/8ui88.png 965w, https:\/\/pharma-chemical.com\/wp-content\/uploads\/2024\/12\/8ui88-600x223.png 600w, https:\/\/pharma-chemical.com\/wp-content\/uploads\/2024\/12\/8ui88-300x112.webp 300w, https:\/\/pharma-chemical.com\/wp-content\/uploads\/2024\/12\/8ui88-768x286.webp 768w\" sizes=\"(max-width: 965px) 100vw, 965px\" \/><\/figure>\n\n\n\n<div id=\"ez-toc-container\" class=\"ez-toc-v2_0_82_2 counter-hierarchy ez-toc-counter ez-toc-grey ez-toc-container-direction\">\n<div class=\"ez-toc-title-container\">\n<p class=\"ez-toc-title\" style=\"cursor:inherit\">Obsah<\/p>\n<span class=\"ez-toc-title-toggle\"><a href=\"#\" class=\"ez-toc-pull-right ez-toc-btn ez-toc-btn-xs ez-toc-btn-default ez-toc-toggle\" aria-label=\"P\u0159epnut\u00ed tabulky obsahu\"><span class=\"ez-toc-js-icon-con\"><span class=\"\"><span class=\"eztoc-hide\" style=\"display:none;\">P\u0159ep\u00edna\u010d<\/span><span class=\"ez-toc-icon-toggle-span\"><svg style=\"fill: #999;color:#999\" xmlns=\"http:\/\/www.w3.org\/2000\/svg\" class=\"list-377408\" width=\"20px\" height=\"20px\" viewbox=\"0 0 24 24\" fill=\"none\"><path d=\"M6 6H4v2h2V6zm14 0H8v2h12V6zM4 11h2v2H4v-2zm16 0H8v2h12v-2zM4 16h2v2H4v-2zm16 0H8v2h12v-2z\" fill=\"currentColor\"><\/path><\/svg><svg style=\"fill: #999;color:#999\" class=\"arrow-unsorted-368013\" xmlns=\"http:\/\/www.w3.org\/2000\/svg\" width=\"10px\" height=\"10px\" viewbox=\"0 0 24 24\" version=\"1.2\" baseprofile=\"tiny\"><path d=\"M18.2 9.3l-6.2-6.3-6.2 6.3c-.2.2-.3.4-.3.7s.1.5.3.7c.2.2.4.3.7.3h11c.3 0 .5-.1.7-.3.2-.2.3-.5.3-.7s-.1-.5-.3-.7zM5.8 14.7l6.2 6.3 6.2-6.3c.2-.2.3-.5.3-.7s-.1-.5-.3-.7c-.2-.2-.4-.3-.7-.3h-11c-.3 0-.5.1-.7.3-.2.2-.3.5-.3.7s.1.5.3.7z\"\/><\/svg><\/span><\/span><\/span><\/a><\/span><\/div>\n<nav><ul class='ez-toc-list ez-toc-list-level-1' ><li class='ez-toc-page-1 ez-toc-heading-level-3'><a class=\"ez-toc-link ez-toc-heading-1\" href=\"https:\/\/pharma-chemical.com\/cs\/caluanie-muelear-oxidize-price\/#Step_1_Submit_Your_Inquiry_Place_your_order_by_selecting_your_product_from_our_Shop_and_proceed_to_Checkout\" >Step 1: Submit Your Inquiry \/Place your order by selecting your product from our Shop and proceed to Checkout.<\/a><\/li><li class='ez-toc-page-1 ez-toc-heading-level-3'><a class=\"ez-toc-link ez-toc-heading-2\" href=\"https:\/\/pharma-chemical.com\/cs\/caluanie-muelear-oxidize-price\/#Step_2_Confirm_Your_Order\" >Krok 2: Potvrzen\u00ed objedn\u00e1vky<\/a><\/li><li class='ez-toc-page-1 ez-toc-heading-level-3'><a class=\"ez-toc-link ez-toc-heading-3\" href=\"https:\/\/pharma-chemical.com\/cs\/caluanie-muelear-oxidize-price\/#Step_3_Make_Payment\" >Krok 3: Prove\u010fte platbu<\/a><\/li><li class='ez-toc-page-1 ez-toc-heading-level-3'><a class=\"ez-toc-link ez-toc-heading-4\" href=\"https:\/\/pharma-chemical.com\/cs\/caluanie-muelear-oxidize-price\/#Step_4_Order_Processing_and_Dispatch\" >Krok 4: Zpracov\u00e1n\u00ed a odesl\u00e1n\u00ed objedn\u00e1vky<\/a><\/li><li class='ez-toc-page-1 ez-toc-heading-level-3'><a class=\"ez-toc-link ez-toc-heading-5\" href=\"https:\/\/pharma-chemical.com\/cs\/caluanie-muelear-oxidize-price\/#Step_5_Track_Your_Shipment\" >Krok 5: Sledov\u00e1n\u00ed z\u00e1silky<\/a><\/li><li class='ez-toc-page-1 ez-toc-heading-level-3'><a class=\"ez-toc-link ez-toc-heading-6\" href=\"https:\/\/pharma-chemical.com\/cs\/caluanie-muelear-oxidize-price\/#Why_Choose_Pharma-Chemical\" >Pro\u010d si vybrat spole\u010dnost Pharma-Chemical?<\/a><\/li><li class='ez-toc-page-1 ez-toc-heading-level-3'><a class=\"ez-toc-link ez-toc-heading-7\" href=\"https:\/\/pharma-chemical.com\/cs\/caluanie-muelear-oxidize-price\/#Contact_Us_to_Order_Now\" >Kontaktujte n\u00e1s a objednejte si nyn\u00ed<\/a><\/li><\/ul><\/nav><\/div>\n<h3 class=\"wp-block-heading\"><span class=\"ez-toc-section\" id=\"Step_1_Submit_Your_Inquiry_Place_your_order_by_selecting_your_product_from_our_Shop_and_proceed_to_Checkout\"><\/span><strong>Krok 1: Odesl\u00e1n\u00ed popt\u00e1vky<\/strong> \/Place your order by selecting your product from our Shop and proceed to Checkout.<span class=\"ez-toc-section-end\"><\/span><\/h3>\n\n\n\n<p>Kontaktujte n\u00e1s prost\u0159ednictv\u00edm na\u0161ich ofici\u00e1ln\u00edch webov\u00fdch str\u00e1nek, e-mailu nebo hork\u00e9 linky z\u00e1kaznick\u00e9 podpory a vy\u017e\u00e1dejte si podrobnosti o produktu a ceny. Nezapome\u0148te uv\u00e9st:<\/p>\n\n\n\n<ul class=\"wp-block-list\">\n<li>Va\u0161e po\u017eadovan\u00e9 mno\u017estv\u00ed <strong><a href=\"https:\/\/www.youtube.com\/watch?v=GqbOrOtJEyY\" target=\"_blank\" rel=\"noopener\">Caluanie Muelear Oxidize<\/a><\/strong><\/li>\n\n\n\n<li>Va\u0161e p\u0159epravn\u00ed m\u00edsto<\/li>\n\n\n\n<li>Jak\u00e9koli zvl\u00e1\u0161tn\u00ed po\u017eadavky nebo lh\u016fty<\/li>\n<\/ul>\n\n\n\n<p>N\u00e1\u0161 t\u00fdm v\u00e1m okam\u017eit\u011b odpov\u00ed a poskytne specifikace produktu, aktu\u00e1ln\u00ed <strong>Caluanie Muelear Oxidize cena<\/strong>a podrobnosti o dostupnosti.<\/p>\n\n\n\n<h3 class=\"wp-block-heading\"><span class=\"ez-toc-section\" id=\"Step_2_Confirm_Your_Order\"><\/span><strong>Krok 2: Potvrzen\u00ed objedn\u00e1vky<\/strong><span class=\"ez-toc-section-end\"><\/span><\/h3>\n\n\n\n<p>Po zkontrolov\u00e1n\u00ed podrobnost\u00ed potvr\u010fte objedn\u00e1vku zad\u00e1n\u00edm n\u00e1sleduj\u00edc\u00edch \u00fadaj\u016f:<\/p>\n\n\n\n<ul class=\"wp-block-list\">\n<li>Objedn\u00e1vka nebo ofici\u00e1ln\u00ed potvrzen\u00ed e-mailem<\/li>\n\n\n\n<li>Faktura\u010dn\u00ed a p\u0159epravn\u00ed informace<\/li>\n\n\n\n<li>Preferovan\u00fd zp\u016fsob doru\u010den\u00ed (standardn\u00ed nebo zrychlen\u00e1 doprava)<\/li>\n<\/ul>\n\n\n\n<p>Va\u0161i objedn\u00e1vku zpracujeme a za\u0161leme v\u00e1m fakturu spolu s pokyny k platb\u011b.<\/p>\n\n\n\n<h3 class=\"wp-block-heading\"><span class=\"ez-toc-section\" id=\"Step_3_Make_Payment\"><\/span><strong>Krok 3: Prove\u010fte platbu<\/strong><span class=\"ez-toc-section-end\"><\/span><\/h3>\n\n\n\n<p>Vyberte si jednu z na\u0161ich bezpe\u010dn\u00fdch platebn\u00edch mo\u017enost\u00ed, v\u010detn\u011b bankovn\u00edho p\u0159evodu, kreditn\u00ed karty nebo jin\u00fdch schv\u00e1len\u00fdch metod. V\u0161echny transakce jsou chr\u00e1n\u011bny, co\u017e zaji\u0161\u0165uje v\u00e1\u0161 klid.<\/p>\n\n\n\n<h3 class=\"wp-block-heading\"><span class=\"ez-toc-section\" id=\"Step_4_Order_Processing_and_Dispatch\"><\/span><strong>Krok 4: Zpracov\u00e1n\u00ed a odesl\u00e1n\u00ed objedn\u00e1vky<\/strong><span class=\"ez-toc-section-end\"><\/span><\/h3>\n\n\n\n<p>Po potvrzen\u00ed platby n\u00e1\u0161 t\u00fdm okam\u017eit\u011b zpracuje va\u0161i objedn\u00e1vku. Dodr\u017eujeme p\u0159\u00edsn\u00e1 opat\u0159en\u00ed pro kontrolu kvality, abychom zajistili, \u017ee va\u0161e <strong>Caluanie Muelear Oxidize<\/strong> je bezpe\u010dn\u011b zabalen a p\u0159epraven.<\/p>\n\n\n\n<h3 class=\"wp-block-heading\"><span class=\"ez-toc-section\" id=\"Step_5_Track_Your_Shipment\"><\/span><strong>Krok 5: Sledov\u00e1n\u00ed z\u00e1silky<\/strong><span class=\"ez-toc-section-end\"><\/span><\/h3>\n\n\n\n<p>Po odesl\u00e1n\u00ed v\u00e1m poskytneme informace o sledov\u00e1n\u00ed z\u00e1silky, abyste mohli sledovat jej\u00ed pr\u016fb\u011bh. Na\u0161e celosv\u011btov\u00e1 doru\u010dovac\u00ed s\u00ed\u0165 zaji\u0161\u0165uje v\u010dasn\u00e9 a bezpe\u010dn\u00e9 doru\u010den\u00ed na v\u00e1mi ur\u010den\u00e9 m\u00edsto.<\/p>\n\n\n\n<h3 class=\"wp-block-heading\"><span class=\"ez-toc-section\" id=\"Why_Choose_Pharma-Chemical\"><\/span><strong>Pro\u010d si vybrat spole\u010dnost Pharma-Chemical?<\/strong><span class=\"ez-toc-section-end\"><\/span><\/h3>\n\n\n\n<ul class=\"wp-block-list\">\n<li>Konkuren\u010dn\u00ed <strong>Caluanie Muelear Oxidize ceny<\/strong><\/li>\n\n\n\n<li>Vysoce kvalitn\u00ed, p\u0159\u00edsn\u011b testovan\u00e9 produkty<\/li>\n\n\n\n<li>Spolehliv\u00e9 doru\u010den\u00ed po cel\u00e9m sv\u011bt\u011b<\/li>\n\n\n\n<li>Z\u00e1kaznick\u00e1 podpora 24\/7 pro pomoc s objedn\u00e1vkou<\/li>\n\n\n\n<li>D\u016fv\u011bryhodn\u00fd dodavatel s des\u00edtkami let zku\u0161enost\u00ed v chemick\u00e9m pr\u016fmyslu<\/li>\n<\/ul>\n\n\n\n<h3 class=\"wp-block-heading\"><span class=\"ez-toc-section\" id=\"Contact_Us_to_Order_Now\"><\/span><strong>Kontaktujte n\u00e1s a objednejte si nyn\u00ed<\/strong><span class=\"ez-toc-section-end\"><\/span><\/h3>\n\n\n\n<p>Ne\u010dekejte - po\u0159i\u010fte si to nejlep\u0161\u00ed <strong>Caluanie Muelear Oxidize cena<\/strong> dnes! Kontaktujte spole\u010dnost Pharma-Chemical prost\u0159ednictv\u00edm:<\/p>\n\n\n\n<ul class=\"wp-block-list\">\n<li><strong>E-mail<\/strong>: info@pharma-chemical.com<\/li>\n\n\n\n<li>\u010c\u00edslo WhatsApp: +1 (424) 242-5629<\/li>\n\n\n\n<li><strong>Online formul\u00e1\u0159<\/strong>: <a href=\"https:\/\/pharma-chemical.com\/cs\/blog\/\">Klikn\u011bte zde<\/a><\/li>\n<\/ul>\n\n\n\n<p>Za\u017eijte bezprobl\u00e9mov\u00e9 objedn\u00e1v\u00e1n\u00ed, v\u00fdjime\u010dnou kvalitu a bezkonkuren\u010dn\u00ed slu\u017eby s Pharma-Chemical.<\/p>","protected":false},"excerpt":{"rendered":"<p>How to Order Caluanie Muelear Oxidize from Pharma-Chemical At Pharma-Chemical, we make it easy and secure to purchase Caluanie Muelear Oxidize for your industrial needs. With our commitment to quality, reliability, and customer satisfaction, we ensure a smooth ordering process from start to finish. Follow the steps below to place your order and get the [&hellip;]<\/p>\n","protected":false},"author":1,"featured_media":1783,"parent":0,"menu_order":0,"comment_status":"closed","ping_status":"closed","template":"","meta":{"footnotes":""},"class_list":["post-1593","page","type-page","status-publish","has-post-thumbnail","hentry"],"blocksy_meta":[],"_links":{"self":[{"href":"https:\/\/pharma-chemical.com\/cs\/wp-json\/wp\/v2\/pages\/1593","targetHints":{"allow":["GET"]}}],"collection":[{"href":"https:\/\/pharma-chemical.com\/cs\/wp-json\/wp\/v2\/pages"}],"about":[{"href":"https:\/\/pharma-chemical.com\/cs\/wp-json\/wp\/v2\/types\/page"}],"author":[{"embeddable":true,"href":"https:\/\/pharma-chemical.com\/cs\/wp-json\/wp\/v2\/users\/1"}],"replies":[{"embeddable":true,"href":"https:\/\/pharma-chemical.com\/cs\/wp-json\/wp\/v2\/comments?post=1593"}],"version-history":[{"count":3,"href":"https:\/\/pharma-chemical.com\/cs\/wp-json\/wp\/v2\/pages\/1593\/revisions"}],"predecessor-version":[{"id":2077,"href":"https:\/\/pharma-chemical.com\/cs\/wp-json\/wp\/v2\/pages\/1593\/revisions\/2077"}],"wp:featuredmedia":[{"embeddable":true,"href":"https:\/\/pharma-chemical.com\/cs\/wp-json\/wp\/v2\/media\/1783"}],"wp:attachment":[{"href":"https:\/\/pharma-chemical.com\/cs\/wp-json\/wp\/v2\/media?parent=1593"}],"curies":[{"name":"wp","href":"https:\/\/api.w.org\/{rel}","templated":true}]}}