{"id":1810,"date":"2024-12-15T13:01:36","date_gmt":"2024-12-15T13:01:36","guid":{"rendered":"https:\/\/pharma-chemical.com\/?page_id=1810"},"modified":"2024-12-24T13:16:04","modified_gmt":"2024-12-24T13:16:04","slug":"silver-liquid-mercury-price-per-gram","status":"publish","type":"page","link":"https:\/\/pharma-chemical.com\/cs\/silver-liquid-mercury-price-per-gram\/","title":{"rendered":"Aplikace"},"content":{"rendered":"<div id=\"ez-toc-container\" class=\"ez-toc-v2_0_82_2 counter-hierarchy ez-toc-counter ez-toc-grey ez-toc-container-direction\">\n<div class=\"ez-toc-title-container\">\n<p class=\"ez-toc-title\" style=\"cursor:inherit\">Obsah<\/p>\n<span class=\"ez-toc-title-toggle\"><a href=\"#\" class=\"ez-toc-pull-right ez-toc-btn ez-toc-btn-xs ez-toc-btn-default ez-toc-toggle\" aria-label=\"P\u0159epnut\u00ed tabulky obsahu\"><span class=\"ez-toc-js-icon-con\"><span class=\"\"><span class=\"eztoc-hide\" style=\"display:none;\">P\u0159ep\u00edna\u010d<\/span><span class=\"ez-toc-icon-toggle-span\"><svg style=\"fill: #999;color:#999\" xmlns=\"http:\/\/www.w3.org\/2000\/svg\" class=\"list-377408\" width=\"20px\" height=\"20px\" viewbox=\"0 0 24 24\" fill=\"none\"><path d=\"M6 6H4v2h2V6zm14 0H8v2h12V6zM4 11h2v2H4v-2zm16 0H8v2h12v-2zM4 16h2v2H4v-2zm16 0H8v2h12v-2z\" fill=\"currentColor\"><\/path><\/svg><svg style=\"fill: #999;color:#999\" class=\"arrow-unsorted-368013\" xmlns=\"http:\/\/www.w3.org\/2000\/svg\" width=\"10px\" height=\"10px\" viewbox=\"0 0 24 24\" version=\"1.2\" baseprofile=\"tiny\"><path d=\"M18.2 9.3l-6.2-6.3-6.2 6.3c-.2.2-.3.4-.3.7s.1.5.3.7c.2.2.4.3.7.3h11c.3 0 .5-.1.7-.3.2-.2.3-.5.3-.7s-.1-.5-.3-.7zM5.8 14.7l6.2 6.3 6.2-6.3c.2-.2.3-.5.3-.7s-.1-.5-.3-.7c-.2-.2-.4-.3-.7-.3h-11c-.3 0-.5.1-.7.3-.2.2-.3.5-.3.7s.1.5.3.7z\"\/><\/svg><\/span><\/span><\/span><\/a><\/span><\/div>\n<nav><ul class='ez-toc-list ez-toc-list-level-1' ><li class='ez-toc-page-1 ez-toc-heading-level-4'><a class=\"ez-toc-link ez-toc-heading-1\" href=\"https:\/\/pharma-chemical.com\/cs\/silver-liquid-mercury-price-per-gram\/#1_Caluanie_Muelear_Oxidize\" >1. Caluanie Muelear Oxidize<\/a><\/li><li class='ez-toc-page-1 ez-toc-heading-level-4'><a class=\"ez-toc-link ez-toc-heading-2\" href=\"https:\/\/pharma-chemical.com\/cs\/silver-liquid-mercury-price-per-gram\/#2_Red_Liquid_Mercury\" >2. \u010cerven\u00e1 tekut\u00e1 rtu\u0165<\/a><\/li><li class='ez-toc-page-1 ez-toc-heading-level-4'><a class=\"ez-toc-link ez-toc-heading-3\" href=\"https:\/\/pharma-chemical.com\/cs\/silver-liquid-mercury-price-per-gram\/#3_Silver_Liquid_Mercury\" >3. St\u0159\u00edbrn\u00e1 kapaln\u00e1 rtu\u0165<\/a><\/li><\/ul><\/nav><\/div>\n<h4 class=\"wp-block-heading\"><span class=\"ez-toc-section\" id=\"1_Caluanie_Muelear_Oxidize\"><\/span><strong>1. Caluanie Muelear Oxidize<\/strong><span class=\"ez-toc-section-end\"><\/span><\/h4>\n\n\n\n<figure class=\"wp-block-image size-full\"><img fetchpriority=\"high\" decoding=\"async\" width=\"600\" height=\"800\" src=\"https:\/\/pharma-chemical.com\/wp-content\/uploads\/2024\/12\/09d3e373-47e4-47b7-9bea-c693a84d072b-600x800-1-1.webp\" alt=\"\" class=\"wp-image-1816\" srcset=\"https:\/\/pharma-chemical.com\/wp-content\/uploads\/2024\/12\/09d3e373-47e4-47b7-9bea-c693a84d072b-600x800-1-1.webp 600w, https:\/\/pharma-chemical.com\/wp-content\/uploads\/2024\/12\/09d3e373-47e4-47b7-9bea-c693a84d072b-600x800-1-1-225x300.webp 225w\" sizes=\"(max-width: 600px) 100vw, 600px\" \/><\/figure>\n\n\n\n<p><strong>Caluanie Muelear Oxidize<\/strong> je siln\u00e1 chemick\u00e1 slou\u010denina, kter\u00e1 se \u0161iroce pou\u017e\u00edv\u00e1 v pr\u016fmyslov\u00fdch a komer\u010dn\u00edch aplikac\u00edch. Je zn\u00e1m\u00e1 pro svou vysokou \u00fa\u010dinnost a spolehlivost a hraje kl\u00ed\u010dovou roli v r\u016fzn\u00fdch pr\u016fmyslov\u00fdch odv\u011btv\u00edch, v\u010detn\u011b:<\/p>\n\n\n\n<ul class=\"wp-block-list\">\n<li><strong>Rafinace a zpracov\u00e1n\u00ed kov\u016f<\/strong>:<br>Kaluanie se b\u011b\u017en\u011b pou\u017e\u00edv\u00e1 k rozb\u00edjen\u00ed vazeb t\u011b\u017ek\u00fdch kov\u016f a zu\u0161lech\u0165ov\u00e1n\u00ed kovov\u00fdch povrch\u016f. Pom\u00e1h\u00e1 p\u0159i extrakci a \u010di\u0161t\u011bn\u00ed kov\u016f, tak\u017ee je nepostradateln\u00e1 v metalurgick\u00e9m pr\u016fmyslu.<\/li>\n\n\n\n<li><strong>Chemick\u00e1 v\u00fdroba<\/strong>:<br>Tato slou\u010denina se pou\u017e\u00edv\u00e1 p\u0159i v\u00fdrob\u011b speci\u00e1ln\u00edch chemik\u00e1li\u00ed a meziprodukt\u016f pro pr\u016fmyslov\u00e9 procesy. D\u00edky sv\u00fdm jedine\u010dn\u00fdm vlastnostem je vhodn\u00e1 k rozb\u00edjen\u00ed molekul\u00e1rn\u00edch vazeb a k pos\u00edlen\u00ed chemick\u00fdch reakc\u00ed.<\/li>\n\n\n\n<li><strong>Pr\u016fmyslov\u00e9 \u010di\u0161t\u011bn\u00ed<\/strong>:<br>Caluanie Muelear Oxidize je vysoce \u00fa\u010dinn\u00fd pr\u016fmyslov\u00fd \u010distic\u00ed prost\u0159edek pro odstra\u0148ov\u00e1n\u00ed odoln\u00fdch skvrn, mastnoty a ne\u010distot ze stroj\u016f a za\u0159\u00edzen\u00ed.<\/li>\n\n\n\n<li><strong>Gum\u00e1rensk\u00fd a plastik\u00e1\u0159sk\u00fd pr\u016fmysl<\/strong>:<br>Pou\u017e\u00edv\u00e1 se p\u0159i zpracov\u00e1n\u00ed pry\u017eov\u00fdch a plastov\u00fdch materi\u00e1l\u016f, usnad\u0148uje jejich rozklad a recyklaci.<\/li>\n\n\n\n<li><strong>Laboratorn\u00ed aplikace<\/strong>:<br>Pou\u017e\u00edv\u00e1 se ve v\u00fdzkumn\u00fdch a v\u00fdvojov\u00fdch laborato\u0159\u00edch pro testov\u00e1n\u00ed a anal\u00fdzu chemick\u00fdch reakc\u00ed d\u00edky sv\u00fdm oxida\u010dn\u00edm vlastnostem.<\/li>\n<\/ul>\n\n\n\n<h4 class=\"wp-block-heading\"><span class=\"ez-toc-section\" id=\"2_Red_Liquid_Mercury\"><\/span><strong>2. \u010cerven\u00e1 tekut\u00e1 rtu\u0165<\/strong><span class=\"ez-toc-section-end\"><\/span><\/h4>\n\n\n\n<figure class=\"wp-block-image size-full\"><img decoding=\"async\" width=\"750\" height=\"1000\" src=\"https:\/\/pharma-chemical.com\/wp-content\/uploads\/2024\/12\/mercury-1.webp\" alt=\"\" class=\"wp-image-1817\" srcset=\"https:\/\/pharma-chemical.com\/wp-content\/uploads\/2024\/12\/mercury-1.webp 750w, https:\/\/pharma-chemical.com\/wp-content\/uploads\/2024\/12\/mercury-1-600x800.webp 600w, https:\/\/pharma-chemical.com\/wp-content\/uploads\/2024\/12\/mercury-1-225x300.webp 225w\" sizes=\"(max-width: 750px) 100vw, 750px\" \/><\/figure>\n\n\n\n<p><strong>\u010cerven\u00e1 tekut\u00e1 rtu\u0165<\/strong> je vz\u00e1cn\u00e1 a kontroverzn\u00ed l\u00e1tka, kter\u00e1 je \u010dasto spojov\u00e1na se specializovan\u00fdmi pr\u016fmyslov\u00fdmi, l\u00e9ka\u0159sk\u00fdmi a obrann\u00fdmi aplikacemi. Mezi jej\u00ed potenci\u00e1ln\u00ed vyu\u017eit\u00ed pat\u0159\u00ed:<\/p>\n\n\n\n<ul class=\"wp-block-list\">\n<li><strong>Elektrick\u00e9 aplikace<\/strong>:<br>P\u0159edpokl\u00e1d\u00e1 se, \u017ee \u010derven\u00e1 kapaln\u00e1 rtu\u0165 se d\u00edky sv\u00fdm jedine\u010dn\u00fdm vodiv\u00fdm a tepeln\u00fdm vlastnostem pou\u017e\u00edv\u00e1 p\u0159i v\u00fdrob\u011b vysoce p\u0159esn\u00fdch elektrick\u00fdch sp\u00edna\u010d\u016f, rel\u00e9 a teplom\u011br\u016f.<\/li>\n\n\n\n<li><strong>Odv\u011btv\u00ed energetiky<\/strong>:<br>N\u011bkter\u00e9 zdroje nazna\u010duj\u00ed jeho pou\u017eit\u00ed v syst\u00e9mech v\u00fdroby energie, v\u010detn\u011b specializovan\u00fdch sou\u010d\u00e1st\u00ed pro jadern\u00e1 a termonukle\u00e1rn\u00ed za\u0159\u00edzen\u00ed.<\/li>\n\n\n\n<li><strong>Obrana a letectv\u00ed<\/strong>:<br>Historicky se spekuluje o vyu\u017eit\u00ed \u010derven\u00e9 kapaln\u00e9 rtuti v pokro\u010dil\u00fdch zbra\u0148ov\u00fdch syst\u00e9mech a leteck\u00e9m a kosmick\u00e9m in\u017een\u00fdrstv\u00ed, i kdy\u017e mnoho t\u011bchto informac\u00ed nen\u00ed ov\u011b\u0159eno a jsou p\u0159\u00edsn\u011b utajov\u00e1ny.<\/li>\n<\/ul>\n\n\n\n<p><strong>Pozn\u00e1mka<\/strong>: Pou\u017e\u00edv\u00e1n\u00ed \u010derven\u00e9 tekut\u00e9 rtuti podl\u00e9h\u00e1 p\u0159\u00edsn\u00fdm p\u0159edpis\u016fm a jej\u00ed leg\u00e1lnost a dostupnost se li\u0161\u00ed v z\u00e1vislosti na m\u00edstn\u00edch a mezin\u00e1rodn\u00edch z\u00e1konech.<\/p>\n\n\n\n<h4 class=\"wp-block-heading\"><span class=\"ez-toc-section\" id=\"3_Silver_Liquid_Mercury\"><\/span><strong>3. St\u0159\u00edbrn\u00e1 kapaln\u00e1 rtu\u0165<\/strong><span class=\"ez-toc-section-end\"><\/span><\/h4>\n\n\n\n<figure class=\"wp-block-image size-full\"><img decoding=\"async\" width=\"225\" height=\"225\" src=\"https:\/\/pharma-chemical.com\/wp-content\/uploads\/2024\/12\/silver33-1.webp\" alt=\"\" class=\"wp-image-1815\" srcset=\"https:\/\/pharma-chemical.com\/wp-content\/uploads\/2024\/12\/silver33-1.webp 225w, https:\/\/pharma-chemical.com\/wp-content\/uploads\/2024\/12\/silver33-1-100x100.webp 100w, https:\/\/pharma-chemical.com\/wp-content\/uploads\/2024\/12\/silver33-1-150x150.webp 150w\" sizes=\"(max-width: 225px) 100vw, 225px\" \/><\/figure>\n\n\n\n<p><strong>St\u0159\u00edbrn\u00e1 tekut\u00e1 rtu\u0165<\/strong>, zn\u00e1m\u00fd tak\u00e9 jako kovov\u00e1 rtu\u0165, je velmi univerz\u00e1ln\u00ed prvek s \u0161irokou \u0161k\u00e1lou pou\u017eit\u00ed v r\u016fzn\u00fdch pr\u016fmyslov\u00fdch odv\u011btv\u00edch. Jedn\u00e1 se o hust\u00fd, st\u0159\u00edb\u0159it\u011b zbarven\u00fd kapaln\u00fd kov, kter\u00fd z\u016fst\u00e1v\u00e1 p\u0159i pokojov\u00e9 teplot\u011b v kapaln\u00e9m stavu, co\u017e z n\u011bj \u010din\u00ed jedine\u010dn\u00fd a cenn\u00fd materi\u00e1l v n\u011bkolika oblastech:<\/p>\n\n\n\n<ul class=\"wp-block-list\">\n<li><strong>L\u00e9ka\u0159sk\u00e9 aplikace<\/strong>:<br>St\u0159\u00edbro Tekut\u00e1 rtu\u0165 se d\u00edky sv\u00e9 trvanlivosti a schopnosti spojovat se s jin\u00fdmi kovy pou\u017e\u00edv\u00e1 p\u0159i v\u00fdrob\u011b zubn\u00edch amalg\u00e1m\u016f pro v\u00fdpln\u011b zubn\u00edch kaz\u016f.<\/li>\n\n\n\n<li><strong>Pr\u016fmyslov\u00e9 vyu\u017eit\u00ed<\/strong>:\n<ul class=\"wp-block-list\">\n<li><strong>Teplom\u011bry a barometry<\/strong>: Pou\u017e\u00edv\u00e1 se v tradi\u010dn\u00edch teplom\u011brech, barometrech a manometrech pro p\u0159esn\u00e9 m\u011b\u0159en\u00ed teploty a tlaku.<\/li>\n\n\n\n<li><strong>Elektrick\u00e1 za\u0159\u00edzen\u00ed<\/strong>: D\u00edky sv\u00e9 vynikaj\u00edc\u00ed vodivosti se pou\u017e\u00edv\u00e1 ve sp\u00edna\u010d\u00edch, rel\u00e9 a n\u011bkter\u00fdch bateri\u00edch.<\/li>\n<\/ul>\n<\/li>\n\n\n\n<li><strong>T\u011b\u017eba zlata<\/strong>:<br>P\u0159i drobn\u00e9 t\u011b\u017eb\u011b zlata se rtu\u0165 pou\u017e\u00edv\u00e1 k amalgamov\u00e1n\u00ed \u010d\u00e1stic zlata, \u010d\u00edm\u017e se zefektiv\u0148uje proces extrakce. Toto pou\u017eit\u00ed je v\u0161ak z d\u016fvodu ochrany \u017eivotn\u00edho prost\u0159ed\u00ed p\u0159\u00edsn\u011b regulov\u00e1no.<\/li>\n\n\n\n<li><strong>Laboratorn\u00ed pou\u017eit\u00ed<\/strong>:<br>Rtu\u0165 se pro sv\u00e9 jedine\u010dn\u00e9 vlastnosti kapaliny p\u0159i pokojov\u00e9 teplot\u011b hojn\u011b vyu\u017e\u00edv\u00e1 ve v\u011bdeck\u00e9m v\u00fdzkumu, zejm\u00e9na p\u0159i chemick\u00fdch a fyzik\u00e1ln\u00edch experimentech.<\/li>\n\n\n\n<li><strong>Farmaceutick\u00fd pr\u016fmysl<\/strong>:<br>Historicky se rtu\u0165 pou\u017e\u00edvala p\u0159i v\u00fdrob\u011b n\u011bkter\u00fdch l\u00e9k\u016f a antiseptik, a\u010dkoli se od t\u011bchto aplikac\u00ed v sou\u010dasnosti z bezpe\u010dnostn\u00edch d\u016fvod\u016f z velk\u00e9 \u010d\u00e1sti ustupuje.<\/li>\n<\/ul>\n\n\n\n<h3 class=\"wp-block-heading\"><\/h3>","protected":false},"excerpt":{"rendered":"<p>1. Caluanie Muelear Oxidize Caluanie Muelear Oxidize is a powerful chemical compound widely used in industrial and commercial applications. Known for its high effectiveness and reliability, it plays a critical role in various industries, including: 2. Red Liquid Mercury Red Liquid Mercury is a rare and controversial substance often associated with specialized industrial, medical, and [&hellip;]<\/p>\n","protected":false},"author":1,"featured_media":1815,"parent":0,"menu_order":0,"comment_status":"closed","ping_status":"closed","template":"","meta":{"footnotes":""},"class_list":["post-1810","page","type-page","status-publish","has-post-thumbnail","hentry"],"blocksy_meta":[],"_links":{"self":[{"href":"https:\/\/pharma-chemical.com\/cs\/wp-json\/wp\/v2\/pages\/1810","targetHints":{"allow":["GET"]}}],"collection":[{"href":"https:\/\/pharma-chemical.com\/cs\/wp-json\/wp\/v2\/pages"}],"about":[{"href":"https:\/\/pharma-chemical.com\/cs\/wp-json\/wp\/v2\/types\/page"}],"author":[{"embeddable":true,"href":"https:\/\/pharma-chemical.com\/cs\/wp-json\/wp\/v2\/users\/1"}],"replies":[{"embeddable":true,"href":"https:\/\/pharma-chemical.com\/cs\/wp-json\/wp\/v2\/comments?post=1810"}],"version-history":[{"count":4,"href":"https:\/\/pharma-chemical.com\/cs\/wp-json\/wp\/v2\/pages\/1810\/revisions"}],"predecessor-version":[{"id":1849,"href":"https:\/\/pharma-chemical.com\/cs\/wp-json\/wp\/v2\/pages\/1810\/revisions\/1849"}],"wp:featuredmedia":[{"embeddable":true,"href":"https:\/\/pharma-chemical.com\/cs\/wp-json\/wp\/v2\/media\/1815"}],"wp:attachment":[{"href":"https:\/\/pharma-chemical.com\/cs\/wp-json\/wp\/v2\/media?parent=1810"}],"curies":[{"name":"wp","href":"https:\/\/api.w.org\/{rel}","templated":true}]}}