{"id":3,"date":"2024-11-14T23:22:02","date_gmt":"2024-11-14T23:22:02","guid":{"rendered":"https:\/\/pharma-chemical.com\/?page_id=3"},"modified":"2024-12-14T21:36:14","modified_gmt":"2024-12-14T21:36:14","slug":"privacy-policy-2","status":"publish","type":"page","link":"https:\/\/pharma-chemical.com\/cs\/privacy-policy-2\/","title":{"rendered":"Z\u00e1sady ochrany osobn\u00edch \u00fadaj\u016f"},"content":{"rendered":"<div id=\"ez-toc-container\" class=\"ez-toc-v2_0_82_2 counter-hierarchy ez-toc-counter ez-toc-grey ez-toc-container-direction\">\n<div class=\"ez-toc-title-container\">\n<p class=\"ez-toc-title\" style=\"cursor:inherit\">Obsah<\/p>\n<span class=\"ez-toc-title-toggle\"><a href=\"#\" class=\"ez-toc-pull-right ez-toc-btn ez-toc-btn-xs ez-toc-btn-default ez-toc-toggle\" aria-label=\"P\u0159epnut\u00ed tabulky obsahu\"><span class=\"ez-toc-js-icon-con\"><span class=\"\"><span class=\"eztoc-hide\" style=\"display:none;\">P\u0159ep\u00edna\u010d<\/span><span class=\"ez-toc-icon-toggle-span\"><svg style=\"fill: #999;color:#999\" xmlns=\"http:\/\/www.w3.org\/2000\/svg\" class=\"list-377408\" width=\"20px\" height=\"20px\" viewbox=\"0 0 24 24\" fill=\"none\"><path d=\"M6 6H4v2h2V6zm14 0H8v2h12V6zM4 11h2v2H4v-2zm16 0H8v2h12v-2zM4 16h2v2H4v-2zm16 0H8v2h12v-2z\" fill=\"currentColor\"><\/path><\/svg><svg style=\"fill: #999;color:#999\" class=\"arrow-unsorted-368013\" xmlns=\"http:\/\/www.w3.org\/2000\/svg\" width=\"10px\" height=\"10px\" viewbox=\"0 0 24 24\" version=\"1.2\" baseprofile=\"tiny\"><path d=\"M18.2 9.3l-6.2-6.3-6.2 6.3c-.2.2-.3.4-.3.7s.1.5.3.7c.2.2.4.3.7.3h11c.3 0 .5-.1.7-.3.2-.2.3-.5.3-.7s-.1-.5-.3-.7zM5.8 14.7l6.2 6.3 6.2-6.3c.2-.2.3-.5.3-.7s-.1-.5-.3-.7c-.2-.2-.4-.3-.7-.3h-11c-.3 0-.5.1-.7.3-.2.2-.3.5-.3.7s.1.5.3.7z\"\/><\/svg><\/span><\/span><\/span><\/a><\/span><\/div>\n<nav><ul class='ez-toc-list ez-toc-list-level-1' ><li class='ez-toc-page-1 ez-toc-heading-level-2'><a class=\"ez-toc-link ez-toc-heading-1\" href=\"https:\/\/pharma-chemical.com\/cs\/privacy-policy-2\/#Pharma-Chemical\" >Farmaceuticko-chemick\u00e9<\/a><ul class='ez-toc-list-level-3' ><li class='ez-toc-heading-level-3'><a class=\"ez-toc-link ez-toc-heading-2\" href=\"https:\/\/pharma-chemical.com\/cs\/privacy-policy-2\/#1_Information_We_Collect\" >1. Informace, kter\u00e9 shroma\u017e\u010fujeme<\/a><ul class='ez-toc-list-level-4' ><li class='ez-toc-heading-level-4'><a class=\"ez-toc-link ez-toc-heading-3\" href=\"https:\/\/pharma-chemical.com\/cs\/privacy-policy-2\/#11_Personal_Information\" >1.1 Osobn\u00ed \u00fadaje<\/a><\/li><li class='ez-toc-page-1 ez-toc-heading-level-4'><a class=\"ez-toc-link ez-toc-heading-4\" href=\"https:\/\/pharma-chemical.com\/cs\/privacy-policy-2\/#12_Non-Personal_Information\" >1.2 Neosobn\u00ed informace<\/a><\/li><\/ul><\/li><li class='ez-toc-page-1 ez-toc-heading-level-3'><a class=\"ez-toc-link ez-toc-heading-5\" href=\"https:\/\/pharma-chemical.com\/cs\/privacy-policy-2\/#2_How_We_Use_Your_Information\" >2. Jak pou\u017e\u00edv\u00e1me va\u0161e informace<\/a><\/li><li class='ez-toc-page-1 ez-toc-heading-level-3'><a class=\"ez-toc-link ez-toc-heading-6\" href=\"https:\/\/pharma-chemical.com\/cs\/privacy-policy-2\/#3_Sharing_of_Information\" >3. Sd\u00edlen\u00ed informac\u00ed<\/a><\/li><li class='ez-toc-page-1 ez-toc-heading-level-3'><a class=\"ez-toc-link ez-toc-heading-7\" href=\"https:\/\/pharma-chemical.com\/cs\/privacy-policy-2\/#4_Data_Security\" >4. Zabezpe\u010den\u00ed dat<\/a><\/li><li class='ez-toc-page-1 ez-toc-heading-level-3'><a class=\"ez-toc-link ez-toc-heading-8\" href=\"https:\/\/pharma-chemical.com\/cs\/privacy-policy-2\/#5_Your_Rights\" >5. Va\u0161e pr\u00e1va<\/a><\/li><li class='ez-toc-page-1 ez-toc-heading-level-3'><a class=\"ez-toc-link ez-toc-heading-9\" href=\"https:\/\/pharma-chemical.com\/cs\/privacy-policy-2\/#6_Cookies_and_Tracking_Technologies\" >6. Soubory cookie a sledovac\u00ed technologie<\/a><\/li><li class='ez-toc-page-1 ez-toc-heading-level-3'><a class=\"ez-toc-link ez-toc-heading-10\" href=\"https:\/\/pharma-chemical.com\/cs\/privacy-policy-2\/#7_Third-Party_Links\" >7. Odkazy t\u0159et\u00edch stran<\/a><\/li><li class='ez-toc-page-1 ez-toc-heading-level-3'><a class=\"ez-toc-link ez-toc-heading-11\" href=\"https:\/\/pharma-chemical.com\/cs\/privacy-policy-2\/#8_Updates_to_This_Policy\" >8. Aktualizace t\u011bchto z\u00e1sad<\/a><\/li><li class='ez-toc-page-1 ez-toc-heading-level-3'><a class=\"ez-toc-link ez-toc-heading-12\" href=\"https:\/\/pharma-chemical.com\/cs\/privacy-policy-2\/#9_Contact_Us\" >9. Kontaktujte n\u00e1s<\/a><\/li><\/ul><\/li><\/ul><\/nav><\/div>\n<h2 class=\"wp-block-heading\"><span class=\"ez-toc-section\" id=\"Pharma-Chemical\"><\/span> Farmaceuticko-chemick\u00e9<span class=\"ez-toc-section-end\"><\/span><\/h2>\n\n\n\n<p><strong>Z\u00e1sady ochrany osobn\u00edch \u00fadaj\u016f<\/strong><br>Datum \u00fa\u010dinnosti: 1. 1. 2010<\/p>\n\n\n\n<p>Spole\u010dnost Pharma-Chemical si v\u00e1\u017e\u00ed va\u0161eho soukrom\u00ed a zavazuje se chr\u00e1nit va\u0161e osobn\u00ed \u00fadaje. Tyto z\u00e1sady ochrany osobn\u00edch \u00fadaj\u016f vysv\u011btluj\u00ed, jak shroma\u017e\u010fujeme, pou\u017e\u00edv\u00e1me, zve\u0159ej\u0148ujeme a chr\u00e1n\u00edme va\u0161e \u00fadaje, kdy\u017e nav\u0161t\u00edv\u00edte na\u0161e webov\u00e9 str\u00e1nky nebo s n\u00e1mi spolupracujete. P\u0159e\u010dt\u011bte si pros\u00edm tyto z\u00e1sady pozorn\u011b, abyste porozum\u011bli na\u0161im postup\u016fm t\u00fdkaj\u00edc\u00edm se va\u0161ich osobn\u00edch \u00fadaj\u016f.<\/p>\n\n\n\n<h3 class=\"wp-block-heading\"><span class=\"ez-toc-section\" id=\"1_Information_We_Collect\"><\/span><strong>1. Informace, kter\u00e9 shroma\u017e\u010fujeme<\/strong><span class=\"ez-toc-section-end\"><\/span><\/h3>\n\n\n\n<p>M\u016f\u017eeme shroma\u017e\u010fovat n\u00e1sleduj\u00edc\u00ed typy informac\u00ed:<\/p>\n\n\n\n<h4 class=\"wp-block-heading\"><span class=\"ez-toc-section\" id=\"11_Personal_Information\"><\/span><strong>1.1 Osobn\u00ed \u00fadaje<\/strong><span class=\"ez-toc-section-end\"><\/span><\/h4>\n\n\n\n<ul class=\"wp-block-list\">\n<li>Jm\u00e9no, e-mailov\u00e1 adresa, telefonn\u00ed \u010d\u00edslo, faktura\u010dn\u00ed a dodac\u00ed adresa.<\/li>\n\n\n\n<li>N\u00e1zev spole\u010dnosti a pracovn\u00ed pozice (pokud je to relevantn\u00ed).<\/li>\n\n\n\n<li>Platebn\u00ed \u00fadaje pro transakce (bezpe\u010dn\u011b zpracovan\u00e9).<\/li>\n<\/ul>\n\n\n\n<h4 class=\"wp-block-heading\"><span class=\"ez-toc-section\" id=\"12_Non-Personal_Information\"><\/span><strong>1.2 Neosobn\u00ed informace<\/strong><span class=\"ez-toc-section-end\"><\/span><\/h4>\n\n\n\n<ul class=\"wp-block-list\">\n<li>Typ prohl\u00ed\u017ee\u010de, opera\u010dn\u00ed syst\u00e9m a IP adresa.<\/li>\n\n\n\n<li>Podrobnosti o va\u0161ich interakc\u00edch s na\u0161imi webov\u00fdmi str\u00e1nkami (nap\u0159. nav\u0161t\u00edven\u00e9 str\u00e1nky, str\u00e1ven\u00fd \u010das).<\/li>\n\n\n\n<li>Soubory cookie a podobn\u00e9 sledovac\u00ed technologie pro zlep\u0161en\u00ed u\u017eivatelsk\u00e9ho komfortu.<\/li>\n<\/ul>\n\n\n\n<h3 class=\"wp-block-heading\"><span class=\"ez-toc-section\" id=\"2_How_We_Use_Your_Information\"><\/span><strong>2. Jak pou\u017e\u00edv\u00e1me va\u0161e informace<\/strong><span class=\"ez-toc-section-end\"><\/span><\/h3>\n\n\n\n<p>Va\u0161e \u00fadaje pou\u017e\u00edv\u00e1me k:<\/p>\n\n\n\n<ul class=\"wp-block-list\">\n<li>Zpracov\u00e1vat objedn\u00e1vky a poskytovat informace o produktech.<\/li>\n\n\n\n<li>Odpov\u00eddat na va\u0161e dotazy a po\u017eadavky z\u00e1kaznick\u00e9ho servisu.<\/li>\n\n\n\n<li>Zajistit bezpe\u010dn\u00e9 a p\u0159esn\u00e9 transakce.<\/li>\n\n\n\n<li>zas\u00edl\u00e1n\u00ed aktualizac\u00ed o produktech, slu\u017eb\u00e1ch, propaga\u010dn\u00edch akc\u00edch nebo zm\u011bn\u00e1ch z\u00e1sad.<\/li>\n\n\n\n<li>Analyzovat pou\u017e\u00edv\u00e1n\u00ed webov\u00fdch str\u00e1nek s c\u00edlem zlep\u0161it na\u0161i nab\u00eddku.<\/li>\n<\/ul>\n\n\n\n<h3 class=\"wp-block-heading\"><span class=\"ez-toc-section\" id=\"3_Sharing_of_Information\"><\/span><strong>3. Sd\u00edlen\u00ed informac\u00ed<\/strong><span class=\"ez-toc-section-end\"><\/span><\/h3>\n\n\n\n<p>Va\u0161e osobn\u00ed \u00fadaje neprod\u00e1v\u00e1me, neobchodujeme s nimi ani je nepronaj\u00edm\u00e1me t\u0159et\u00edm stran\u00e1m. Va\u0161e \u00fadaje v\u0161ak m\u016f\u017eeme sd\u00edlet s d\u016fv\u011bryhodn\u00fdmi subjekty, jako jsou:<\/p>\n\n\n\n<ul class=\"wp-block-list\">\n<li>Zpracovatel\u00e9 plateb a poskytovatel\u00e9 p\u0159epravn\u00edch slu\u017eeb pro vy\u0159izov\u00e1n\u00ed objedn\u00e1vek.<\/li>\n\n\n\n<li>regula\u010dn\u00ed org\u00e1ny, pokud to vy\u017eaduj\u00ed pr\u00e1vn\u00ed p\u0159edpisy.<\/li>\n\n\n\n<li>Poskytovatel\u00e9 slu\u017eeb, kte\u0159\u00ed pom\u00e1haj\u00ed s \u00fadr\u017ebou webov\u00fdch str\u00e1nek a z\u00e1kaznickou podporou.<\/li>\n<\/ul>\n\n\n\n<h3 class=\"wp-block-heading\"><span class=\"ez-toc-section\" id=\"4_Data_Security\"><\/span><strong>4. Zabezpe\u010den\u00ed dat<\/strong><span class=\"ez-toc-section-end\"><\/span><\/h3>\n\n\n\n<p>K ochran\u011b va\u0161ich \u00fadaj\u016f uplat\u0148ujeme d\u016fkladn\u00e1 bezpe\u010dnostn\u00ed opat\u0159en\u00ed, v\u010detn\u011b \u0161ifrov\u00e1n\u00ed, firewall\u016f a zabezpe\u010den\u00fdch server\u016f. P\u0159esto\u017ee se sna\u017e\u00edme chr\u00e1nit va\u0161e osobn\u00ed \u00fadaje, \u017e\u00e1dn\u00fd zp\u016fsob p\u0159enosu p\u0159es internet nen\u00ed bezpe\u010dn\u00fd.<\/p>\n\n\n\n<h3 class=\"wp-block-heading\"><span class=\"ez-toc-section\" id=\"5_Your_Rights\"><\/span><strong>5. Va\u0161e pr\u00e1va<\/strong><span class=\"ez-toc-section-end\"><\/span><\/h3>\n\n\n\n<p>M\u00e1te pr\u00e1vo na:<\/p>\n\n\n\n<ul class=\"wp-block-list\">\n<li>P\u0159\u00edstup k va\u0161im osobn\u00edm \u00fadaj\u016fm, jejich aktualizace nebo odstran\u011bn\u00ed.<\/li>\n\n\n\n<li>Kdykoli se m\u016f\u017eete odhl\u00e1sit z marketingov\u00e9 komunikace.<\/li>\n\n\n\n<li>po\u017e\u00e1dat o kopii informac\u00ed, kter\u00e9 o v\u00e1s uchov\u00e1v\u00e1me.<\/li>\n<\/ul>\n\n\n\n<p>Chcete-li tato pr\u00e1va uplatnit, kontaktujte n\u00e1s na adrese info@pharma-chemical.com.<\/p>\n\n\n\n<h3 class=\"wp-block-heading\"><span class=\"ez-toc-section\" id=\"6_Cookies_and_Tracking_Technologies\"><\/span><strong>6. Soubory cookie a sledovac\u00ed technologie<\/strong><span class=\"ez-toc-section-end\"><\/span><\/h3>\n\n\n\n<p>Na\u0161e webov\u00e9 str\u00e1nky pou\u017e\u00edvaj\u00ed soubory cookie, aby zlep\u0161ily v\u00e1\u0161 z\u00e1\u017eitek. Soubory cookie m\u016f\u017eete v nastaven\u00ed prohl\u00ed\u017ee\u010de zak\u00e1zat, co\u017e v\u0161ak m\u016f\u017ee omezit n\u011bkter\u00e9 funkce na\u0161ich webov\u00fdch str\u00e1nek.<\/p>\n\n\n\n<h3 class=\"wp-block-heading\"><span class=\"ez-toc-section\" id=\"7_Third-Party_Links\"><\/span><strong>7. Odkazy t\u0159et\u00edch stran<\/strong><span class=\"ez-toc-section-end\"><\/span><\/h3>\n\n\n\n<p>Na\u0161e webov\u00e9 str\u00e1nky mohou obsahovat odkazy na webov\u00e9 str\u00e1nky t\u0159et\u00edch stran. Nejsme zodpov\u011bdn\u00ed za ochranu osobn\u00edch \u00fadaj\u016f ani za obsah t\u011bchto str\u00e1nek.<\/p>\n\n\n\n<h3 class=\"wp-block-heading\"><span class=\"ez-toc-section\" id=\"8_Updates_to_This_Policy\"><\/span><strong>8. Aktualizace t\u011bchto z\u00e1sad<\/strong><span class=\"ez-toc-section-end\"><\/span><\/h3>\n\n\n\n<p>Tyto z\u00e1sady ochrany osobn\u00edch \u00fadaj\u016f m\u016f\u017eeme \u010das od \u010dasu aktualizovat. Ve\u0161ker\u00e9 zm\u011bny budou zve\u0159ejn\u011bny na t\u00e9to str\u00e1nce s aktualizovan\u00fdm datem \u00fa\u010dinnosti. Doporu\u010dujeme v\u00e1m, abyste tyto z\u00e1sady pravideln\u011b kontrolovali.<\/p>\n\n\n\n<h3 class=\"wp-block-heading\"><span class=\"ez-toc-section\" id=\"9_Contact_Us\"><\/span><strong>9. Kontaktujte n\u00e1s<\/strong><span class=\"ez-toc-section-end\"><\/span><\/h3>\n\n\n\n<p>M\u00e1te-li dotazy nebo p\u0159ipom\u00ednky k t\u011bmto Z\u00e1sad\u00e1m ochrany osobn\u00edch \u00fadaj\u016f, kontaktujte n\u00e1s:<\/p>\n\n\n\n<ul class=\"wp-block-list\">\n<li><strong>E-mail<\/strong>: info@pharma-chemical.com<\/li>\n\n\n\n<li>\u010c\u00edslo WhatsApp: +1 (424) 242-5629<\/li>\n\n\n\n<li><strong>Adresa<\/strong>: Los Angeles, USA<\/li>\n<\/ul>\n\n\n\n<p>Tyto z\u00e1sady ochrany osobn\u00edch \u00fadaj\u016f zaji\u0161\u0165uj\u00ed transparentnost a d\u016fv\u011bru, tak\u017ee m\u016f\u017eete s d\u016fv\u011brou spolupracovat se spole\u010dnost\u00ed Pharma-Chemical. Dejte mi v\u011bd\u011bt, pokud byste cht\u011bli dal\u0161\u00ed podrobnosti nebo \u00fapravy.<\/p>","protected":false},"excerpt":{"rendered":"<p>Pharma-Chemical Privacy PolicyEffective Date: 01\/01\/2010 Pharma-Chemical values your privacy and is committed to protecting your personal information. This Privacy Policy explains how we collect, use, disclose, and safeguard your information when you visit our website or engage with us. Please read this policy carefully to understand our practices regarding your personal data. 1. Information We [&hellip;]<\/p>\n","protected":false},"author":1,"featured_media":0,"parent":0,"menu_order":0,"comment_status":"closed","ping_status":"open","template":"","meta":{"footnotes":""},"class_list":["post-3","page","type-page","status-publish","hentry"],"blocksy_meta":[],"_links":{"self":[{"href":"https:\/\/pharma-chemical.com\/cs\/wp-json\/wp\/v2\/pages\/3","targetHints":{"allow":["GET"]}}],"collection":[{"href":"https:\/\/pharma-chemical.com\/cs\/wp-json\/wp\/v2\/pages"}],"about":[{"href":"https:\/\/pharma-chemical.com\/cs\/wp-json\/wp\/v2\/types\/page"}],"author":[{"embeddable":true,"href":"https:\/\/pharma-chemical.com\/cs\/wp-json\/wp\/v2\/users\/1"}],"replies":[{"embeddable":true,"href":"https:\/\/pharma-chemical.com\/cs\/wp-json\/wp\/v2\/comments?post=3"}],"version-history":[{"count":1,"href":"https:\/\/pharma-chemical.com\/cs\/wp-json\/wp\/v2\/pages\/3\/revisions"}],"predecessor-version":[{"id":1792,"href":"https:\/\/pharma-chemical.com\/cs\/wp-json\/wp\/v2\/pages\/3\/revisions\/1792"}],"wp:attachment":[{"href":"https:\/\/pharma-chemical.com\/cs\/wp-json\/wp\/v2\/media?parent=3"}],"curies":[{"name":"wp","href":"https:\/\/api.w.org\/{rel}","templated":true}]}}