{"id":2001,"date":"2025-01-21T18:00:42","date_gmt":"2025-01-21T18:00:42","guid":{"rendered":"https:\/\/pharma-chemical.com\/?post_type=product&#038;p=2001"},"modified":"2025-01-21T18:02:34","modified_gmt":"2025-01-21T18:02:34","slug":"caluanie-muelear-oxidize-for-sale","status":"publish","type":"product","link":"https:\/\/pharma-chemical.com\/cs\/produkt\/caluanie-muelear-oxidize-for-sale\/","title":{"rendered":"Caluanie Muelear Oxidize na prodej"},"content":{"rendered":"<h3><strong>Caluanie Muelear Oxidize na prodej<\/strong><\/h3>\n<p>Spole\u010dnost Pharma Chemical je hrd\u00e1 na to, \u017ee je p\u0159edn\u00edm dodavatelem <a href=\"https:\/\/pharma-chemical.com\/cs\/culluanie-muelear-oxidize\/\"><strong>Caluanie Muelear Oxidize<\/strong><\/a> po cel\u00e9m sv\u011bt\u011b. D\u00edky v\u00edce ne\u017e desetilet\u00fdm zku\u0161enostem v chemick\u00e9m pr\u016fmyslu se sna\u017e\u00edme na\u0161im v\u00e1\u017een\u00fdm z\u00e1kazn\u00edk\u016fm poskytovat v\u00fdrobky prvot\u0159\u00eddn\u00ed kvality. D\u00edky na\u0161emu odhodl\u00e1n\u00ed poskytovat v\u00fdjime\u010dn\u00e9 slu\u017eby z\u00e1kazn\u00edk\u016fm a p\u0159\u00edsn\u00fdm standard\u016fm kvality jsme se stali d\u016fv\u011bryhodn\u00fdm a spolehliv\u00fdm zdrojem. V p\u0159\u00edpad\u011b dotaz\u016f ohledn\u011b n\u00e1kupu p\u0159\u00edpravku Caluanie Muelear Oxidize n\u00e1s nev\u00e1hejte kontaktovat - jsme v\u017edy p\u0159ipraveni v\u00e1m pomoci.<\/p>\n<h3><strong>Cenov\u011b dostupn\u00e9 ceny pro Caluanie Muelear Pasteurize<\/strong><\/h3>\n<p>Nab\u00edz\u00edme <a href=\"https:\/\/www.facebook.com\/61551201980445\/videos\/new-products\/292173877322675\/\" target=\"_blank\" rel=\"noopener\"><strong>Caluanie Muelear Pasteurize<\/strong><\/a>, vysoce kvalitn\u00ed pr\u016fmyslov\u00e9 rozpou\u0161t\u011bdlo za konkurenceschopn\u00e9 ceny, kter\u00e9 spl\u0148uj\u00ed pot\u0159eby podnik\u016f v\u0161ech velikost\u00ed. Na\u0161e nab\u00eddka velikost\u00ed kontejner\u016f v\u00e1m umo\u017en\u00ed vybrat si mno\u017estv\u00ed, kter\u00e9 nejl\u00e9pe vyhovuje va\u0161im provozn\u00edm po\u017eadavk\u016fm a rozpo\u010dtu. D\u00edky kombinaci cenov\u00e9 dostupnosti s v\u00fdjime\u010dnou kvalitou produktu je na\u0161e Caluanie Muelear Pasteurize ide\u00e1ln\u00edm \u0159e\u0161en\u00edm pro podniky, kter\u00e9 hledaj\u00ed \u00fa\u010dinn\u00e1 a spolehliv\u00e1 rozpou\u0161t\u011bdla pro sv\u00e9 provozy.<\/p>\n<h3><strong>Jak koupit Caluanie Muelear Oxidize online<\/strong><\/h3>\n<p>Ve spole\u010dnosti Refined Industrial Chemicals jsme zjednodu\u0161ili proces objedn\u00e1v\u00e1n\u00ed, abychom na\u0161im z\u00e1kazn\u00edk\u016fm zajistili pohodln\u00fd a bezpe\u010dn\u00fd z\u00e1\u017eitek. Zde se dozv\u00edte, jak m\u016f\u017eete objedn\u00e1vat: Caluanie Muelear Oxidize na prodej<\/p>\n<ol>\n<li><strong>Nav\u0161tivte na\u0161e webov\u00e9 str\u00e1nky<\/strong>: P\u0159ejd\u011bte na ofici\u00e1ln\u00ed webov\u00e9 str\u00e1nky spole\u010dnosti Refined Industrial Chemicals a ujist\u011bte se, \u017ee p\u0159istupujete na legitimn\u00ed platformu. Tento krok pom\u00e1h\u00e1 chr\u00e1nit v\u00e1\u0161 n\u00e1kup a vyhnout se pad\u011blan\u00fdm webov\u00fdm str\u00e1nk\u00e1m.<\/li>\n<li><strong>Prohl\u00e9dn\u011bte si n\u00e1\u0161 katalog<\/strong>: Projd\u011bte si n\u00e1\u0161 katalog produkt\u016f, prohl\u00e9dn\u011bte si dostupn\u00e9 mo\u017enosti a vyberte si po\u017eadovan\u00e9 mno\u017estv\u00ed produktu Caluanie Muelear Oxidize.<\/li>\n<li><strong>P\u0159idat do ko\u0161\u00edku<\/strong>: Jakmile si vyberete, p\u0159idejte produkt do virtu\u00e1ln\u00edho ko\u0161\u00edku a potvr\u010fte sv\u016fj v\u00fdb\u011br.<\/li>\n<li><strong>P\u0159ejd\u011bte k pokladn\u011b<\/strong>: Zkontrolujte svou objedn\u00e1vku u pokladny a vyberte bezpe\u010dn\u00fd zp\u016fsob platby. Nab\u00edz\u00edme d\u016fv\u011bryhodn\u00e9 mo\u017enosti, v\u010detn\u011b Bitcoinu a bankovn\u00edho p\u0159evodu.<\/li>\n<li><strong>Poskytnut\u00ed informac\u00ed o p\u0159eprav\u011b<\/strong>: Zadejte pot\u0159ebn\u00e9 p\u0159epravn\u00ed \u00fadaje, abyste zajistili hladk\u00e9 a p\u0159esn\u00e9 doru\u010den\u00ed na v\u00e1mi zvolenou adresu.<\/li>\n<li><strong>Potvrzen\u00ed objedn\u00e1vky<\/strong>: Po dokon\u010den\u00ed platby obdr\u017e\u00edte e-mail s potvrzen\u00edm \u00fadaj\u016f o objedn\u00e1vce. Toto potvrzen\u00ed slou\u017e\u00ed jako va\u0161e \u00fa\u010dtenka. Caluanie Muelear Oxidize na prodej<\/li>\n<\/ol>\n<h3><strong>Rychl\u00e1 a spolehliv\u00e1 p\u0159eprava<\/strong><\/h3>\n<p>Ch\u00e1peme d\u016fle\u017eitost rychl\u00e9ho dod\u00e1n\u00ed. Proto nab\u00edz\u00edme efektivn\u00ed a bezpe\u010dn\u00e9 mo\u017enosti p\u0159epravy, abychom zajistili, \u017ee v\u00e1\u0161 bal\u00ed\u010dek doraz\u00ed v\u010das a v perfektn\u00edm stavu. Bezpe\u010dn\u00e9 a rychl\u00e9 doru\u010den\u00ed va\u0161\u00ed objedn\u00e1vky je na\u0161\u00ed nejvy\u0161\u0161\u00ed prioritou. Caluanie Muelear Oxidize na prodej<\/p>\n<p>Pro v\u00edce informac\u00ed nebo pomoc s objedn\u00e1vkou n\u00e1s m\u016f\u017eete kdykoli kontaktovat.<\/p>\n<p>&nbsp;<\/p>","protected":false},"excerpt":{"rendered":"<p>Caluanie Muelear Oxidize for Sale Pharma Chemical is proud to be a leading supplier of Caluanie Muelear Oxidize worldwide. With over a decade of experience in the chemical industry, we are committed to providing premium-quality products to our valued clients. Our dedication to exceptional customer service and rigorous quality standards has established us as a [&hellip;]<\/p>\n","protected":false},"featured_media":2002,"comment_status":"open","ping_status":"closed","template":"","meta":[],"product_brand":[],"product_cat":[29,28],"product_tag":[32,33,34,35,36,37,38],"class_list":{"0":"post-2001","1":"product","2":"type-product","3":"status-publish","4":"has-post-thumbnail","6":"product_cat-caluanie-muelear-oxidize","7":"product_cat-general","8":"product_tag-buy-caluanie-muelear-oxidize-online","9":"product_tag-caluanie-for-sale","10":"product_tag-caluanie-muelear-oxidize-buy","11":"product_tag-caluanie-muelear-oxidize-price","12":"product_tag-caluanie-muelear-oxidize-usa","13":"product_tag-caluanie-price","14":"product_tag-muelear-oxidize-price","16":"first","17":"instock","18":"sale","19":"shipping-taxable","20":"purchasable","21":"product-type-variable"},"_links":{"self":[{"href":"https:\/\/pharma-chemical.com\/cs\/wp-json\/wp\/v2\/product\/2001","targetHints":{"allow":["GET"]}}],"collection":[{"href":"https:\/\/pharma-chemical.com\/cs\/wp-json\/wp\/v2\/product"}],"about":[{"href":"https:\/\/pharma-chemical.com\/cs\/wp-json\/wp\/v2\/types\/product"}],"replies":[{"embeddable":true,"href":"https:\/\/pharma-chemical.com\/cs\/wp-json\/wp\/v2\/comments?post=2001"}],"wp:featuredmedia":[{"embeddable":true,"href":"https:\/\/pharma-chemical.com\/cs\/wp-json\/wp\/v2\/media\/2002"}],"wp:attachment":[{"href":"https:\/\/pharma-chemical.com\/cs\/wp-json\/wp\/v2\/media?parent=2001"}],"wp:term":[{"taxonomy":"product_brand","embeddable":true,"href":"https:\/\/pharma-chemical.com\/cs\/wp-json\/wp\/v2\/product_brand?post=2001"},{"taxonomy":"product_cat","embeddable":true,"href":"https:\/\/pharma-chemical.com\/cs\/wp-json\/wp\/v2\/product_cat?post=2001"},{"taxonomy":"product_tag","embeddable":true,"href":"https:\/\/pharma-chemical.com\/cs\/wp-json\/wp\/v2\/product_tag?post=2001"}],"curies":[{"name":"wp","href":"https:\/\/api.w.org\/{rel}","templated":true}]}}