{"id":2006,"date":"2025-01-22T10:43:24","date_gmt":"2025-01-22T10:43:24","guid":{"rendered":"https:\/\/pharma-chemical.com\/?post_type=product&#038;p=2006"},"modified":"2025-01-22T10:47:12","modified_gmt":"2025-01-22T10:47:12","slug":"wholesale-caluanie-muelear-oxidize","status":"publish","type":"product","link":"https:\/\/pharma-chemical.com\/cs\/produkt\/wholesale-caluanie-muelear-oxidize\/","title":{"rendered":"Velkoobchod Caluanie Muelear Oxidize"},"content":{"rendered":"<p><strong>Pharma Chemical: P\u0159edn\u00ed dodavatel Caluanie Muelear Oxidize<\/strong><\/p>\n<p class=\"serp-title\">Velkoobchod Caluanie Muelear Oxidize, Pharma Chemical je nesm\u00edrn\u011b hrd\u00fd na to, \u017ee je p\u0159edn\u00edm dodavatelem <a href=\"https:\/\/pharma-chemical.com\/cs\/\"><strong>Caluanie Muelear Oxidize<\/strong><\/a> po cel\u00e9m sv\u011bt\u011b. D\u00edky v\u00edce ne\u017e desetilet\u00fdm zku\u0161enostem v oboru jsme odhodl\u00e1ni dod\u00e1vat na\u0161im v\u00e1\u017een\u00fdm klient\u016fm po cel\u00e9m sv\u011bt\u011b v\u00fdrobky \u0161pi\u010dkov\u00e9 kvality. Na\u0161e pov\u011bst d\u016fv\u011bryhodn\u00e9ho a spolehliv\u00e9ho zdroje je postavena na z\u00e1kladech v\u00fdjime\u010dn\u00e9ho z\u00e1kaznick\u00e9ho servisu a p\u0159\u00edsn\u00fdch standard\u016f kontroly kvality.<\/p>\n<p>Pokud m\u00e1te z\u00e1jem o koupi p\u0159\u00edpravku Caluanie Muelear Oxidize, nev\u00e1hejte n\u00e1s kontaktovat. N\u00e1\u0161 t\u00fdm je v\u017edy p\u0159ipraven poskytnout pomoc a zodpov\u011bd\u011bt jak\u00e9koli dotazy.<\/p>\n<h3><strong>Velkoobchodn\u00ed ceny pro Caluanie Muelear Pasteurize<\/strong><\/h3>\n<p>Nab\u00edz\u00edme <strong>Caluanie Muelear Pasteurize<\/strong>, prvot\u0159\u00eddn\u00ed pr\u016fmyslov\u00e9 rozpou\u0161t\u011bdlo, za vysoce konkuren\u010dn\u00ed ceny p\u0159izp\u016fsoben\u00e9 podnik\u016fm v\u0161ech velikost\u00ed. D\u00edky \u0159ad\u011b dostupn\u00fdch velikost\u00ed kontejner\u016f si m\u016f\u017eete snadno vybrat mno\u017estv\u00ed, kter\u00e9 vyhovuje va\u0161im provozn\u00edm pot\u0159eb\u00e1m, a z\u00e1rove\u0148 se vej\u00edt do sv\u00e9ho rozpo\u010dtu. Velkoobchodn\u00ed prodej Caluanie Muelear Oxidize<\/p>\n<p>D\u00edky na\u0161emu z\u00e1vazku kombinovat cenovou dostupnost s vynikaj\u00edc\u00ed kvalitou v\u00fdrobk\u016f je na\u0161e <a href=\"https:\/\/www.globalsources.com\/Industrial-chemical\/Caluanie-Muelear-Oxidize-1215802325p.htm\" target=\"_blank\" rel=\"noopener\">Caluanie Muelear<\/a> Pasteurize je dokonal\u00fdm \u0159e\u0161en\u00edm pro podniky, kter\u00e9 pot\u0159ebuj\u00ed spolehliv\u00e1 a \u00fa\u010dinn\u00e1 rozpou\u0161t\u011bdla pro zefektivn\u011bn\u00ed sv\u00fdch provoz\u016f.<\/p>\n<h3><strong>Jak koupit Caluanie Muelear Oxidize ve velk\u00e9m online<\/strong><\/h3>\n<p>Ve spole\u010dnosti Pharma Chemical jsme navrhli bezpe\u010dn\u00fd a u\u017eivatelsky p\u0159\u00edv\u011btiv\u00fd objedn\u00e1vkov\u00fd syst\u00e9m, kter\u00fd zjednodu\u0161uje proces n\u00e1kupu p\u0159\u00edpravku Caluanie Muelear Oxidize. Zde je n\u00e1vod, jak zadat objedn\u00e1vku:<\/p>\n<ol>\n<li><strong>Nav\u0161tivte na\u0161e ofici\u00e1ln\u00ed webov\u00e9 str\u00e1nky<\/strong>: Nejprve p\u0159ejd\u011bte na webov\u00e9 str\u00e1nky spole\u010dnosti Refined Industrial Chemicals, abyste se ujistili, \u017ee jste na legitimn\u00ed platform\u011b. Tento krok chr\u00e1n\u00ed v\u00e1\u0161 n\u00e1kup a pom\u00e1h\u00e1 vyhnout se pad\u011blan\u00fdm webov\u00fdm str\u00e1nk\u00e1m.<\/li>\n<li><strong>Prozkoumejte katalog produkt\u016f<\/strong>: Projd\u011bte si na\u0161i nab\u00eddku produkt\u016f a najd\u011bte mo\u017enosti a mno\u017estv\u00ed, kter\u00e9 nejl\u00e9pe vyhovuj\u00ed va\u0161im pot\u0159eb\u00e1m.<\/li>\n<li><strong>P\u0159idat do ko\u0161\u00edku<\/strong>: Po v\u00fdb\u011bru po\u017eadovan\u00fdch produkt\u016f je p\u0159idejte do ko\u0161\u00edku a potvr\u010fte sv\u016fj v\u00fdb\u011br, ne\u017e p\u0159ejdete k pokladn\u011b.<\/li>\n<li><strong>P\u0159ejd\u011bte k pokladn\u011b<\/strong>: U pokladny si prohl\u00e9dn\u011bte svou objedn\u00e1vku a zvolte bezpe\u010dn\u00fd zp\u016fsob platby. Nab\u00edz\u00edme d\u016fv\u011bryhodn\u00e9 mo\u017enosti, v\u010detn\u011b Bitcoin, Zelle a bankovn\u00edch p\u0159evod\u016f.<\/li>\n<li><strong>Poskytnut\u00ed informac\u00ed o p\u0159eprav\u011b<\/strong>: Zadejte po\u017eadovan\u00e9 p\u0159epravn\u00ed \u00fadaje v\u010detn\u011b dodac\u00ed adresy, aby bylo zaji\u0161t\u011bno bezprobl\u00e9mov\u00e9 a p\u0159esn\u00e9 doru\u010den\u00ed.<\/li>\n<li><strong>Potvrzen\u00ed objedn\u00e1vky<\/strong>: Po dokon\u010den\u00ed platby obdr\u017e\u00edte e-mailov\u00e9 potvrzen\u00ed s \u00fadaji o objedn\u00e1vce. To slou\u017e\u00ed jako potvrzen\u00ed a ov\u011b\u0159en\u00ed n\u00e1kupu. Velkoobchodn\u00ed prodej Caluanie Muelear Oxidize<\/li>\n<\/ol>\n<h3><strong>Spolehliv\u00e1 p\u0159eprava a doru\u010den\u00ed<\/strong><\/h3>\n<p>Ch\u00e1peme d\u016fle\u017eitost v\u010dasn\u00fdch dod\u00e1vek a zavazujeme se poskytovat rychl\u00e9 a spolehliv\u00e9 p\u0159epravn\u00ed slu\u017eby. Na\u0161e procesy jsou navr\u017eeny tak, aby zajistily, \u017ee v\u00e1\u0161 bal\u00ed\u010dek doraz\u00ed bezpe\u010dn\u011b a v\u010das p\u0159\u00edmo k v\u00e1m dom\u016f.<\/p>\n<p>Pro dal\u0161\u00ed informace nebo pomoc s objedn\u00e1vkou n\u00e1s nev\u00e1hejte kontaktovat. Va\u0161e spokojenost je pro n\u00e1s prioritou.<\/p>\n<p>&nbsp;<\/p>","protected":false},"excerpt":{"rendered":"<p>Pharma Chemical: Leading Supplier of Caluanie Muelear Oxidize Wholesale Caluanie Muelear Oxidize, Pharma Chemical takes immense pride in being a premier supplier of Caluanie Muelear Oxidize worldwide. With over a decade of industry experience, we are committed to delivering top-quality products to our valued clients across the globe. Our reputation as a trusted and dependable [&hellip;]<\/p>\n","protected":false},"featured_media":2007,"comment_status":"open","ping_status":"closed","template":"","meta":[],"product_brand":[],"product_cat":[29,28],"product_tag":[39,40,41,42,43,44],"class_list":{"0":"post-2006","1":"product","2":"type-product","3":"status-publish","4":"has-post-thumbnail","6":"product_cat-caluanie-muelear-oxidize","7":"product_cat-general","8":"product_tag-100l-caluanie","9":"product_tag-20l-caluanie","10":"product_tag-50l-caluanie","11":"product_tag-caluanie-in-bulk","12":"product_tag-caluanie-manufacturer","13":"product_tag-wlolesale-caluanie","15":"first","16":"instock","17":"sale","18":"shipping-taxable","19":"purchasable","20":"product-type-variable"},"_links":{"self":[{"href":"https:\/\/pharma-chemical.com\/cs\/wp-json\/wp\/v2\/product\/2006","targetHints":{"allow":["GET"]}}],"collection":[{"href":"https:\/\/pharma-chemical.com\/cs\/wp-json\/wp\/v2\/product"}],"about":[{"href":"https:\/\/pharma-chemical.com\/cs\/wp-json\/wp\/v2\/types\/product"}],"replies":[{"embeddable":true,"href":"https:\/\/pharma-chemical.com\/cs\/wp-json\/wp\/v2\/comments?post=2006"}],"wp:featuredmedia":[{"embeddable":true,"href":"https:\/\/pharma-chemical.com\/cs\/wp-json\/wp\/v2\/media\/2007"}],"wp:attachment":[{"href":"https:\/\/pharma-chemical.com\/cs\/wp-json\/wp\/v2\/media?parent=2006"}],"wp:term":[{"taxonomy":"product_brand","embeddable":true,"href":"https:\/\/pharma-chemical.com\/cs\/wp-json\/wp\/v2\/product_brand?post=2006"},{"taxonomy":"product_cat","embeddable":true,"href":"https:\/\/pharma-chemical.com\/cs\/wp-json\/wp\/v2\/product_cat?post=2006"},{"taxonomy":"product_tag","embeddable":true,"href":"https:\/\/pharma-chemical.com\/cs\/wp-json\/wp\/v2\/product_tag?post=2006"}],"curies":[{"name":"wp","href":"https:\/\/api.w.org\/{rel}","templated":true}]}}