{"id":2012,"date":"2025-01-22T12:05:04","date_gmt":"2025-01-22T12:05:04","guid":{"rendered":"https:\/\/pharma-chemical.com\/?post_type=product&#038;p=2012"},"modified":"2025-01-22T12:11:18","modified_gmt":"2025-01-22T12:11:18","slug":"pure-red-liquid-mercury","status":"publish","type":"product","link":"https:\/\/pharma-chemical.com\/cs\/produkt\/pure-red-liquid-mercury\/","title":{"rendered":"Koupit 99.9% \u010cist\u00e1 \u010derven\u00e1 tekut\u00e1 rtu\u0165"},"content":{"rendered":"<p>\u010cervenou rtu\u0165 m\u00e1me k dispozici ve velk\u00e9m mno\u017estv\u00ed a 90% na\u0161eho produktu je ur\u010deno na v\u00fdvoz. Na\u0161e \u010derven\u00e1 <a href=\"https:\/\/pharma-chemical.com\/cs\/\">kapaln\u00e1 rtu\u0165<\/a> spl\u0148uje normy mezin\u00e1rodn\u00edch standard\u016f a na\u0161e v\u00fdrobky jsou vysoce doporu\u010dov\u00e1ny, prod\u00e1v\u00e1me za zv\u00fdhodn\u011bnou cenu.<\/p>\n<p>SPECIFIKACE<\/p>\n<p>- Prime Red kapaln\u00e1 rtu\u0165 = 99,9999% \u010cist\u00e1 hmotnost min.<br \/>\n- Neobsahuje t\u011b\u017ek\u00e9 kovy<br \/>\n- Balen\u00ed \u017eelezn\u00e9ho v\u00e1lce ( 34,5)kg \u010dist\u00e9 hmotnosti<br \/>\n- Fyzick\u00fd stav: Kapaln\u00fd<br \/>\n- Vzhled: \u010cerven\u00e1<br \/>\n- Z\u00e1pach: bez z\u00e1pachu<br \/>\n- PH: Nen\u00ed k dispozici.<br \/>\n- Tlak par: 0,002 mm Hg p\u0159i 25C<br \/>\n- Hustota par: 7,0<br \/>\n- Rychlost odpa\u0159ov\u00e1n\u00ed: Nen\u00ed k dispozici.<br \/>\n- Viskozita: 15,5 mPat 25 dig C<br \/>\n- Bod varu: 356,72 dig C<br \/>\n- Bod tuhnut\u00ed\/topen\u00ed: -38,87 dig C<br \/>\n- Teplota rozkladu: Nen\u00ed k dispozici.<br \/>\n- Rozpustnost: Rozpustnost: Nerozpustn\u00fd.<br \/>\n- Specifick\u00e1 hmotnost\/hustota: 13,59 (voda=1)<br \/>\n- Molekul\u00e1rn\u00ed vzorec :Hg<br \/>\n- Molekulov\u00e1 hmotnost: 200,59<\/p>\n<p>\u010cist\u00e1 \u010derven\u00e1 rtu\u0165 na prodej: velkoobchod a maloobchod, diskr\u00e9tn\u00ed\/rychl\u00e1 doprava po cel\u00e9m sv\u011bt\u011b. Dostupn\u00e9 produkty : \u010dist\u00e1 \u010derven\u00e1 rtu\u0165, cinabar, oxid antimonit\u00fd. Dod\u00e1v\u00e1me vysoce kvalitn\u00ed a dokonale slo\u017eenou \u010distou \u010dervenou tekutou rtu\u0165 online za levn\u00e9 a dostupn\u00e9 ceny.<\/p>\n<p>Jsme pr\u00e9miov\u00fd velkoobchodn\u00edk a maloobchodn\u00edk s \u010distou \u010dervenou rtut\u00ed online. Dod\u00e1v\u00e1me \u010distou \u010dervenou tekutou rtu\u0165 skv\u011bl\u00e9 kvality. Na\u0161e \u010dist\u00e1 \u010derven\u00e1 kapaln\u00e1 rtu\u0165 je velmi \u017e\u00e1dan\u00e1 v pr\u016fmyslov\u00fdch odv\u011btv\u00edch po cel\u00e9m sv\u011bt\u011b k v\u00fdrob\u011b \u0161irok\u00e9 \u0161k\u00e1ly produkt\u016f. Jedn\u00e1 se o vysoce kvalitn\u00ed a dokonale slo\u017eenou \u010distou <a href=\"https:\/\/www.facebook.com\/100063770243469\/videos\/red-mercury-for-sale-1-red-mercury-2020-usd-2600-gram2-red-mercury-2727-usd-1600\/708125817167398\/?locale=ms_MY\" target=\"_blank\" rel=\"noopener\">\u010cerven\u00e1 tekut\u00e1 rtu\u0165<\/a>. Pure Red Mercury dod\u00e1v\u00e1 po cel\u00e9m sv\u011bt\u011b s 100% z\u00e1rukou v\u010dasn\u00e9ho dod\u00e1n\u00ed produktu.<br \/>\nIntenzita \u010derven\u00e9 rtuti je velmi vysok\u00e1 20,2 g\/cm3.<br \/>\nTato kapalina Hg2 Sb207 je materi\u00e1lem vojensk\u00fdch laborato\u0159\u00ed:<br \/>\nOxid rtu\u0165nat\u00fd antimonit\u00fd<br \/>\nDal\u0161\u00ed n\u00e1zev: T\u0159e\u0161\u0148ov\u011b \u010derven\u00e1 tekut\u00e1 rtu\u0165<br \/>\nVzorec: Sb2O7Hg2<br \/>\nVzhled: T\u0159e\u0161\u0148ov\u011b \u010derven\u00e1 kovov\u00e1 kapalina<\/p>\n<p>DAL\u0160\u00cd SPECIFIKACE<br \/>\nRadiace: 0.794<br \/>\nHodnota teplotn\u00ed linie: 160,87<br \/>\nReakce VHTC mp: 1.024<br \/>\nK reakci: 0.00016<br \/>\nReakce P: 9 000-8 000<br \/>\nReakce VDSA: 0,30-0,29<br \/>\nHodnota gama: 0,026<br \/>\nBod varu: 356,720<br \/>\nMG: 196,01 + _0,02\/moi obsah vody<br \/>\nForma: Tekut\u00fd svitek<br \/>\nBarva: T\u0159e\u0161\u0148ov\u011b \u010derven\u00e1<br \/>\nMol\u00e1rn\u00ed hmotnost: 756,7002 g\/mol<\/p>","protected":false},"excerpt":{"rendered":"<p>We have available Red Mercury in great quantities and 90% of our product is for exportation. Our Red liquid Mercury meets the norms of international standards and our products are highly recommended ,We sell at a discount price. SPECIFICATION &#8211; Prime Red liquid Mercury = 99.9999% Pure by wt min. &#8211; Free from heavy metals [&hellip;]<\/p>\n","protected":false},"featured_media":2022,"comment_status":"open","ping_status":"closed","template":"","meta":[],"product_brand":[],"product_cat":[30,28],"product_tag":[45,46,49,50,47,48],"class_list":{"0":"post-2012","1":"product","2":"type-product","3":"status-publish","4":"has-post-thumbnail","6":"product_cat-red-liquid-mercury","7":"product_cat-general","8":"product_tag-buy-99-9-pure-red-liquid-mercury","9":"product_tag-buy-pure-red-liquid-mercury","10":"product_tag-liquid-mercury","11":"product_tag-mercury","12":"product_tag-pure-red-liquid-mercury","13":"product_tag-red-liquid-mercury","15":"first","16":"instock","17":"sale","18":"shipping-taxable","19":"purchasable","20":"product-type-variable"},"_links":{"self":[{"href":"https:\/\/pharma-chemical.com\/cs\/wp-json\/wp\/v2\/product\/2012","targetHints":{"allow":["GET"]}}],"collection":[{"href":"https:\/\/pharma-chemical.com\/cs\/wp-json\/wp\/v2\/product"}],"about":[{"href":"https:\/\/pharma-chemical.com\/cs\/wp-json\/wp\/v2\/types\/product"}],"replies":[{"embeddable":true,"href":"https:\/\/pharma-chemical.com\/cs\/wp-json\/wp\/v2\/comments?post=2012"}],"wp:featuredmedia":[{"embeddable":true,"href":"https:\/\/pharma-chemical.com\/cs\/wp-json\/wp\/v2\/media\/2022"}],"wp:attachment":[{"href":"https:\/\/pharma-chemical.com\/cs\/wp-json\/wp\/v2\/media?parent=2012"}],"wp:term":[{"taxonomy":"product_brand","embeddable":true,"href":"https:\/\/pharma-chemical.com\/cs\/wp-json\/wp\/v2\/product_brand?post=2012"},{"taxonomy":"product_cat","embeddable":true,"href":"https:\/\/pharma-chemical.com\/cs\/wp-json\/wp\/v2\/product_cat?post=2012"},{"taxonomy":"product_tag","embeddable":true,"href":"https:\/\/pharma-chemical.com\/cs\/wp-json\/wp\/v2\/product_tag?post=2012"}],"curies":[{"name":"wp","href":"https:\/\/api.w.org\/{rel}","templated":true}]}}