{"id":2023,"date":"2025-01-22T13:23:35","date_gmt":"2025-01-22T13:23:35","guid":{"rendered":"https:\/\/pharma-chemical.com\/?post_type=product&#038;p=2023"},"modified":"2025-01-22T14:04:23","modified_gmt":"2025-01-22T14:04:23","slug":"pure-silver-liquid-mercury","status":"publish","type":"product","link":"https:\/\/pharma-chemical.com\/cs\/produkt\/pure-silver-liquid-mercury\/","title":{"rendered":"\u010cist\u00e9 st\u0159\u00edbro kapaln\u00e1 rtu\u0165"},"content":{"rendered":"<p>We have available silver Mercury in great quantities and 90% of our product is for exportation. Our silver <a href=\"https:\/\/pharma-chemical.com\/cs\/\">kapaln\u00e1 rtu\u0165<\/a> spl\u0148uje normy mezin\u00e1rodn\u00edch standard\u016f a na\u0161e v\u00fdrobky jsou vysoce doporu\u010dov\u00e1ny, prod\u00e1v\u00e1me za zv\u00fdhodn\u011bnou cenu.<\/p>\n<h2>SPECIFICATION ( Pure silver liquid Mercury)<\/h2>\n<p>&#8211; Prime silver liquid Mercury = 99.9999% Pure by wt min.<br \/>\n- Neobsahuje t\u011b\u017ek\u00e9 kovy<br \/>\n- Balen\u00ed \u017eelezn\u00e9ho v\u00e1lce ( 34,5)kg \u010dist\u00e9 hmotnosti<br \/>\n- Fyzick\u00fd stav: Kapaln\u00fd<br \/>\n&#8211; Appearance: silver<br \/>\n- Z\u00e1pach: bez z\u00e1pachu<br \/>\n- PH: Nen\u00ed k dispozici.<br \/>\n- Tlak par: 0,002 mm Hg p\u0159i 25C<br \/>\n- Hustota par: 7,0<br \/>\n- Rychlost odpa\u0159ov\u00e1n\u00ed: Nen\u00ed k dispozici.<br \/>\n- Viskozita: 15,5 mPat 25 dig C<br \/>\n- Bod varu: 356,72 dig C<br \/>\n- Bod tuhnut\u00ed\/topen\u00ed: -38,87 dig C<br \/>\n- Teplota rozkladu: Nen\u00ed k dispozici.<br \/>\n- Rozpustnost: Rozpustnost: Nerozpustn\u00fd.<br \/>\n- Specifick\u00e1 hmotnost\/hustota: 13,59 (voda=1)<br \/>\n- Molekul\u00e1rn\u00ed vzorec :Hg<br \/>\n- Molekulov\u00e1 hmotnost: 200,59<\/p>\n<p>Pure silver mercury for sale: wholesale &amp; retail, discreet\/fast shipping worldwide. Available products : pure silver mercury,\u00a0 Cinnabar, Mercury antimony oxide. We supply high grade &amp; perfectly composed Pure silver Liquid Mercury online at cheap &amp; affordable prices.<\/p>\n<p>We&#8217;re a Premium wholesaler &amp; Retailer of Pure <a href=\"https:\/\/www.tiktok.com\/discover\/mercury-price-per-gram\" target=\"_blank\" rel=\"noopener\">silver Mercury Online<\/a>. We supply Pure silver Liquid Mercury of great quality. Our Pure silver Liquid Mercury, is highly demanded by industries world over to products a wide variety of products. It is high grade &amp; perfectly composed Pure silver Liquid Mercury. Pure silver Mercury ships worldwide with 100% guarantee of delivering your product on time.<br \/>\nThe intensity of silver mercury is very high 20.2 g\/ cm3.<br \/>\nTato kapalina Hg2 Sb207 je materi\u00e1lem vojensk\u00fdch laborato\u0159\u00ed:<br \/>\nOxid rtu\u0165nat\u00fd antimonit\u00fd<\/p>\n<p>DAL\u0160\u00cd SPECIFIKACE<\/p>\n<p>Virgin Mercury purity = 99.99% Pure by wt min.<\/p>\n<p>- Neobsahuje t\u011b\u017ek\u00e9 kovy<\/p>\n<p>- Balen\u00ed \u017eelezn\u00e9ho v\u00e1lce ( 34,5)kg \u010dist\u00e9 hmotnosti<\/p>\n<p>- Fyzick\u00fd stav: Kapaln\u00fd<\/p>\n<p>&#8211; Appearance: silver<\/p>\n<p>- Z\u00e1pach: bez z\u00e1pachu<\/p>\n<p>- PH: Nen\u00ed k dispozici.<\/p>\n<p>&#8211; Vapor Pressure: 0.002 mm Hg AT 25C<\/p>\n<p>- Hustota par: 7,0<\/p>\n<p>- Rychlost odpa\u0159ov\u00e1n\u00ed: Nen\u00ed k dispozici.<\/p>\n<p>&#8211; Viscosity: 15.5 mP AT 25 dig C<\/p>\n<p>- Bod varu: 356,72 dig C<\/p>\n<p>- Bod tuhnut\u00ed\/topen\u00ed: -38,87 dig C<\/p>\n<p>- Teplota rozkladu: Nen\u00ed k dispozici.<\/p>\n<p>- Rozpustnost: Rozpustnost: Nerozpustn\u00fd.<\/p>\n<p>- Specifick\u00e1 hmotnost\/hustota: 13,59 (voda=1)<\/p>\n<p>- Molekul\u00e1rn\u00ed vzorec :Hg<\/p>\n<p>- Molekulov\u00e1 hmotnost: 200,59<\/p>\n<p>Mercury Packaging:34.5kg virgin steel flask<\/p>\n<p>Steel containers we offer, satisfy DOT, U.S. EPA and U.N. hazardous material shipping requirement<\/p>\n<p>Inspection: Inspection for weight and quality will be done at loading port at seller&#8217;s cost .<\/p>\n<p>Supply Ability: 250MT \/Month.<\/p>\n<p>Shipment type: 20ft containers.(20 tons per container) \/ Truck delivery(locally), Air freight.<\/p>\n<p>Loading: 580 Flask per container. (34.5kg per Flask)<\/p>","protected":false},"excerpt":{"rendered":"<p>We have available silver Mercury in great quantities and 90% of our product is for exportation. Our silver liquid Mercury meets the norms of international standards and our products are highly recommended ,We sell at a discount price. SPECIFICATION ( Pure silver liquid Mercury) &#8211; Prime silver liquid Mercury = 99.9999% Pure by wt min. [&hellip;]<\/p>\n","protected":false},"featured_media":2024,"comment_status":"open","ping_status":"closed","template":"","meta":[],"product_brand":[],"product_cat":[31,28],"product_tag":[51,49,50,52,53],"class_list":{"0":"post-2023","1":"product","2":"type-product","3":"status-publish","4":"has-post-thumbnail","6":"product_cat-silver-liquid-mercury","7":"product_cat-general","8":"product_tag-buy-99-9-pure-silver-liquid-mercury","9":"product_tag-liquid-mercury","10":"product_tag-mercury","11":"product_tag-pure-silver-liquid-mercury","12":"product_tag-silver-liquid-mercury","14":"first","15":"instock","16":"sale","17":"shipping-taxable","18":"purchasable","19":"product-type-variable"},"_links":{"self":[{"href":"https:\/\/pharma-chemical.com\/cs\/wp-json\/wp\/v2\/product\/2023","targetHints":{"allow":["GET"]}}],"collection":[{"href":"https:\/\/pharma-chemical.com\/cs\/wp-json\/wp\/v2\/product"}],"about":[{"href":"https:\/\/pharma-chemical.com\/cs\/wp-json\/wp\/v2\/types\/product"}],"replies":[{"embeddable":true,"href":"https:\/\/pharma-chemical.com\/cs\/wp-json\/wp\/v2\/comments?post=2023"}],"wp:featuredmedia":[{"embeddable":true,"href":"https:\/\/pharma-chemical.com\/cs\/wp-json\/wp\/v2\/media\/2024"}],"wp:attachment":[{"href":"https:\/\/pharma-chemical.com\/cs\/wp-json\/wp\/v2\/media?parent=2023"}],"wp:term":[{"taxonomy":"product_brand","embeddable":true,"href":"https:\/\/pharma-chemical.com\/cs\/wp-json\/wp\/v2\/product_brand?post=2023"},{"taxonomy":"product_cat","embeddable":true,"href":"https:\/\/pharma-chemical.com\/cs\/wp-json\/wp\/v2\/product_cat?post=2023"},{"taxonomy":"product_tag","embeddable":true,"href":"https:\/\/pharma-chemical.com\/cs\/wp-json\/wp\/v2\/product_tag?post=2023"}],"curies":[{"name":"wp","href":"https:\/\/api.w.org\/{rel}","templated":true}]}}