{"id":1593,"date":"2024-11-21T12:36:15","date_gmt":"2024-11-21T12:36:15","guid":{"rendered":"https:\/\/pharma-chemical.com\/?page_id=1593"},"modified":"2025-08-04T07:26:22","modified_gmt":"2025-08-04T07:26:22","slug":"caluanie-muelear-oxidize-price","status":"publish","type":"page","link":"https:\/\/pharma-chemical.com\/de\/caluanie-muelear-oxidize-price\/","title":{"rendered":"WIE BESTELLEN"},"content":{"rendered":"<p><strong>Wie bestellt man Caluanie Muelear Oxidize bei <a href=\"https:\/\/pharma-chemical.com\/de\/\">Pharmazeutisch-chemisch<\/a><\/strong><\/p>\n\n\n\n<p>Bei Pharma-Chemical machen wir den Einkauf einfach und sicher <strong>Caluanie Muelear Oxidieren<\/strong> f\u00fcr Ihren industriellen Bedarf. Mit unserem Engagement f\u00fcr Qualit\u00e4t, Zuverl\u00e4ssigkeit und Kundenzufriedenheit sorgen wir f\u00fcr einen reibungslosen Bestellvorgang von Anfang bis Ende. Folgen Sie den nachstehenden Schritten, um Ihre Bestellung aufzugeben und das Beste zu bekommen <strong>Caluanie Muelear Oxidize Preis<\/strong> auf dem Markt.<\/p>\n\n\n\n<figure class=\"wp-block-image size-full\"><img fetchpriority=\"high\" decoding=\"async\" width=\"965\" height=\"359\" src=\"https:\/\/pharma-chemical.com\/wp-content\/uploads\/2024\/12\/8ui88.png\" alt=\"\" class=\"wp-image-1782\" srcset=\"https:\/\/pharma-chemical.com\/wp-content\/uploads\/2024\/12\/8ui88.png 965w, https:\/\/pharma-chemical.com\/wp-content\/uploads\/2024\/12\/8ui88-600x223.png 600w, https:\/\/pharma-chemical.com\/wp-content\/uploads\/2024\/12\/8ui88-300x112.webp 300w, https:\/\/pharma-chemical.com\/wp-content\/uploads\/2024\/12\/8ui88-768x286.webp 768w\" sizes=\"(max-width: 965px) 100vw, 965px\" \/><\/figure>\n\n\n\n<div id=\"ez-toc-container\" class=\"ez-toc-v2_0_82_2 counter-hierarchy ez-toc-counter ez-toc-grey ez-toc-container-direction\">\n<div class=\"ez-toc-title-container\">\n<p class=\"ez-toc-title\" style=\"cursor:inherit\">Inhalts\u00fcbersicht<\/p>\n<span class=\"ez-toc-title-toggle\"><a href=\"#\" class=\"ez-toc-pull-right ez-toc-btn ez-toc-btn-xs ez-toc-btn-default ez-toc-toggle\" aria-label=\"Inhaltsverzeichnis umschalten\"><span class=\"ez-toc-js-icon-con\"><span class=\"\"><span class=\"eztoc-hide\" style=\"display:none;\">Umschalten auf<\/span><span class=\"ez-toc-icon-toggle-span\"><svg style=\"fill: #999;color:#999\" xmlns=\"http:\/\/www.w3.org\/2000\/svg\" class=\"list-377408\" width=\"20px\" height=\"20px\" viewbox=\"0 0 24 24\" fill=\"none\"><path d=\"M6 6H4v2h2V6zm14 0H8v2h12V6zM4 11h2v2H4v-2zm16 0H8v2h12v-2zM4 16h2v2H4v-2zm16 0H8v2h12v-2z\" fill=\"currentColor\"><\/path><\/svg><svg style=\"fill: #999;color:#999\" class=\"arrow-unsorted-368013\" xmlns=\"http:\/\/www.w3.org\/2000\/svg\" width=\"10px\" height=\"10px\" viewbox=\"0 0 24 24\" version=\"1.2\" baseprofile=\"tiny\"><path d=\"M18.2 9.3l-6.2-6.3-6.2 6.3c-.2.2-.3.4-.3.7s.1.5.3.7c.2.2.4.3.7.3h11c.3 0 .5-.1.7-.3.2-.2.3-.5.3-.7s-.1-.5-.3-.7zM5.8 14.7l6.2 6.3 6.2-6.3c.2-.2.3-.5.3-.7s-.1-.5-.3-.7c-.2-.2-.4-.3-.7-.3h-11c-.3 0-.5.1-.7.3-.2.2-.3.5-.3.7s.1.5.3.7z\"\/><\/svg><\/span><\/span><\/span><\/a><\/span><\/div>\n<nav><ul class='ez-toc-list ez-toc-list-level-1' ><li class='ez-toc-page-1 ez-toc-heading-level-3'><a class=\"ez-toc-link ez-toc-heading-1\" href=\"https:\/\/pharma-chemical.com\/de\/caluanie-muelear-oxidize-price\/#Step_1_Submit_Your_Inquiry_Place_your_order_by_selecting_your_product_from_our_Shop_and_proceed_to_Checkout\" >Step 1: Submit Your Inquiry \/Place your order by selecting your product from our Shop and proceed to Checkout.<\/a><\/li><li class='ez-toc-page-1 ez-toc-heading-level-3'><a class=\"ez-toc-link ez-toc-heading-2\" href=\"https:\/\/pharma-chemical.com\/de\/caluanie-muelear-oxidize-price\/#Step_2_Confirm_Your_Order\" >Schritt 2: Best\u00e4tigen Sie Ihre Bestellung<\/a><\/li><li class='ez-toc-page-1 ez-toc-heading-level-3'><a class=\"ez-toc-link ez-toc-heading-3\" href=\"https:\/\/pharma-chemical.com\/de\/caluanie-muelear-oxidize-price\/#Step_3_Make_Payment\" >Schritt 3: Zahlung vornehmen<\/a><\/li><li class='ez-toc-page-1 ez-toc-heading-level-3'><a class=\"ez-toc-link ez-toc-heading-4\" href=\"https:\/\/pharma-chemical.com\/de\/caluanie-muelear-oxidize-price\/#Step_4_Order_Processing_and_Dispatch\" >Schritt 4: Auftragsabwicklung und Versand<\/a><\/li><li class='ez-toc-page-1 ez-toc-heading-level-3'><a class=\"ez-toc-link ez-toc-heading-5\" href=\"https:\/\/pharma-chemical.com\/de\/caluanie-muelear-oxidize-price\/#Step_5_Track_Your_Shipment\" >Schritt 5: Verfolgen Sie Ihre Sendung<\/a><\/li><li class='ez-toc-page-1 ez-toc-heading-level-3'><a class=\"ez-toc-link ez-toc-heading-6\" href=\"https:\/\/pharma-chemical.com\/de\/caluanie-muelear-oxidize-price\/#Why_Choose_Pharma-Chemical\" >Warum Pharma-Chemical w\u00e4hlen?<\/a><\/li><li class='ez-toc-page-1 ez-toc-heading-level-3'><a class=\"ez-toc-link ez-toc-heading-7\" href=\"https:\/\/pharma-chemical.com\/de\/caluanie-muelear-oxidize-price\/#Contact_Us_to_Order_Now\" >Kontaktieren Sie uns und bestellen Sie jetzt<\/a><\/li><\/ul><\/nav><\/div>\n<h3 class=\"wp-block-heading\"><span class=\"ez-toc-section\" id=\"Step_1_Submit_Your_Inquiry_Place_your_order_by_selecting_your_product_from_our_Shop_and_proceed_to_Checkout\"><\/span><strong>Schritt 1: Senden Sie Ihre Anfrage<\/strong> \/Place your order by selecting your product from our Shop and proceed to Checkout.<span class=\"ez-toc-section-end\"><\/span><\/h3>\n\n\n\n<p>Kontaktieren Sie uns \u00fcber unsere offizielle Website, per E-Mail oder \u00fcber unsere Kundendienst-Hotline, um Produktdetails und Preise anzufordern. Bitte geben Sie unbedingt an:<\/p>\n\n\n\n<ul class=\"wp-block-list\">\n<li>Ihre gew\u00fcnschte Menge an <strong><a href=\"https:\/\/www.youtube.com\/watch?v=GqbOrOtJEyY\" target=\"_blank\" rel=\"noopener\">Caluanie Muelear Oxidieren<\/a><\/strong><\/li>\n\n\n\n<li>Ihr Versandort<\/li>\n\n\n\n<li>Besondere Anforderungen oder Fristen<\/li>\n<\/ul>\n\n\n\n<p>Unser Team antwortet umgehend mit Produktspezifikationen, den aktuellen <strong>Caluanie Muelear Oxidize Preis<\/strong>und Angaben zur Verf\u00fcgbarkeit.<\/p>\n\n\n\n<h3 class=\"wp-block-heading\"><span class=\"ez-toc-section\" id=\"Step_2_Confirm_Your_Order\"><\/span><strong>Schritt 2: Best\u00e4tigen Sie Ihre Bestellung<\/strong><span class=\"ez-toc-section-end\"><\/span><\/h3>\n\n\n\n<p>Sobald Sie die Details \u00fcberpr\u00fcft haben, best\u00e4tigen Sie Ihre Bestellung mit den folgenden Angaben:<\/p>\n\n\n\n<ul class=\"wp-block-list\">\n<li>Eine Bestellung oder eine offizielle Best\u00e4tigung per E-Mail<\/li>\n\n\n\n<li>Informationen zur Rechnungsstellung und zum Versand<\/li>\n\n\n\n<li>Bevorzugte Liefermethode (Standard- oder Expressversand)<\/li>\n<\/ul>\n\n\n\n<p>Wir werden Ihre Bestellung bearbeiten und Ihnen eine Rechnung mit Zahlungsanweisungen zukommen lassen.<\/p>\n\n\n\n<h3 class=\"wp-block-heading\"><span class=\"ez-toc-section\" id=\"Step_3_Make_Payment\"><\/span><strong>Schritt 3: Zahlung vornehmen<\/strong><span class=\"ez-toc-section-end\"><\/span><\/h3>\n\n\n\n<p>W\u00e4hlen Sie aus unseren sicheren Zahlungsoptionen, einschlie\u00dflich Bank\u00fcberweisung, Kreditkarte oder anderen zugelassenen Methoden. Alle Transaktionen sind gesch\u00fctzt, damit Sie sich keine Sorgen machen m\u00fcssen.<\/p>\n\n\n\n<h3 class=\"wp-block-heading\"><span class=\"ez-toc-section\" id=\"Step_4_Order_Processing_and_Dispatch\"><\/span><strong>Schritt 4: Auftragsabwicklung und Versand<\/strong><span class=\"ez-toc-section-end\"><\/span><\/h3>\n\n\n\n<p>Nach der Zahlungsbest\u00e4tigung wird unser Team Ihre Bestellung umgehend bearbeiten. Wir halten uns an strenge Qualit\u00e4tskontrollma\u00dfnahmen, um sicherzustellen, dass Ihre <strong>Caluanie Muelear Oxidieren<\/strong> sicher verpackt und versandt wird.<\/p>\n\n\n\n<h3 class=\"wp-block-heading\"><span class=\"ez-toc-section\" id=\"Step_5_Track_Your_Shipment\"><\/span><strong>Schritt 5: Verfolgen Sie Ihre Sendung<\/strong><span class=\"ez-toc-section-end\"><\/span><\/h3>\n\n\n\n<p>Nach dem Versand stellen wir Ihnen Informationen zur Sendungsverfolgung zur Verf\u00fcgung, damit Sie den Fortschritt Ihrer Sendung verfolgen k\u00f6nnen. Unser weltweites Zustellnetz gew\u00e4hrleistet eine p\u00fcnktliche und sichere Zustellung an den von Ihnen angegebenen Ort.<\/p>\n\n\n\n<h3 class=\"wp-block-heading\"><span class=\"ez-toc-section\" id=\"Why_Choose_Pharma-Chemical\"><\/span><strong>Warum Pharma-Chemical w\u00e4hlen?<\/strong><span class=\"ez-toc-section-end\"><\/span><\/h3>\n\n\n\n<ul class=\"wp-block-list\">\n<li>Konkurrenzf\u00e4hig <strong>Caluanie Muelear Oxidize Preise<\/strong><\/li>\n\n\n\n<li>Hochwertige, streng gepr\u00fcfte Produkte<\/li>\n\n\n\n<li>Zuverl\u00e4ssige weltweite Zustellung<\/li>\n\n\n\n<li>24\/7-Kundensupport f\u00fcr Bestellhilfe<\/li>\n\n\n\n<li>Ein zuverl\u00e4ssiger Lieferant mit jahrzehntelanger Erfahrung in der chemischen Industrie<\/li>\n<\/ul>\n\n\n\n<h3 class=\"wp-block-heading\"><span class=\"ez-toc-section\" id=\"Contact_Us_to_Order_Now\"><\/span><strong>Kontaktieren Sie uns und bestellen Sie jetzt<\/strong><span class=\"ez-toc-section-end\"><\/span><\/h3>\n\n\n\n<p>Warten Sie nicht - holen Sie sich das Beste <strong>Caluanie Muelear Oxidize Preis<\/strong> heute! Kontaktieren Sie Pharma-Chemical \u00fcber:<\/p>\n\n\n\n<ul class=\"wp-block-list\">\n<li><strong>E-Mail<\/strong>: info@pharma-chemical.com<\/li>\n\n\n\n<li>WhatsApp-Nummer: +1 (424) 242-5629<\/li>\n\n\n\n<li><strong>Online-Formular<\/strong>: <a href=\"https:\/\/pharma-chemical.com\/de\/blog\/\">Klicken Sie hier<\/a><\/li>\n<\/ul>\n\n\n\n<p>Erleben Sie einen reibungslosen Bestellvorgang, au\u00dfergew\u00f6hnliche Qualit\u00e4t und einen unvergleichlichen Service mit Pharma-Chemical<\/p>","protected":false},"excerpt":{"rendered":"<p>How to Order Caluanie Muelear Oxidize from Pharma-Chemical At Pharma-Chemical, we make it easy and secure to purchase Caluanie Muelear Oxidize for your industrial needs. With our commitment to quality, reliability, and customer satisfaction, we ensure a smooth ordering process from start to finish. Follow the steps below to place your order and get the [&hellip;]<\/p>\n","protected":false},"author":1,"featured_media":1783,"parent":0,"menu_order":0,"comment_status":"closed","ping_status":"closed","template":"","meta":{"footnotes":""},"class_list":["post-1593","page","type-page","status-publish","has-post-thumbnail","hentry"],"blocksy_meta":[],"_links":{"self":[{"href":"https:\/\/pharma-chemical.com\/de\/wp-json\/wp\/v2\/pages\/1593","targetHints":{"allow":["GET"]}}],"collection":[{"href":"https:\/\/pharma-chemical.com\/de\/wp-json\/wp\/v2\/pages"}],"about":[{"href":"https:\/\/pharma-chemical.com\/de\/wp-json\/wp\/v2\/types\/page"}],"author":[{"embeddable":true,"href":"https:\/\/pharma-chemical.com\/de\/wp-json\/wp\/v2\/users\/1"}],"replies":[{"embeddable":true,"href":"https:\/\/pharma-chemical.com\/de\/wp-json\/wp\/v2\/comments?post=1593"}],"version-history":[{"count":3,"href":"https:\/\/pharma-chemical.com\/de\/wp-json\/wp\/v2\/pages\/1593\/revisions"}],"predecessor-version":[{"id":2077,"href":"https:\/\/pharma-chemical.com\/de\/wp-json\/wp\/v2\/pages\/1593\/revisions\/2077"}],"wp:featuredmedia":[{"embeddable":true,"href":"https:\/\/pharma-chemical.com\/de\/wp-json\/wp\/v2\/media\/1783"}],"wp:attachment":[{"href":"https:\/\/pharma-chemical.com\/de\/wp-json\/wp\/v2\/media?parent=1593"}],"curies":[{"name":"wp","href":"https:\/\/api.w.org\/{rel}","templated":true}]}}