{"id":3,"date":"2024-11-14T23:22:02","date_gmt":"2024-11-14T23:22:02","guid":{"rendered":"https:\/\/pharma-chemical.com\/?page_id=3"},"modified":"2024-12-14T21:36:14","modified_gmt":"2024-12-14T21:36:14","slug":"privacy-policy-2","status":"publish","type":"page","link":"https:\/\/pharma-chemical.com\/de\/privacy-policy-2\/","title":{"rendered":"Datenschutzbestimmungen"},"content":{"rendered":"<div id=\"ez-toc-container\" class=\"ez-toc-v2_0_82_2 counter-hierarchy ez-toc-counter ez-toc-grey ez-toc-container-direction\">\n<div class=\"ez-toc-title-container\">\n<p class=\"ez-toc-title\" style=\"cursor:inherit\">Inhalts\u00fcbersicht<\/p>\n<span class=\"ez-toc-title-toggle\"><a href=\"#\" class=\"ez-toc-pull-right ez-toc-btn ez-toc-btn-xs ez-toc-btn-default ez-toc-toggle\" aria-label=\"Inhaltsverzeichnis umschalten\"><span class=\"ez-toc-js-icon-con\"><span class=\"\"><span class=\"eztoc-hide\" style=\"display:none;\">Umschalten auf<\/span><span class=\"ez-toc-icon-toggle-span\"><svg style=\"fill: #999;color:#999\" xmlns=\"http:\/\/www.w3.org\/2000\/svg\" class=\"list-377408\" width=\"20px\" height=\"20px\" viewbox=\"0 0 24 24\" fill=\"none\"><path d=\"M6 6H4v2h2V6zm14 0H8v2h12V6zM4 11h2v2H4v-2zm16 0H8v2h12v-2zM4 16h2v2H4v-2zm16 0H8v2h12v-2z\" fill=\"currentColor\"><\/path><\/svg><svg style=\"fill: #999;color:#999\" class=\"arrow-unsorted-368013\" xmlns=\"http:\/\/www.w3.org\/2000\/svg\" width=\"10px\" height=\"10px\" viewbox=\"0 0 24 24\" version=\"1.2\" baseprofile=\"tiny\"><path d=\"M18.2 9.3l-6.2-6.3-6.2 6.3c-.2.2-.3.4-.3.7s.1.5.3.7c.2.2.4.3.7.3h11c.3 0 .5-.1.7-.3.2-.2.3-.5.3-.7s-.1-.5-.3-.7zM5.8 14.7l6.2 6.3 6.2-6.3c.2-.2.3-.5.3-.7s-.1-.5-.3-.7c-.2-.2-.4-.3-.7-.3h-11c-.3 0-.5.1-.7.3-.2.2-.3.5-.3.7s.1.5.3.7z\"\/><\/svg><\/span><\/span><\/span><\/a><\/span><\/div>\n<nav><ul class='ez-toc-list ez-toc-list-level-1' ><li class='ez-toc-page-1 ez-toc-heading-level-2'><a class=\"ez-toc-link ez-toc-heading-1\" href=\"https:\/\/pharma-chemical.com\/de\/privacy-policy-2\/#Pharma-Chemical\" >Pharmazeutisch-chemisch<\/a><ul class='ez-toc-list-level-3' ><li class='ez-toc-heading-level-3'><a class=\"ez-toc-link ez-toc-heading-2\" href=\"https:\/\/pharma-chemical.com\/de\/privacy-policy-2\/#1_Information_We_Collect\" >1. Informationen, die wir sammeln<\/a><ul class='ez-toc-list-level-4' ><li class='ez-toc-heading-level-4'><a class=\"ez-toc-link ez-toc-heading-3\" href=\"https:\/\/pharma-chemical.com\/de\/privacy-policy-2\/#11_Personal_Information\" >1.1 Pers\u00f6nliche Informationen<\/a><\/li><li class='ez-toc-page-1 ez-toc-heading-level-4'><a class=\"ez-toc-link ez-toc-heading-4\" href=\"https:\/\/pharma-chemical.com\/de\/privacy-policy-2\/#12_Non-Personal_Information\" >1.2 Nicht-personenbezogene Informationen<\/a><\/li><\/ul><\/li><li class='ez-toc-page-1 ez-toc-heading-level-3'><a class=\"ez-toc-link ez-toc-heading-5\" href=\"https:\/\/pharma-chemical.com\/de\/privacy-policy-2\/#2_How_We_Use_Your_Information\" >2. Wie wir Ihre Informationen verwenden<\/a><\/li><li class='ez-toc-page-1 ez-toc-heading-level-3'><a class=\"ez-toc-link ez-toc-heading-6\" href=\"https:\/\/pharma-chemical.com\/de\/privacy-policy-2\/#3_Sharing_of_Information\" >3. Weitergabe von Informationen<\/a><\/li><li class='ez-toc-page-1 ez-toc-heading-level-3'><a class=\"ez-toc-link ez-toc-heading-7\" href=\"https:\/\/pharma-chemical.com\/de\/privacy-policy-2\/#4_Data_Security\" >4. Datensicherheit<\/a><\/li><li class='ez-toc-page-1 ez-toc-heading-level-3'><a class=\"ez-toc-link ez-toc-heading-8\" href=\"https:\/\/pharma-chemical.com\/de\/privacy-policy-2\/#5_Your_Rights\" >5. Deine Rechte<\/a><\/li><li class='ez-toc-page-1 ez-toc-heading-level-3'><a class=\"ez-toc-link ez-toc-heading-9\" href=\"https:\/\/pharma-chemical.com\/de\/privacy-policy-2\/#6_Cookies_and_Tracking_Technologies\" >6. Cookies und Tracking-Technologien<\/a><\/li><li class='ez-toc-page-1 ez-toc-heading-level-3'><a class=\"ez-toc-link ez-toc-heading-10\" href=\"https:\/\/pharma-chemical.com\/de\/privacy-policy-2\/#7_Third-Party_Links\" >7. Links von Drittanbietern<\/a><\/li><li class='ez-toc-page-1 ez-toc-heading-level-3'><a class=\"ez-toc-link ez-toc-heading-11\" href=\"https:\/\/pharma-chemical.com\/de\/privacy-policy-2\/#8_Updates_to_This_Policy\" >8. Aktualisierungen dieser Richtlinie<\/a><\/li><li class='ez-toc-page-1 ez-toc-heading-level-3'><a class=\"ez-toc-link ez-toc-heading-12\" href=\"https:\/\/pharma-chemical.com\/de\/privacy-policy-2\/#9_Contact_Us\" >9. Kontakt<\/a><\/li><\/ul><\/li><\/ul><\/nav><\/div>\n<h2 class=\"wp-block-heading\"><span class=\"ez-toc-section\" id=\"Pharma-Chemical\"><\/span> Pharmazeutisch-chemisch<span class=\"ez-toc-section-end\"><\/span><\/h2>\n\n\n\n<p><strong>Datenschutzbestimmungen<\/strong><br>Datum des Inkrafttretens: 01\/01\/2010<\/p>\n\n\n\n<p>Pharma-Chemical sch\u00e4tzt Ihre Privatsph\u00e4re und verpflichtet sich, Ihre pers\u00f6nlichen Daten zu sch\u00fctzen. In dieser Datenschutzrichtlinie wird erl\u00e4utert, wie wir Ihre Daten erfassen, verwenden, offenlegen und sch\u00fctzen, wenn Sie unsere Website besuchen oder mit uns in Kontakt treten. Bitte lesen Sie diese Richtlinie sorgf\u00e4ltig durch, um unsere Praktiken in Bezug auf Ihre pers\u00f6nlichen Daten zu verstehen.<\/p>\n\n\n\n<h3 class=\"wp-block-heading\"><span class=\"ez-toc-section\" id=\"1_Information_We_Collect\"><\/span><strong>1. Informationen, die wir sammeln<\/strong><span class=\"ez-toc-section-end\"><\/span><\/h3>\n\n\n\n<p>Wir k\u00f6nnen die folgenden Arten von Informationen sammeln:<\/p>\n\n\n\n<h4 class=\"wp-block-heading\"><span class=\"ez-toc-section\" id=\"11_Personal_Information\"><\/span><strong>1.1 Pers\u00f6nliche Informationen<\/strong><span class=\"ez-toc-section-end\"><\/span><\/h4>\n\n\n\n<ul class=\"wp-block-list\">\n<li>Name, E-Mail-Adresse, Telefonnummer, Rechnungs- und Lieferadresse.<\/li>\n\n\n\n<li>Firmenname und Berufsbezeichnung (falls zutreffend).<\/li>\n\n\n\n<li>Zahlungsinformationen f\u00fcr Transaktionen (sicher verarbeitet).<\/li>\n<\/ul>\n\n\n\n<h4 class=\"wp-block-heading\"><span class=\"ez-toc-section\" id=\"12_Non-Personal_Information\"><\/span><strong>1.2 Nicht-personenbezogene Informationen<\/strong><span class=\"ez-toc-section-end\"><\/span><\/h4>\n\n\n\n<ul class=\"wp-block-list\">\n<li>Browsertyp, Betriebssystem und IP-Adresse.<\/li>\n\n\n\n<li>Details \u00fcber Ihre Interaktionen mit unserer Website (z. B. besuchte Seiten, Verweildauer).<\/li>\n\n\n\n<li>Cookies und \u00e4hnliche Tracking-Technologien, um Ihre Benutzererfahrung zu verbessern.<\/li>\n<\/ul>\n\n\n\n<h3 class=\"wp-block-heading\"><span class=\"ez-toc-section\" id=\"2_How_We_Use_Your_Information\"><\/span><strong>2. Wie wir Ihre Informationen verwenden<\/strong><span class=\"ez-toc-section-end\"><\/span><\/h3>\n\n\n\n<p>Wir verwenden Ihre Informationen, um:<\/p>\n\n\n\n<ul class=\"wp-block-list\">\n<li>Bearbeitung von Bestellungen und Bereitstellung von Produktinformationen.<\/li>\n\n\n\n<li>Beantworten Sie Ihre Anfragen und Kundendienstanfragen.<\/li>\n\n\n\n<li>Gew\u00e4hrleistung sicherer und genauer Transaktionen.<\/li>\n\n\n\n<li>Zusendung von Informationen \u00fcber Produkte, Dienstleistungen, Werbeaktionen oder \u00c4nderungen der Richtlinien.<\/li>\n\n\n\n<li>die Nutzung der Website zu analysieren, um unser Angebot zu verbessern.<\/li>\n<\/ul>\n\n\n\n<h3 class=\"wp-block-heading\"><span class=\"ez-toc-section\" id=\"3_Sharing_of_Information\"><\/span><strong>3. Weitergabe von Informationen<\/strong><span class=\"ez-toc-section-end\"><\/span><\/h3>\n\n\n\n<p>Wir verkaufen, handeln oder vermieten Ihre pers\u00f6nlichen Daten nicht an Dritte. Wir k\u00f6nnen Ihre Daten jedoch an vertrauensw\u00fcrdige Einrichtungen weitergeben, darunter:<\/p>\n\n\n\n<ul class=\"wp-block-list\">\n<li>Zahlungsabwickler und Versanddienstleister f\u00fcr die Ausf\u00fchrung von Bestellungen.<\/li>\n\n\n\n<li>Aufsichtsbeh\u00f6rden, wenn dies gesetzlich vorgeschrieben ist.<\/li>\n\n\n\n<li>Dienstleister, die bei der Pflege der Website und der Kundenbetreuung helfen.<\/li>\n<\/ul>\n\n\n\n<h3 class=\"wp-block-heading\"><span class=\"ez-toc-section\" id=\"4_Data_Security\"><\/span><strong>4. Datensicherheit<\/strong><span class=\"ez-toc-section-end\"><\/span><\/h3>\n\n\n\n<p>Wir setzen robuste Sicherheitsma\u00dfnahmen zum Schutz Ihrer Daten ein, darunter Verschl\u00fcsselung, Firewalls und sichere Server. Obwohl wir uns bem\u00fchen, Ihre pers\u00f6nlichen Daten zu sch\u00fctzen, ist keine \u00dcbertragungsmethode \u00fcber das Internet 100% sicher.<\/p>\n\n\n\n<h3 class=\"wp-block-heading\"><span class=\"ez-toc-section\" id=\"5_Your_Rights\"><\/span><strong>5. Deine Rechte<\/strong><span class=\"ez-toc-section-end\"><\/span><\/h3>\n\n\n\n<p>Sie haben das Recht dazu:<\/p>\n\n\n\n<ul class=\"wp-block-list\">\n<li>Zugang zu Ihren personenbezogenen Daten zu erhalten, sie zu aktualisieren oder zu l\u00f6schen.<\/li>\n\n\n\n<li>Sie k\u00f6nnen Marketingmitteilungen jederzeit abbestellen.<\/li>\n\n\n\n<li>Sie k\u00f6nnen eine Kopie der Informationen anfordern, die wir \u00fcber Sie gespeichert haben.<\/li>\n<\/ul>\n\n\n\n<p>Um diese Rechte auszu\u00fcben, wenden Sie sich bitte an info@pharma-chemical.com.<\/p>\n\n\n\n<h3 class=\"wp-block-heading\"><span class=\"ez-toc-section\" id=\"6_Cookies_and_Tracking_Technologies\"><\/span><strong>6. Cookies und Tracking-Technologien<\/strong><span class=\"ez-toc-section-end\"><\/span><\/h3>\n\n\n\n<p>Unsere Website verwendet Cookies, um Ihr Erlebnis zu verbessern. Sie k\u00f6nnen Cookies in den Einstellungen Ihres Browsers deaktivieren; dadurch k\u00f6nnen jedoch bestimmte Funktionen unserer Website eingeschr\u00e4nkt werden.<\/p>\n\n\n\n<h3 class=\"wp-block-heading\"><span class=\"ez-toc-section\" id=\"7_Third-Party_Links\"><\/span><strong>7. Links von Drittanbietern<\/strong><span class=\"ez-toc-section-end\"><\/span><\/h3>\n\n\n\n<p>Unsere Website kann Links zu Websites Dritter enthalten. Wir sind nicht verantwortlich f\u00fcr die Datenschutzpraktiken oder den Inhalt dieser Websites.<\/p>\n\n\n\n<h3 class=\"wp-block-heading\"><span class=\"ez-toc-section\" id=\"8_Updates_to_This_Policy\"><\/span><strong>8. Aktualisierungen dieser Richtlinie<\/strong><span class=\"ez-toc-section-end\"><\/span><\/h3>\n\n\n\n<p>Wir k\u00f6nnen diese Datenschutzrichtlinie von Zeit zu Zeit aktualisieren. Alle \u00c4nderungen werden auf dieser Seite mit einem aktualisierten G\u00fcltigkeitsdatum ver\u00f6ffentlicht. Wir empfehlen Ihnen, diese Richtlinie regelm\u00e4\u00dfig zu \u00fcberpr\u00fcfen.<\/p>\n\n\n\n<h3 class=\"wp-block-heading\"><span class=\"ez-toc-section\" id=\"9_Contact_Us\"><\/span><strong>9. Kontakt<\/strong><span class=\"ez-toc-section-end\"><\/span><\/h3>\n\n\n\n<p>Wenn Sie Fragen oder Bedenken bez\u00fcglich dieser Datenschutzrichtlinie haben, kontaktieren Sie uns bitte:<\/p>\n\n\n\n<ul class=\"wp-block-list\">\n<li><strong>E-Mail<\/strong>: info@pharma-chemical.com<\/li>\n\n\n\n<li>WhatsApp-Nummer: +1 (424) 242-5629<\/li>\n\n\n\n<li><strong>Adresse<\/strong>: Los Angeles, USA<\/li>\n<\/ul>\n\n\n\n<p>Diese Datenschutzrichtlinie sorgt f\u00fcr Transparenz und Vertrauen, damit Sie sich vertrauensvoll an Pharma-Chemical wenden k\u00f6nnen. Lassen Sie mich wissen, wenn Sie zus\u00e4tzliche Details oder Anpassungen w\u00fcnschen.<\/p>","protected":false},"excerpt":{"rendered":"<p>Pharma-Chemical Privacy PolicyEffective Date: 01\/01\/2010 Pharma-Chemical values your privacy and is committed to protecting your personal information. This Privacy Policy explains how we collect, use, disclose, and safeguard your information when you visit our website or engage with us. Please read this policy carefully to understand our practices regarding your personal data. 1. Information We [&hellip;]<\/p>\n","protected":false},"author":1,"featured_media":0,"parent":0,"menu_order":0,"comment_status":"closed","ping_status":"open","template":"","meta":{"footnotes":""},"class_list":["post-3","page","type-page","status-publish","hentry"],"blocksy_meta":[],"_links":{"self":[{"href":"https:\/\/pharma-chemical.com\/de\/wp-json\/wp\/v2\/pages\/3","targetHints":{"allow":["GET"]}}],"collection":[{"href":"https:\/\/pharma-chemical.com\/de\/wp-json\/wp\/v2\/pages"}],"about":[{"href":"https:\/\/pharma-chemical.com\/de\/wp-json\/wp\/v2\/types\/page"}],"author":[{"embeddable":true,"href":"https:\/\/pharma-chemical.com\/de\/wp-json\/wp\/v2\/users\/1"}],"replies":[{"embeddable":true,"href":"https:\/\/pharma-chemical.com\/de\/wp-json\/wp\/v2\/comments?post=3"}],"version-history":[{"count":1,"href":"https:\/\/pharma-chemical.com\/de\/wp-json\/wp\/v2\/pages\/3\/revisions"}],"predecessor-version":[{"id":1792,"href":"https:\/\/pharma-chemical.com\/de\/wp-json\/wp\/v2\/pages\/3\/revisions\/1792"}],"wp:attachment":[{"href":"https:\/\/pharma-chemical.com\/de\/wp-json\/wp\/v2\/media?parent=3"}],"curies":[{"name":"wp","href":"https:\/\/api.w.org\/{rel}","templated":true}]}}