{"id":2001,"date":"2025-01-21T18:00:42","date_gmt":"2025-01-21T18:00:42","guid":{"rendered":"https:\/\/pharma-chemical.com\/?post_type=product&#038;p=2001"},"modified":"2025-01-21T18:02:34","modified_gmt":"2025-01-21T18:02:34","slug":"caluanie-muelear-oxidize-for-sale","status":"publish","type":"product","link":"https:\/\/pharma-chemical.com\/de\/produkt\/caluanie-muelear-oxidize-for-sale\/","title":{"rendered":"Caluanie Muelear Oxidize zu verkaufen"},"content":{"rendered":"<h3><strong>Caluanie Muelear Oxidize zu verkaufen<\/strong><\/h3>\n<p>Pharma Chemical ist stolz darauf, ein f\u00fchrender Anbieter von <a href=\"https:\/\/pharma-chemical.com\/de\/culluanie-muelear-oxidize\/\"><strong>Caluanie Muelear Oxidieren<\/strong><\/a> weltweit. Mit mehr als einem Jahrzehnt Erfahrung in der chemischen Industrie sind wir bestrebt, unseren gesch\u00e4tzten Kunden Produkte von h\u00f6chster Qualit\u00e4t zu liefern. Unser Engagement f\u00fcr au\u00dfergew\u00f6hnlichen Kundenservice und strenge Qualit\u00e4tsstandards haben uns zu einer vertrauensw\u00fcrdigen und zuverl\u00e4ssigen Quelle gemacht. Wenn Sie Fragen zum Kauf von Caluanie Muelear Oxidize haben, z\u00f6gern Sie nicht, uns zu kontaktieren - wir sind immer f\u00fcr Sie da.<\/p>\n<h3><strong>Erschwingliche Preisgestaltung f\u00fcr Caluanie Muelear Pasteurize<\/strong><\/h3>\n<p>Wir bieten <a href=\"https:\/\/www.facebook.com\/61551201980445\/videos\/new-products\/292173877322675\/\" target=\"_blank\" rel=\"noopener\"><strong>Caluanie Muelear Pasteurisieren<\/strong><\/a>ein hochwertiges industrielles L\u00f6sungsmittel, zu wettbewerbsf\u00e4higen Preisen, die den Anforderungen von Unternehmen jeder Gr\u00f6\u00dfe gerecht werden. Unsere Auswahl an Beh\u00e4ltergr\u00f6\u00dfen erm\u00f6glicht es Ihnen, die Menge zu w\u00e4hlen, die am besten zu Ihren betrieblichen Anforderungen und Ihrem Budget passt. Durch die Kombination von Erschwinglichkeit und au\u00dfergew\u00f6hnlicher Produktqualit\u00e4t ist unser Caluanie Muelear Pasteurize die ideale L\u00f6sung f\u00fcr Unternehmen, die auf der Suche nach effizienten und zuverl\u00e4ssigen L\u00f6sungsmitteln f\u00fcr ihren Betrieb sind.<\/p>\n<h3><strong>Wie kaufe ich Caluanie Muelear Oxidize online?<\/strong><\/h3>\n<p>Bei Refined Industrial Chemicals haben wir den Bestellvorgang vereinfacht, um unseren Kunden eine bequeme und sichere Erfahrung zu erm\u00f6glichen. Hier erfahren Sie, wie Sie eine Bestellung aufgeben k\u00f6nnen: Caluanie Muelear Oxidize zu verkaufen<\/p>\n<ol>\n<li><strong>Besuchen Sie unsere Website<\/strong>: Gehen Sie auf die offizielle Website von Refined Industrial Chemicals, um sicherzustellen, dass Sie auf eine legitime Plattform zugreifen. Dieser Schritt hilft, Ihren Kauf zu sch\u00fctzen und gef\u00e4lschte Websites zu vermeiden.<\/li>\n<li><strong>Katalog durchsuchen<\/strong>: Durchsuchen Sie unseren Produktkatalog, um die verf\u00fcgbaren Optionen zu pr\u00fcfen und die gew\u00fcnschte Menge von Caluanie Muelear Oxidize auszuw\u00e4hlen.<\/li>\n<li><strong>Zum Warenkorb hinzuf\u00fcgen<\/strong>: Sobald Sie Ihre Auswahl getroffen haben, legen Sie das Produkt in Ihren virtuellen Warenkorb, um Ihre Auswahl zu best\u00e4tigen, bevor Sie fortfahren.<\/li>\n<li><strong>Weiter zum Checkout<\/strong>: \u00dcberpr\u00fcfen Sie Ihre Bestellung an der Kasse und w\u00e4hlen Sie eine sichere Zahlungsmethode. Wir bieten vertrauensw\u00fcrdige Optionen, einschlie\u00dflich Bitcoin und Bank\u00fcberweisung.<\/li>\n<li><strong>Versandinformationen bereitstellen<\/strong>: Geben Sie die erforderlichen Versanddaten ein, um eine reibungslose und genaue Lieferung an die von Ihnen gew\u00fcnschte Adresse zu gew\u00e4hrleisten.<\/li>\n<li><strong>Best\u00e4tigung der Bestellung<\/strong>: Nachdem Sie Ihre Zahlung abgeschlossen haben, erhalten Sie eine E-Mail mit der Best\u00e4tigung Ihrer Bestelldaten. Diese Best\u00e4tigung gilt als Ihre Quittung. Caluanie Muelear Oxidize zu verkaufen<\/li>\n<\/ol>\n<h3><strong>Schneller und zuverl\u00e4ssiger Versand<\/strong><\/h3>\n<p>Wir wissen, wie wichtig eine schnelle Lieferung ist. Deshalb bieten wir effiziente und sichere Versandoptionen an, damit Ihr Paket p\u00fcnktlich und in einwandfreiem Zustand bei Ihnen ankommt. Die sichere und prompte Lieferung Ihrer Bestellung hat f\u00fcr uns oberste Priorit\u00e4t. Caluanie Muelear Oxidize zu verkaufen<\/p>\n<p>F\u00fcr weitere Informationen oder Unterst\u00fctzung bei Ihrer Bestellung k\u00f6nnen Sie uns jederzeit kontaktieren.<\/p>\n<p>&nbsp;<\/p>","protected":false},"excerpt":{"rendered":"<p>Caluanie Muelear Oxidize for Sale Pharma Chemical is proud to be a leading supplier of Caluanie Muelear Oxidize worldwide. With over a decade of experience in the chemical industry, we are committed to providing premium-quality products to our valued clients. Our dedication to exceptional customer service and rigorous quality standards has established us as a [&hellip;]<\/p>\n","protected":false},"featured_media":2002,"comment_status":"open","ping_status":"closed","template":"","meta":[],"product_brand":[],"product_cat":[29,28],"product_tag":[32,33,34,35,36,37,38],"class_list":{"0":"post-2001","1":"product","2":"type-product","3":"status-publish","4":"has-post-thumbnail","6":"product_cat-caluanie-muelear-oxidize","7":"product_cat-general","8":"product_tag-buy-caluanie-muelear-oxidize-online","9":"product_tag-caluanie-for-sale","10":"product_tag-caluanie-muelear-oxidize-buy","11":"product_tag-caluanie-muelear-oxidize-price","12":"product_tag-caluanie-muelear-oxidize-usa","13":"product_tag-caluanie-price","14":"product_tag-muelear-oxidize-price","16":"first","17":"instock","18":"sale","19":"shipping-taxable","20":"purchasable","21":"product-type-variable"},"_links":{"self":[{"href":"https:\/\/pharma-chemical.com\/de\/wp-json\/wp\/v2\/product\/2001","targetHints":{"allow":["GET"]}}],"collection":[{"href":"https:\/\/pharma-chemical.com\/de\/wp-json\/wp\/v2\/product"}],"about":[{"href":"https:\/\/pharma-chemical.com\/de\/wp-json\/wp\/v2\/types\/product"}],"replies":[{"embeddable":true,"href":"https:\/\/pharma-chemical.com\/de\/wp-json\/wp\/v2\/comments?post=2001"}],"wp:featuredmedia":[{"embeddable":true,"href":"https:\/\/pharma-chemical.com\/de\/wp-json\/wp\/v2\/media\/2002"}],"wp:attachment":[{"href":"https:\/\/pharma-chemical.com\/de\/wp-json\/wp\/v2\/media?parent=2001"}],"wp:term":[{"taxonomy":"product_brand","embeddable":true,"href":"https:\/\/pharma-chemical.com\/de\/wp-json\/wp\/v2\/product_brand?post=2001"},{"taxonomy":"product_cat","embeddable":true,"href":"https:\/\/pharma-chemical.com\/de\/wp-json\/wp\/v2\/product_cat?post=2001"},{"taxonomy":"product_tag","embeddable":true,"href":"https:\/\/pharma-chemical.com\/de\/wp-json\/wp\/v2\/product_tag?post=2001"}],"curies":[{"name":"wp","href":"https:\/\/api.w.org\/{rel}","templated":true}]}}