{"id":2006,"date":"2025-01-22T10:43:24","date_gmt":"2025-01-22T10:43:24","guid":{"rendered":"https:\/\/pharma-chemical.com\/?post_type=product&#038;p=2006"},"modified":"2025-01-22T10:47:12","modified_gmt":"2025-01-22T10:47:12","slug":"wholesale-caluanie-muelear-oxidize","status":"publish","type":"product","link":"https:\/\/pharma-chemical.com\/de\/produkt\/wholesale-caluanie-muelear-oxidize\/","title":{"rendered":"Gro\u00dfhandel Caluanie Muelear Oxidize"},"content":{"rendered":"<p><strong>Pharmazeutische Chemie: F\u00fchrender Lieferant von Caluanie Muelear Oxidize<\/strong><\/p>\n<p class=\"serp-title\">Gro\u00dfhandel Caluanie Muelear Oxidize, Pharma Chemical ist sehr stolz darauf, ein f\u00fchrender Anbieter von <a href=\"https:\/\/pharma-chemical.com\/de\/\"><strong>Caluanie Muelear Oxidieren<\/strong><\/a> weltweit. Mit mehr als einem Jahrzehnt Branchenerfahrung sind wir bestrebt, unseren gesch\u00e4tzten Kunden auf der ganzen Welt Produkte von h\u00f6chster Qualit\u00e4t zu liefern. Unser Ruf als vertrauensw\u00fcrdige und verl\u00e4ssliche Quelle basiert auf einem au\u00dfergew\u00f6hnlichen Kundenservice und strengen Qualit\u00e4tskontrollstandards.<\/p>\n<p>Wenn Sie Interesse am Kauf von Caluanie Muelear Oxidize haben, k\u00f6nnen Sie sich gerne an uns wenden. Unser Team steht Ihnen jederzeit zur Verf\u00fcgung, um Sie zu unterst\u00fctzen und Ihre Fragen zu beantworten.<\/p>\n<h3><strong>Gro\u00dfhandelspreise f\u00fcr Caluanie Muelear Pasteurize<\/strong><\/h3>\n<p>Wir bieten <strong>Caluanie Muelear Pasteurisieren<\/strong>, ein hochwertiges L\u00f6sungsmittel f\u00fcr die Industrie, zu \u00e4u\u00dferst wettbewerbsf\u00e4higen Preisen, die auf Unternehmen jeder Gr\u00f6\u00dfe zugeschnitten sind. Mit einer Reihe von verf\u00fcgbaren Beh\u00e4ltergr\u00f6\u00dfen k\u00f6nnen Sie problemlos die Menge ausw\u00e4hlen, die Ihren betrieblichen Anforderungen entspricht, ohne Ihr Budget zu sprengen. Gro\u00dfhandel Caluanie Muelear Oxidize<\/p>\n<p>Unser Bestreben, erschwingliche Preise mit hervorragenden Produkten zu kombinieren, macht unsere <a href=\"https:\/\/www.globalsources.com\/Industrial-chemical\/Caluanie-Muelear-Oxidize-1215802325p.htm\" target=\"_blank\" rel=\"noopener\">Caluanie Muelear<\/a> Pasteurize ist die perfekte L\u00f6sung f\u00fcr Unternehmen, die zuverl\u00e4ssige und effiziente L\u00f6sungsmittel zur Rationalisierung ihrer Abl\u00e4ufe ben\u00f6tigen.<\/p>\n<h3><strong>Wie kaufe ich Caluanie Muelear Oxidize in gro\u00dfen Mengen online?<\/strong><\/h3>\n<p>Wir bei Pharma Chemical haben ein sicheres und benutzerfreundliches Bestellsystem entwickelt, um den Kauf von Caluanie Muelear Oxidize zu vereinfachen. Hier erfahren Sie, wie Sie Ihre Bestellung aufgeben k\u00f6nnen:<\/p>\n<ol>\n<li><strong>Besuchen Sie unsere offizielle Website<\/strong>: Beginnen Sie mit der Navigation auf der Website von Refined Industrial Chemicals, um sicherzustellen, dass Sie sich auf der rechtm\u00e4\u00dfigen Plattform befinden. Dieser Schritt sch\u00fctzt Ihren Kauf und hilft, gef\u00e4lschte Websites zu vermeiden.<\/li>\n<li><strong>Erkunden Sie den Produktkatalog<\/strong>: St\u00f6bern Sie in unserem Produktangebot, um die Optionen und Mengen zu finden, die Ihren Bed\u00fcrfnissen am besten entsprechen.<\/li>\n<li><strong>Zum Warenkorb hinzuf\u00fcgen<\/strong>: Nachdem Sie die gew\u00fcnschten Produkte ausgew\u00e4hlt haben, legen Sie sie in den Warenkorb, um Ihre Auswahl zu best\u00e4tigen, bevor Sie zur Kasse gehen.<\/li>\n<li><strong>Weiter zum Checkout<\/strong>: Pr\u00fcfen Sie an der Kasse Ihre Bestellung und w\u00e4hlen Sie eine sichere Zahlungsmethode. Wir bieten vertrauensw\u00fcrdige Optionen, einschlie\u00dflich Bitcoin, Zelle und Bank\u00fcberweisungen.<\/li>\n<li><strong>Versandinformationen bereitstellen<\/strong>: Geben Sie die erforderlichen Versanddaten ein, einschlie\u00dflich Ihrer Lieferadresse, um eine reibungslose und genaue Lieferung zu gew\u00e4hrleisten.<\/li>\n<li><strong>Best\u00e4tigung der Bestellung<\/strong>: Sobald Ihre Zahlung abgeschlossen ist, erhalten Sie eine E-Mail-Best\u00e4tigung mit Ihren Bestelldaten. Diese dient als Ihre Quittung und Kaufbest\u00e4tigung. Gro\u00dfhandel Caluanie Muelear Oxidize<\/li>\n<\/ol>\n<h3><strong>Zuverl\u00e4ssiger Versand und Lieferung<\/strong><\/h3>\n<p>Wir wissen, wie wichtig p\u00fcnktliche Lieferungen sind, und haben uns verpflichtet, schnelle und zuverl\u00e4ssige Versanddienste anzubieten. Unsere Prozesse sind darauf ausgerichtet, dass Ihr Paket sicher und p\u00fcnktlich bei Ihnen eintrifft - direkt vor Ihrer Haust\u00fcr.<\/p>\n<p>Wenn Sie zus\u00e4tzliche Informationen oder Hilfe bei Ihrer Bestellung ben\u00f6tigen, z\u00f6gern Sie bitte nicht, uns zu kontaktieren. Ihre Zufriedenheit ist unsere Priorit\u00e4t.<\/p>\n<p>&nbsp;<\/p>","protected":false},"excerpt":{"rendered":"<p>Pharma Chemical: Leading Supplier of Caluanie Muelear Oxidize Wholesale Caluanie Muelear Oxidize, Pharma Chemical takes immense pride in being a premier supplier of Caluanie Muelear Oxidize worldwide. With over a decade of industry experience, we are committed to delivering top-quality products to our valued clients across the globe. Our reputation as a trusted and dependable [&hellip;]<\/p>\n","protected":false},"featured_media":2007,"comment_status":"open","ping_status":"closed","template":"","meta":[],"product_brand":[],"product_cat":[29,28],"product_tag":[39,40,41,42,43,44],"class_list":{"0":"post-2006","1":"product","2":"type-product","3":"status-publish","4":"has-post-thumbnail","6":"product_cat-caluanie-muelear-oxidize","7":"product_cat-general","8":"product_tag-100l-caluanie","9":"product_tag-20l-caluanie","10":"product_tag-50l-caluanie","11":"product_tag-caluanie-in-bulk","12":"product_tag-caluanie-manufacturer","13":"product_tag-wlolesale-caluanie","15":"first","16":"instock","17":"sale","18":"shipping-taxable","19":"purchasable","20":"product-type-variable"},"_links":{"self":[{"href":"https:\/\/pharma-chemical.com\/de\/wp-json\/wp\/v2\/product\/2006","targetHints":{"allow":["GET"]}}],"collection":[{"href":"https:\/\/pharma-chemical.com\/de\/wp-json\/wp\/v2\/product"}],"about":[{"href":"https:\/\/pharma-chemical.com\/de\/wp-json\/wp\/v2\/types\/product"}],"replies":[{"embeddable":true,"href":"https:\/\/pharma-chemical.com\/de\/wp-json\/wp\/v2\/comments?post=2006"}],"wp:featuredmedia":[{"embeddable":true,"href":"https:\/\/pharma-chemical.com\/de\/wp-json\/wp\/v2\/media\/2007"}],"wp:attachment":[{"href":"https:\/\/pharma-chemical.com\/de\/wp-json\/wp\/v2\/media?parent=2006"}],"wp:term":[{"taxonomy":"product_brand","embeddable":true,"href":"https:\/\/pharma-chemical.com\/de\/wp-json\/wp\/v2\/product_brand?post=2006"},{"taxonomy":"product_cat","embeddable":true,"href":"https:\/\/pharma-chemical.com\/de\/wp-json\/wp\/v2\/product_cat?post=2006"},{"taxonomy":"product_tag","embeddable":true,"href":"https:\/\/pharma-chemical.com\/de\/wp-json\/wp\/v2\/product_tag?post=2006"}],"curies":[{"name":"wp","href":"https:\/\/api.w.org\/{rel}","templated":true}]}}