{"id":2012,"date":"2025-01-22T12:05:04","date_gmt":"2025-01-22T12:05:04","guid":{"rendered":"https:\/\/pharma-chemical.com\/?post_type=product&#038;p=2012"},"modified":"2025-01-22T12:11:18","modified_gmt":"2025-01-22T12:11:18","slug":"pure-red-liquid-mercury","status":"publish","type":"product","link":"https:\/\/pharma-chemical.com\/de\/produkt\/pure-red-liquid-mercury\/","title":{"rendered":"99.9% Reines rotes fl\u00fcssiges Quecksilber kaufen"},"content":{"rendered":"<p>Wir haben Red Mercury in gro\u00dfen Mengen verf\u00fcgbar und 90% unserer Produkte sind f\u00fcr den Export bestimmt. Unser Rot <a href=\"https:\/\/pharma-chemical.com\/de\/\">fl\u00fcssiges Quecksilber<\/a> erf\u00fcllt die Normen der internationalen Standards und unsere Produkte sind sehr empfehlenswert, wir verkaufen zu einem g\u00fcnstigen Preis.<\/p>\n<p>SPEZIFIKATION<\/p>\n<p>- Prime Red fl\u00fcssiges Quecksilber = 99,9999% Rein nach Gew. min.<br \/>\n- Frei von Schwermetallen<br \/>\n- Verpackung Eisenzylinder ( 34,5)kg Nettogewicht<br \/>\n- Physikalischer Zustand: Fl\u00fcssig<br \/>\n- Erscheinungsbild: Rot<br \/>\n- Geruch: geruchlos<br \/>\n- PH: Nicht verf\u00fcgbar.<br \/>\n- Dampfdruck: 0,002 mm Hg bei 25C<br \/>\n- Dichte des Dampfes: 7,0<br \/>\n- Verdunstungsrate: Nicht verf\u00fcgbar.<br \/>\n- Viskosit\u00e4t: 15,5 mPat 25 dig C<br \/>\n- Siedepunkt: 356,72 dig C<br \/>\n- Gefrier-\/Schmelzpunkt:-38,87 dig C<br \/>\n- Zersetzungstemperatur: Nicht verf\u00fcgbar.<br \/>\n- L\u00f6slichkeit: Unl\u00f6slich.<br \/>\n- Spezifisches Gewicht\/Dichte: 13,59 (Wasser=1)<br \/>\n- Molekulare Formel :Hg<br \/>\n- Molekulargewicht: 200.59<\/p>\n<p>Reines rotes Quecksilber zum Verkauf: Gro\u00dfhandel &amp; Einzelhandel, diskreter\/schneller Versand weltweit. Verf\u00fcgbare Produkte: reines rotes Quecksilber, Zinnober, Quecksilber-Antimonoxid. Wir liefern hochwertiges &amp; perfekt komponiertes reines rotes fl\u00fcssiges Quecksilber online zu g\u00fcnstigen &amp; erschwinglichen Preisen.<\/p>\n<p>Wir sind ein Premium-Gro\u00dfh\u00e4ndler &amp; Einzelh\u00e4ndler von reinem rotem Quecksilber online. Wir liefern reines rotes fl\u00fcssiges Quecksilber von hoher Qualit\u00e4t. Unsere Pure Red Liquid Quecksilber, ist sehr gefragt von Industrien weltweit zu Produkten eine Vielzahl von Produkten. Es ist von hoher Qualit\u00e4t und perfekt komponiert Pure <a href=\"https:\/\/www.facebook.com\/100063770243469\/videos\/red-mercury-for-sale-1-red-mercury-2020-usd-2600-gram2-red-mercury-2727-usd-1600\/708125817167398\/?locale=ms_MY\" target=\"_blank\" rel=\"noopener\">Rotes fl\u00fcssiges Quecksilber<\/a>. Pure Red Mercury liefert weltweit mit 100% Garantie f\u00fcr die Lieferung Ihres Produkts auf Zeit.<br \/>\nDie Intensit\u00e4t des roten Quecksilbers ist mit 20,2 g\/cm3 sehr hoch.<br \/>\nDiese Hg2 Sb207 Fl\u00fcssigkeit ist das Material der Milit\u00e4rlabore:<br \/>\nAntimon-Quecksilberoxid<br \/>\nAndere Bezeichnung: Cherry Red fl\u00fcssiges Quecksilber<br \/>\nFormel: Sb2O7Hg2<br \/>\nErscheinungsbild: Kirschrote metallische Fl\u00fcssigkeit<\/p>\n<p>WEITERE SPEZIFIKATIONEN<br \/>\nStrahlung: 0.794<br \/>\nTemperatur Linienwert: 160.87<br \/>\nVHTC mp-Reaktion: 1.024<br \/>\nK-Reaktion: 0.00016<br \/>\nP-Reaktion: 9.000-8.000<br \/>\nVDSA-Reaktion: 0,30-0,29<br \/>\nGamma-Wert: 0,026<br \/>\nSiedepunkt: 356.720<br \/>\nMG: 196,01 + _0,02\/moi Wassergehalt<br \/>\nForm: Fl\u00fcssig, rollenf\u00f6rmig<br \/>\nFarbe: Kirschenrot<br \/>\nMolare Masse : 756.7002 g\/mol<\/p>","protected":false},"excerpt":{"rendered":"<p>We have available Red Mercury in great quantities and 90% of our product is for exportation. Our Red liquid Mercury meets the norms of international standards and our products are highly recommended ,We sell at a discount price. SPECIFICATION &#8211; Prime Red liquid Mercury = 99.9999% Pure by wt min. &#8211; Free from heavy metals [&hellip;]<\/p>\n","protected":false},"featured_media":2022,"comment_status":"open","ping_status":"closed","template":"","meta":[],"product_brand":[],"product_cat":[30,28],"product_tag":[45,46,49,50,47,48],"class_list":{"0":"post-2012","1":"product","2":"type-product","3":"status-publish","4":"has-post-thumbnail","6":"product_cat-red-liquid-mercury","7":"product_cat-general","8":"product_tag-buy-99-9-pure-red-liquid-mercury","9":"product_tag-buy-pure-red-liquid-mercury","10":"product_tag-liquid-mercury","11":"product_tag-mercury","12":"product_tag-pure-red-liquid-mercury","13":"product_tag-red-liquid-mercury","15":"first","16":"instock","17":"sale","18":"shipping-taxable","19":"purchasable","20":"product-type-variable"},"_links":{"self":[{"href":"https:\/\/pharma-chemical.com\/de\/wp-json\/wp\/v2\/product\/2012","targetHints":{"allow":["GET"]}}],"collection":[{"href":"https:\/\/pharma-chemical.com\/de\/wp-json\/wp\/v2\/product"}],"about":[{"href":"https:\/\/pharma-chemical.com\/de\/wp-json\/wp\/v2\/types\/product"}],"replies":[{"embeddable":true,"href":"https:\/\/pharma-chemical.com\/de\/wp-json\/wp\/v2\/comments?post=2012"}],"wp:featuredmedia":[{"embeddable":true,"href":"https:\/\/pharma-chemical.com\/de\/wp-json\/wp\/v2\/media\/2022"}],"wp:attachment":[{"href":"https:\/\/pharma-chemical.com\/de\/wp-json\/wp\/v2\/media?parent=2012"}],"wp:term":[{"taxonomy":"product_brand","embeddable":true,"href":"https:\/\/pharma-chemical.com\/de\/wp-json\/wp\/v2\/product_brand?post=2012"},{"taxonomy":"product_cat","embeddable":true,"href":"https:\/\/pharma-chemical.com\/de\/wp-json\/wp\/v2\/product_cat?post=2012"},{"taxonomy":"product_tag","embeddable":true,"href":"https:\/\/pharma-chemical.com\/de\/wp-json\/wp\/v2\/product_tag?post=2012"}],"curies":[{"name":"wp","href":"https:\/\/api.w.org\/{rel}","templated":true}]}}