{"id":2023,"date":"2025-01-22T13:23:35","date_gmt":"2025-01-22T13:23:35","guid":{"rendered":"https:\/\/pharma-chemical.com\/?post_type=product&#038;p=2023"},"modified":"2025-01-22T14:04:23","modified_gmt":"2025-01-22T14:04:23","slug":"pure-silver-liquid-mercury","status":"publish","type":"product","link":"https:\/\/pharma-chemical.com\/de\/produkt\/pure-silver-liquid-mercury\/","title":{"rendered":"Reines Silber fl\u00fcssig Quecksilber"},"content":{"rendered":"<p>Wir haben Silber Quecksilber in gro\u00dfen Mengen verf\u00fcgbar und 90% unserer Produkte sind f\u00fcr den Export bestimmt. Unser Silber <a href=\"https:\/\/pharma-chemical.com\/de\/\">fl\u00fcssiges Quecksilber<\/a> erf\u00fcllt die Normen der internationalen Standards und unsere Produkte sind sehr empfehlenswert, wir verkaufen zu einem g\u00fcnstigen Preis.<\/p>\n<h2>SPEZIFIKATIONEN (Reines Silber, fl\u00fcssiges Quecksilber)<\/h2>\n<p>- Prime silver liquid Quecksilber = 99,9999% Rein nach Gewicht min.<br \/>\n- Frei von Schwermetallen<br \/>\n- Verpackung Eisenzylinder ( 34,5)kg Nettogewicht<br \/>\n- Physikalischer Zustand: Fl\u00fcssig<br \/>\n- Erscheinungsbild: Silber<br \/>\n- Geruch: geruchlos<br \/>\n- PH: Nicht verf\u00fcgbar.<br \/>\n- Dampfdruck: 0,002 mm Hg bei 25C<br \/>\n- Dichte des Dampfes: 7,0<br \/>\n- Verdunstungsrate: Nicht verf\u00fcgbar.<br \/>\n- Viskosit\u00e4t: 15,5 mPat 25 dig C<br \/>\n- Siedepunkt: 356,72 dig C<br \/>\n- Gefrier-\/Schmelzpunkt:-38,87 dig C<br \/>\n- Zersetzungstemperatur: Nicht verf\u00fcgbar.<br \/>\n- L\u00f6slichkeit: Unl\u00f6slich.<br \/>\n- Spezifisches Gewicht\/Dichte: 13,59 (Wasser=1)<br \/>\n- Molekulare Formel :Hg<br \/>\n- Molekulargewicht: 200.59<\/p>\n<p>Reines Silberquecksilber zu verkaufen: Gro\u00df- und Einzelhandel, diskreter\/schneller Versand weltweit. Verf\u00fcgbare Produkte: Reines Silber Quecksilber, Zinnober, Quecksilber-Antimonoxid. Wir liefern hochwertige &amp; perfekt komponiert Reines Silber fl\u00fcssiges Quecksilber online zu g\u00fcnstigen &amp; erschwinglichen Preisen.<\/p>\n<p>Wir sind ein Premium-Gro\u00dfh\u00e4ndler &amp; Einzelh\u00e4ndler von Pure <a href=\"https:\/\/www.tiktok.com\/discover\/mercury-price-per-gram\" target=\"_blank\" rel=\"noopener\">Silberner Merkur Online<\/a>. Wir liefern reines Silber fl\u00fcssiges Quecksilber von gro\u00dfer Qualit\u00e4t. Unsere reines Silber fl\u00fcssiges Quecksilber, ist sehr gefragt von der Industrie auf der ganzen Welt, um eine breite Palette von Produkten. Es ist hochwertig und perfekt komponiert reinem Silber fl\u00fcssiges Quecksilber. Reines Silber Quecksilber Schiffe weltweit mit 100% Garantie f\u00fcr die Lieferung Ihres Produkts auf Zeit.<br \/>\nDie Intensit\u00e4t von Silberquecksilber ist mit 20,2 g\/cm3 sehr hoch.<br \/>\nDiese Hg2 Sb207 Fl\u00fcssigkeit ist das Material der Milit\u00e4rlabore:<br \/>\nAntimon-Quecksilberoxid<\/p>\n<p>WEITERE SPEZIFIKATIONEN<\/p>\n<p>Reinheit von Quecksilber = 99,99% Rein nach Gewicht min.<\/p>\n<p>- Frei von Schwermetallen<\/p>\n<p>- Verpackung Eisenzylinder ( 34,5)kg Nettogewicht<\/p>\n<p>- Physikalischer Zustand: Fl\u00fcssig<\/p>\n<p>- Erscheinungsbild: Silber<\/p>\n<p>- Geruch: geruchlos<\/p>\n<p>- PH: Nicht verf\u00fcgbar.<\/p>\n<p>- Dampfdruck: 0,002 mm Hg bei 25C<\/p>\n<p>- Dichte des Dampfes: 7,0<\/p>\n<p>- Verdunstungsrate: Nicht verf\u00fcgbar.<\/p>\n<p>- Viskosit\u00e4t: 15,5 mP bei 25 dig C<\/p>\n<p>- Siedepunkt: 356,72 dig C<\/p>\n<p>- Gefrier-\/Schmelzpunkt:-38,87 dig C<\/p>\n<p>- Zersetzungstemperatur: Nicht verf\u00fcgbar.<\/p>\n<p>- L\u00f6slichkeit: Unl\u00f6slich.<\/p>\n<p>- Spezifisches Gewicht\/Dichte: 13,59 (Wasser=1)<\/p>\n<p>- Molekulare Formel :Hg<\/p>\n<p>- Molekulargewicht: 200.59<\/p>\n<p>Quecksilber Verpackung:34,5kg Stahlflasche<\/p>\n<p>Die von uns angebotenen Stahlcontainer erf\u00fcllen die Anforderungen von DOT, U.S. EPA und U.N. f\u00fcr den Transport von Gefahrgut<\/p>\n<p>Inspektion: Die Inspektion auf Gewicht und Qualit\u00e4t wird im Verladehafen auf Kosten des Verk\u00e4ufers durchgef\u00fchrt.<\/p>\n<p>Lieferf\u00e4higkeit: 250MT \/Monat.<\/p>\n<p>Versandart: 20-Fu\u00df-Container (20 Tonnen pro Container) \/ Lkw-Lieferung (lokal), Luftfracht.<\/p>\n<p>Beladung: 580 Fl\u00e4schchen pro Container. (34,5 kg pro Flasche)<\/p>","protected":false},"excerpt":{"rendered":"<p>We have available silver Mercury in great quantities and 90% of our product is for exportation. Our silver liquid Mercury meets the norms of international standards and our products are highly recommended ,We sell at a discount price. SPECIFICATION ( Pure silver liquid Mercury) &#8211; Prime silver liquid Mercury = 99.9999% Pure by wt min. [&hellip;]<\/p>\n","protected":false},"featured_media":2024,"comment_status":"open","ping_status":"closed","template":"","meta":[],"product_brand":[],"product_cat":[31,28],"product_tag":[51,49,50,52,53],"class_list":{"0":"post-2023","1":"product","2":"type-product","3":"status-publish","4":"has-post-thumbnail","6":"product_cat-silver-liquid-mercury","7":"product_cat-general","8":"product_tag-buy-99-9-pure-silver-liquid-mercury","9":"product_tag-liquid-mercury","10":"product_tag-mercury","11":"product_tag-pure-silver-liquid-mercury","12":"product_tag-silver-liquid-mercury","14":"first","15":"instock","16":"sale","17":"shipping-taxable","18":"purchasable","19":"product-type-variable"},"_links":{"self":[{"href":"https:\/\/pharma-chemical.com\/de\/wp-json\/wp\/v2\/product\/2023","targetHints":{"allow":["GET"]}}],"collection":[{"href":"https:\/\/pharma-chemical.com\/de\/wp-json\/wp\/v2\/product"}],"about":[{"href":"https:\/\/pharma-chemical.com\/de\/wp-json\/wp\/v2\/types\/product"}],"replies":[{"embeddable":true,"href":"https:\/\/pharma-chemical.com\/de\/wp-json\/wp\/v2\/comments?post=2023"}],"wp:featuredmedia":[{"embeddable":true,"href":"https:\/\/pharma-chemical.com\/de\/wp-json\/wp\/v2\/media\/2024"}],"wp:attachment":[{"href":"https:\/\/pharma-chemical.com\/de\/wp-json\/wp\/v2\/media?parent=2023"}],"wp:term":[{"taxonomy":"product_brand","embeddable":true,"href":"https:\/\/pharma-chemical.com\/de\/wp-json\/wp\/v2\/product_brand?post=2023"},{"taxonomy":"product_cat","embeddable":true,"href":"https:\/\/pharma-chemical.com\/de\/wp-json\/wp\/v2\/product_cat?post=2023"},{"taxonomy":"product_tag","embeddable":true,"href":"https:\/\/pharma-chemical.com\/de\/wp-json\/wp\/v2\/product_tag?post=2023"}],"curies":[{"name":"wp","href":"https:\/\/api.w.org\/{rel}","templated":true}]}}