{"id":1593,"date":"2024-11-21T12:36:15","date_gmt":"2024-11-21T12:36:15","guid":{"rendered":"https:\/\/pharma-chemical.com\/?page_id=1593"},"modified":"2025-08-04T07:26:22","modified_gmt":"2025-08-04T07:26:22","slug":"caluanie-muelear-oxidize-price","status":"publish","type":"page","link":"https:\/\/pharma-chemical.com\/es\/caluanie-muelear-oxidize-price\/","title":{"rendered":"C\u00d3MO PEDIR"},"content":{"rendered":"<p><strong>C\u00f3mo pedir Caluanie Muelear Oxidize a <a href=\"https:\/\/pharma-chemical.com\/es\/\">Farmacia-qu\u00edmica<\/a><\/strong><\/p>\n\n\n\n<p>En Pharma-Chemical, hacemos que la compra sea f\u00e1cil y segura <strong>Caluanie Muelear Oxidar<\/strong> para sus necesidades industriales. Gracias a nuestro compromiso con la calidad, la fiabilidad y la satisfacci\u00f3n del cliente, garantizamos un proceso de pedido fluido de principio a fin. Siga los pasos que se indican a continuaci\u00f3n para realizar su pedido y obtener lo mejor <strong>Caluanie Muelear Oxidar precio<\/strong> en el mercado.<\/p>\n\n\n\n<figure class=\"wp-block-image size-full\"><img fetchpriority=\"high\" decoding=\"async\" width=\"965\" height=\"359\" src=\"https:\/\/pharma-chemical.com\/wp-content\/uploads\/2024\/12\/8ui88.png\" alt=\"\" class=\"wp-image-1782\" srcset=\"https:\/\/pharma-chemical.com\/wp-content\/uploads\/2024\/12\/8ui88.png 965w, https:\/\/pharma-chemical.com\/wp-content\/uploads\/2024\/12\/8ui88-600x223.png 600w, https:\/\/pharma-chemical.com\/wp-content\/uploads\/2024\/12\/8ui88-300x112.webp 300w, https:\/\/pharma-chemical.com\/wp-content\/uploads\/2024\/12\/8ui88-768x286.webp 768w\" sizes=\"(max-width: 965px) 100vw, 965px\" \/><\/figure>\n\n\n\n<div id=\"ez-toc-container\" class=\"ez-toc-v2_0_82_2 counter-hierarchy ez-toc-counter ez-toc-grey ez-toc-container-direction\">\n<div class=\"ez-toc-title-container\">\n<p class=\"ez-toc-title\" style=\"cursor:inherit\">\u00cdndice<\/p>\n<span class=\"ez-toc-title-toggle\"><a href=\"#\" class=\"ez-toc-pull-right ez-toc-btn ez-toc-btn-xs ez-toc-btn-default ez-toc-toggle\" aria-label=\"Alternar tabla de contenidos\"><span class=\"ez-toc-js-icon-con\"><span class=\"\"><span class=\"eztoc-hide\" style=\"display:none;\">Toggle<\/span><span class=\"ez-toc-icon-toggle-span\"><svg style=\"fill: #999;color:#999\" xmlns=\"http:\/\/www.w3.org\/2000\/svg\" class=\"list-377408\" width=\"20px\" height=\"20px\" viewbox=\"0 0 24 24\" fill=\"none\"><path d=\"M6 6H4v2h2V6zm14 0H8v2h12V6zM4 11h2v2H4v-2zm16 0H8v2h12v-2zM4 16h2v2H4v-2zm16 0H8v2h12v-2z\" fill=\"currentColor\"><\/path><\/svg><svg style=\"fill: #999;color:#999\" class=\"arrow-unsorted-368013\" xmlns=\"http:\/\/www.w3.org\/2000\/svg\" width=\"10px\" height=\"10px\" viewbox=\"0 0 24 24\" version=\"1.2\" baseprofile=\"tiny\"><path d=\"M18.2 9.3l-6.2-6.3-6.2 6.3c-.2.2-.3.4-.3.7s.1.5.3.7c.2.2.4.3.7.3h11c.3 0 .5-.1.7-.3.2-.2.3-.5.3-.7s-.1-.5-.3-.7zM5.8 14.7l6.2 6.3 6.2-6.3c.2-.2.3-.5.3-.7s-.1-.5-.3-.7c-.2-.2-.4-.3-.7-.3h-11c-.3 0-.5.1-.7.3-.2.2-.3.5-.3.7s.1.5.3.7z\"\/><\/svg><\/span><\/span><\/span><\/a><\/span><\/div>\n<nav><ul class='ez-toc-list ez-toc-list-level-1' ><li class='ez-toc-page-1 ez-toc-heading-level-3'><a class=\"ez-toc-link ez-toc-heading-1\" href=\"https:\/\/pharma-chemical.com\/es\/caluanie-muelear-oxidize-price\/#Step_1_Submit_Your_Inquiry_Place_your_order_by_selecting_your_product_from_our_Shop_and_proceed_to_Checkout\" >Step 1: Submit Your Inquiry \/Place your order by selecting your product from our Shop and proceed to Checkout.<\/a><\/li><li class='ez-toc-page-1 ez-toc-heading-level-3'><a class=\"ez-toc-link ez-toc-heading-2\" href=\"https:\/\/pharma-chemical.com\/es\/caluanie-muelear-oxidize-price\/#Step_2_Confirm_Your_Order\" >Paso 2: Confirme su pedido<\/a><\/li><li class='ez-toc-page-1 ez-toc-heading-level-3'><a class=\"ez-toc-link ez-toc-heading-3\" href=\"https:\/\/pharma-chemical.com\/es\/caluanie-muelear-oxidize-price\/#Step_3_Make_Payment\" >Paso 3: Realizar el pago<\/a><\/li><li class='ez-toc-page-1 ez-toc-heading-level-3'><a class=\"ez-toc-link ez-toc-heading-4\" href=\"https:\/\/pharma-chemical.com\/es\/caluanie-muelear-oxidize-price\/#Step_4_Order_Processing_and_Dispatch\" >Paso 4: Tramitaci\u00f3n y env\u00edo del pedido<\/a><\/li><li class='ez-toc-page-1 ez-toc-heading-level-3'><a class=\"ez-toc-link ez-toc-heading-5\" href=\"https:\/\/pharma-chemical.com\/es\/caluanie-muelear-oxidize-price\/#Step_5_Track_Your_Shipment\" >Paso 5: Seguimiento del env\u00edo<\/a><\/li><li class='ez-toc-page-1 ez-toc-heading-level-3'><a class=\"ez-toc-link ez-toc-heading-6\" href=\"https:\/\/pharma-chemical.com\/es\/caluanie-muelear-oxidize-price\/#Why_Choose_Pharma-Chemical\" >\u00bfPor qu\u00e9 elegir Pharma-Chemical?<\/a><\/li><li class='ez-toc-page-1 ez-toc-heading-level-3'><a class=\"ez-toc-link ez-toc-heading-7\" href=\"https:\/\/pharma-chemical.com\/es\/caluanie-muelear-oxidize-price\/#Contact_Us_to_Order_Now\" >P\u00f3ngase en contacto con nosotros<\/a><\/li><\/ul><\/nav><\/div>\n<h3 class=\"wp-block-heading\"><span class=\"ez-toc-section\" id=\"Step_1_Submit_Your_Inquiry_Place_your_order_by_selecting_your_product_from_our_Shop_and_proceed_to_Checkout\"><\/span><strong>Paso 1: Env\u00ede su consulta<\/strong> \/Place your order by selecting your product from our Shop and proceed to Checkout.<span class=\"ez-toc-section-end\"><\/span><\/h3>\n\n\n\n<p>P\u00f3ngase en contacto con nosotros a trav\u00e9s de nuestro sitio web oficial, correo electr\u00f3nico o l\u00ednea directa de atenci\u00f3n al cliente para solicitar detalles y precios de los productos. Aseg\u00farese de incluir:<\/p>\n\n\n\n<ul class=\"wp-block-list\">\n<li>La cantidad de <strong><a href=\"https:\/\/www.youtube.com\/watch?v=GqbOrOtJEyY\" target=\"_blank\" rel=\"noopener\">Caluanie Muelear Oxidar<\/a><\/strong><\/li>\n\n\n\n<li>Su lugar de env\u00edo<\/li>\n\n\n\n<li>Requisitos espec\u00edficos o plazos<\/li>\n<\/ul>\n\n\n\n<p>Nuestro equipo le responder\u00e1 r\u00e1pidamente con las especificaciones del producto, la actual <strong>Caluanie Muelear Oxidar precio<\/strong>y detalles de disponibilidad.<\/p>\n\n\n\n<h3 class=\"wp-block-heading\"><span class=\"ez-toc-section\" id=\"Step_2_Confirm_Your_Order\"><\/span><strong>Paso 2: Confirme su pedido<\/strong><span class=\"ez-toc-section-end\"><\/span><\/h3>\n\n\n\n<p>Una vez que haya revisado los detalles, confirme su pedido indicando lo siguiente:<\/p>\n\n\n\n<ul class=\"wp-block-list\">\n<li>Una orden de compra o confirmaci\u00f3n oficial por correo electr\u00f3nico<\/li>\n\n\n\n<li>Informaci\u00f3n de facturaci\u00f3n y env\u00edo<\/li>\n\n\n\n<li>M\u00e9todo de entrega preferido (env\u00edo est\u00e1ndar o urgente)<\/li>\n<\/ul>\n\n\n\n<p>Procesaremos su pedido y le proporcionaremos una factura junto con las instrucciones de pago.<\/p>\n\n\n\n<h3 class=\"wp-block-heading\"><span class=\"ez-toc-section\" id=\"Step_3_Make_Payment\"><\/span><strong>Paso 3: Realizar el pago<\/strong><span class=\"ez-toc-section-end\"><\/span><\/h3>\n\n\n\n<p>Elija entre nuestras opciones de pago seguro, como transferencia bancaria, tarjeta de cr\u00e9dito u otros m\u00e9todos aprobados. Todas las transacciones est\u00e1n protegidas, lo que garantiza su tranquilidad.<\/p>\n\n\n\n<h3 class=\"wp-block-heading\"><span class=\"ez-toc-section\" id=\"Step_4_Order_Processing_and_Dispatch\"><\/span><strong>Paso 4: Tramitaci\u00f3n y env\u00edo del pedido<\/strong><span class=\"ez-toc-section-end\"><\/span><\/h3>\n\n\n\n<p>Tras la confirmaci\u00f3n del pago, nuestro equipo tramitar\u00e1 su pedido inmediatamente. Nos adherimos a estrictas medidas de control de calidad para garantizar su <strong>Caluanie Muelear Oxidar<\/strong> se embala y env\u00eda de forma segura.<\/p>\n\n\n\n<h3 class=\"wp-block-heading\"><span class=\"ez-toc-section\" id=\"Step_5_Track_Your_Shipment\"><\/span><strong>Paso 5: Seguimiento del env\u00edo<\/strong><span class=\"ez-toc-section-end\"><\/span><\/h3>\n\n\n\n<p>Una vez enviado, le proporcionaremos informaci\u00f3n de seguimiento para que pueda supervisar el progreso de su env\u00edo. Nuestra red de entrega mundial garantiza una entrega puntual y segura en el lugar especificado.<\/p>\n\n\n\n<h3 class=\"wp-block-heading\"><span class=\"ez-toc-section\" id=\"Why_Choose_Pharma-Chemical\"><\/span><strong>\u00bfPor qu\u00e9 elegir Pharma-Chemical?<\/strong><span class=\"ez-toc-section-end\"><\/span><\/h3>\n\n\n\n<ul class=\"wp-block-list\">\n<li>Competitivo <strong>Caluanie Muelear Oxidar precios<\/strong><\/li>\n\n\n\n<li>Productos de alta calidad y rigurosamente probados<\/li>\n\n\n\n<li>Entrega fiable en todo el mundo<\/li>\n\n\n\n<li>Asistencia al cliente 24 horas al d\u00eda, 7 d\u00edas a la semana<\/li>\n\n\n\n<li>Un proveedor de confianza con d\u00e9cadas de experiencia en la industria qu\u00edmica<\/li>\n<\/ul>\n\n\n\n<h3 class=\"wp-block-heading\"><span class=\"ez-toc-section\" id=\"Contact_Us_to_Order_Now\"><\/span><strong>P\u00f3ngase en contacto con nosotros<\/strong><span class=\"ez-toc-section-end\"><\/span><\/h3>\n\n\n\n<p>No espere: consiga lo mejor <strong>Caluanie Muelear Oxidar precio<\/strong> \u00a1hoy mismo! P\u00f3ngase en contacto con Pharma-Chemical a trav\u00e9s de:<\/p>\n\n\n\n<ul class=\"wp-block-list\">\n<li><strong>Correo electr\u00f3nico<\/strong>: info@pharma-chemical.com<\/li>\n\n\n\n<li>N\u00famero de WhatsApp: +1 (424) 242-5629<\/li>\n\n\n\n<li><strong>Formulario en l\u00ednea<\/strong>: <a href=\"https:\/\/pharma-chemical.com\/es\/blog\/\">Pulse aqu\u00ed<\/a><\/li>\n<\/ul>\n\n\n\n<p>Experimente un pedido sin problemas, una calidad excepcional y un servicio inigualable con Pharma-Chemical<\/p>","protected":false},"excerpt":{"rendered":"<p>How to Order Caluanie Muelear Oxidize from Pharma-Chemical At Pharma-Chemical, we make it easy and secure to purchase Caluanie Muelear Oxidize for your industrial needs. With our commitment to quality, reliability, and customer satisfaction, we ensure a smooth ordering process from start to finish. Follow the steps below to place your order and get the [&hellip;]<\/p>\n","protected":false},"author":1,"featured_media":1783,"parent":0,"menu_order":0,"comment_status":"closed","ping_status":"closed","template":"","meta":{"footnotes":""},"class_list":["post-1593","page","type-page","status-publish","has-post-thumbnail","hentry"],"blocksy_meta":[],"_links":{"self":[{"href":"https:\/\/pharma-chemical.com\/es\/wp-json\/wp\/v2\/pages\/1593","targetHints":{"allow":["GET"]}}],"collection":[{"href":"https:\/\/pharma-chemical.com\/es\/wp-json\/wp\/v2\/pages"}],"about":[{"href":"https:\/\/pharma-chemical.com\/es\/wp-json\/wp\/v2\/types\/page"}],"author":[{"embeddable":true,"href":"https:\/\/pharma-chemical.com\/es\/wp-json\/wp\/v2\/users\/1"}],"replies":[{"embeddable":true,"href":"https:\/\/pharma-chemical.com\/es\/wp-json\/wp\/v2\/comments?post=1593"}],"version-history":[{"count":3,"href":"https:\/\/pharma-chemical.com\/es\/wp-json\/wp\/v2\/pages\/1593\/revisions"}],"predecessor-version":[{"id":2077,"href":"https:\/\/pharma-chemical.com\/es\/wp-json\/wp\/v2\/pages\/1593\/revisions\/2077"}],"wp:featuredmedia":[{"embeddable":true,"href":"https:\/\/pharma-chemical.com\/es\/wp-json\/wp\/v2\/media\/1783"}],"wp:attachment":[{"href":"https:\/\/pharma-chemical.com\/es\/wp-json\/wp\/v2\/media?parent=1593"}],"curies":[{"name":"wp","href":"https:\/\/api.w.org\/{rel}","templated":true}]}}