{"id":2001,"date":"2025-01-21T18:00:42","date_gmt":"2025-01-21T18:00:42","guid":{"rendered":"https:\/\/pharma-chemical.com\/?post_type=product&#038;p=2001"},"modified":"2025-01-21T18:02:34","modified_gmt":"2025-01-21T18:02:34","slug":"caluanie-muelear-oxidize-for-sale","status":"publish","type":"product","link":"https:\/\/pharma-chemical.com\/es\/producto\/caluanie-muelear-oxidize-for-sale\/","title":{"rendered":"Venta de Caluanie Muelear Oxidize"},"content":{"rendered":"<h3><strong>Venta de Caluanie Muelear Oxidize<\/strong><\/h3>\n<p>Pharma Chemical se enorgullece de ser un proveedor l\u00edder de <a href=\"https:\/\/pharma-chemical.com\/es\/culluanie-muelear-oxidize\/\"><strong>Caluanie Muelear Oxidar<\/strong><\/a> en todo el mundo. Con m\u00e1s de una d\u00e9cada de experiencia en la industria qu\u00edmica, nos comprometemos a suministrar productos de primera calidad a nuestros valiosos clientes. Nuestra dedicaci\u00f3n a un servicio de atenci\u00f3n al cliente excepcional y a unos rigurosos est\u00e1ndares de calidad nos ha consolidado como una fuente fiable y de confianza. Si tiene alguna pregunta sobre la compra de Caluanie Muelear Oxidize, no dude en ponerse en contacto con nosotros: estaremos encantados de ayudarle.<\/p>\n<h3><strong>Precios asequibles para Caluanie Muelear Pasteurize<\/strong><\/h3>\n<p>Ofrecemos <a href=\"https:\/\/www.facebook.com\/61551201980445\/videos\/new-products\/292173877322675\/\" target=\"_blank\" rel=\"noopener\"><strong>Caluanie Muelear Pasteurizar<\/strong><\/a>un disolvente industrial de alta calidad, a precios competitivos para satisfacer las necesidades de empresas de todos los tama\u00f1os. Nuestra selecci\u00f3n de tama\u00f1os de envases le permite elegir la cantidad que mejor se adapte a sus requisitos operativos y a su presupuesto. Combinando la asequibilidad con una calidad de producto excepcional, nuestro Caluanie Muelear Pasteurize es la soluci\u00f3n ideal para las empresas que buscan disolventes eficaces y fiables para sus operaciones.<\/p>\n<h3><strong>C\u00f3mo comprar Caluanie Muelear Oxidize en l\u00ednea<\/strong><\/h3>\n<p>En Refined Industrial Chemicals, hemos simplificado el proceso de pedido para garantizar una experiencia c\u00f3moda y segura a nuestros clientes. A continuaci\u00f3n le indicamos c\u00f3mo puede realizar un pedido: Caluanie Muelear Oxidize en venta<\/p>\n<ol>\n<li><strong>Visite nuestro sitio web<\/strong>: Vaya al sitio web oficial de Refined Industrial Chemicals para asegurarse de que est\u00e1 accediendo a una plataforma leg\u00edtima. Este paso ayuda a proteger su compra y evitar sitios web falsificados.<\/li>\n<li><strong>Consulte nuestro cat\u00e1logo<\/strong>: Explore nuestro cat\u00e1logo de productos para revisar las opciones disponibles y seleccionar la cantidad deseada de Caluanie Muelear Oxidize.<\/li>\n<li><strong>A\u00f1adir a la cesta<\/strong>: Una vez que haya hecho su selecci\u00f3n, a\u00f1ada el producto a su cesta virtual para confirmar sus elecciones antes de continuar.<\/li>\n<li><strong>Pasar por caja<\/strong>: Revise su pedido en la caja y seleccione un m\u00e9todo de pago seguro. Ofrecemos opciones de confianza, como Bitcoin y transferencia bancaria.<\/li>\n<li><strong>Informaci\u00f3n de env\u00edo<\/strong>: Introduzca los datos de env\u00edo necesarios para garantizar un env\u00edo correcto y sin problemas a su direcci\u00f3n preferida.<\/li>\n<li><strong>Confirmaci\u00f3n de pedido<\/strong>: Despu\u00e9s de completar el pago, recibir\u00e1 un correo electr\u00f3nico confirmando los detalles de su pedido. Esta confirmaci\u00f3n sirve como su recibo. Venta de Caluanie Muelear Oxidize<\/li>\n<\/ol>\n<h3><strong>Env\u00edo r\u00e1pido y fiable<\/strong><\/h3>\n<p>Somos conscientes de la importancia de una entrega r\u00e1pida. Por eso ofrecemos opciones de env\u00edo eficaces y seguras para garantizar que su paquete llegue a tiempo y en perfectas condiciones. Entregar su pedido de forma segura y r\u00e1pida es nuestra m\u00e1xima prioridad. Caluanie Muelear Oxidize en venta<\/p>\n<p>Para obtener m\u00e1s informaci\u00f3n o ayuda con su pedido, no dude en ponerse en contacto con nosotros en cualquier momento.<\/p>\n<p>&nbsp;<\/p>","protected":false},"excerpt":{"rendered":"<p>Caluanie Muelear Oxidize for Sale Pharma Chemical is proud to be a leading supplier of Caluanie Muelear Oxidize worldwide. With over a decade of experience in the chemical industry, we are committed to providing premium-quality products to our valued clients. Our dedication to exceptional customer service and rigorous quality standards has established us as a [&hellip;]<\/p>\n","protected":false},"featured_media":2002,"comment_status":"open","ping_status":"closed","template":"","meta":[],"product_brand":[],"product_cat":[29,28],"product_tag":[32,33,34,35,36,37,38],"class_list":{"0":"post-2001","1":"product","2":"type-product","3":"status-publish","4":"has-post-thumbnail","6":"product_cat-caluanie-muelear-oxidize","7":"product_cat-general","8":"product_tag-buy-caluanie-muelear-oxidize-online","9":"product_tag-caluanie-for-sale","10":"product_tag-caluanie-muelear-oxidize-buy","11":"product_tag-caluanie-muelear-oxidize-price","12":"product_tag-caluanie-muelear-oxidize-usa","13":"product_tag-caluanie-price","14":"product_tag-muelear-oxidize-price","16":"first","17":"instock","18":"sale","19":"shipping-taxable","20":"purchasable","21":"product-type-variable"},"_links":{"self":[{"href":"https:\/\/pharma-chemical.com\/es\/wp-json\/wp\/v2\/product\/2001","targetHints":{"allow":["GET"]}}],"collection":[{"href":"https:\/\/pharma-chemical.com\/es\/wp-json\/wp\/v2\/product"}],"about":[{"href":"https:\/\/pharma-chemical.com\/es\/wp-json\/wp\/v2\/types\/product"}],"replies":[{"embeddable":true,"href":"https:\/\/pharma-chemical.com\/es\/wp-json\/wp\/v2\/comments?post=2001"}],"wp:featuredmedia":[{"embeddable":true,"href":"https:\/\/pharma-chemical.com\/es\/wp-json\/wp\/v2\/media\/2002"}],"wp:attachment":[{"href":"https:\/\/pharma-chemical.com\/es\/wp-json\/wp\/v2\/media?parent=2001"}],"wp:term":[{"taxonomy":"product_brand","embeddable":true,"href":"https:\/\/pharma-chemical.com\/es\/wp-json\/wp\/v2\/product_brand?post=2001"},{"taxonomy":"product_cat","embeddable":true,"href":"https:\/\/pharma-chemical.com\/es\/wp-json\/wp\/v2\/product_cat?post=2001"},{"taxonomy":"product_tag","embeddable":true,"href":"https:\/\/pharma-chemical.com\/es\/wp-json\/wp\/v2\/product_tag?post=2001"}],"curies":[{"name":"wp","href":"https:\/\/api.w.org\/{rel}","templated":true}]}}