{"id":2006,"date":"2025-01-22T10:43:24","date_gmt":"2025-01-22T10:43:24","guid":{"rendered":"https:\/\/pharma-chemical.com\/?post_type=product&#038;p=2006"},"modified":"2025-01-22T10:47:12","modified_gmt":"2025-01-22T10:47:12","slug":"wholesale-caluanie-muelear-oxidize","status":"publish","type":"product","link":"https:\/\/pharma-chemical.com\/es\/producto\/wholesale-caluanie-muelear-oxidize\/","title":{"rendered":"Mayorista Caluanie Muelear Oxidar"},"content":{"rendered":"<p><strong>Qu\u00edmica farmac\u00e9utica: Proveedor l\u00edder de Caluanie Muelear Oxidize<\/strong><\/p>\n<p class=\"serp-title\">Venta al por mayor Caluanie Muelear Oxidize, Pharma Chemical se enorgullece de ser un proveedor l\u00edder de <a href=\"https:\/\/pharma-chemical.com\/es\/\"><strong>Caluanie Muelear Oxidar<\/strong><\/a> en todo el mundo. Con m\u00e1s de una d\u00e9cada de experiencia en el sector, nos comprometemos a suministrar productos de la m\u00e1xima calidad a nuestros valiosos clientes de todo el mundo. Nuestra reputaci\u00f3n como fuente fiable y de confianza se basa en un servicio al cliente excepcional y en estrictas normas de control de calidad.<\/p>\n<p>Si est\u00e1 interesado en comprar Caluanie Muelear Oxidize, no dude en ponerse en contacto con nosotros. Nuestro equipo est\u00e1 siempre a su disposici\u00f3n para ayudarle y responder a sus preguntas.<\/p>\n<h3><strong>Precios al por mayor para Caluanie Muelear Pasteurize<\/strong><\/h3>\n<p>Ofrecemos <strong>Caluanie Muelear Pasteurizar<\/strong>un disolvente industrial de primera calidad, a precios muy competitivos adaptados a empresas de todos los tama\u00f1os. Con una gama de tama\u00f1os de envases disponibles, puede seleccionar f\u00e1cilmente la cantidad que satisfaga sus necesidades operativas sin salirse de su presupuesto. Mayorista Caluanie Muelear Oxidar<\/p>\n<p>Nuestro compromiso de combinar la asequibilidad con la excelencia del producto hace que nuestro <a href=\"https:\/\/www.globalsources.com\/Industrial-chemical\/Caluanie-Muelear-Oxidize-1215802325p.htm\" target=\"_blank\" rel=\"noopener\">Caluanie Muelear<\/a> Pasteurize la soluci\u00f3n perfecta para las empresas que necesitan disolventes fiables y eficaces para agilizar sus operaciones.<\/p>\n<h3><strong>C\u00f3mo comprar Caluanie Muelear Oxidize a granel en l\u00ednea<\/strong><\/h3>\n<p>En Pharma Chemical, hemos dise\u00f1ado un sistema de pedidos seguro y f\u00e1cil de usar para simplificar el proceso de compra de Caluanie Muelear Oxidize. A continuaci\u00f3n le indicamos c\u00f3mo realizar su pedido:<\/p>\n<ol>\n<li><strong>Visite nuestro sitio web oficial<\/strong>: Empiece por navegar hasta el sitio web de Refined Industrial Chemicals para asegurarse de que se encuentra en la plataforma leg\u00edtima. Este paso protege su compra y ayuda a evitar sitios web falsificados.<\/li>\n<li><strong>Explorar el cat\u00e1logo de productos<\/strong>: Navegue por nuestra oferta de productos para encontrar las opciones y cantidades que mejor se adapten a sus necesidades.<\/li>\n<li><strong>A\u00f1adir a la cesta<\/strong>: Despu\u00e9s de seleccionar los productos deseados, a\u00f1\u00e1dalos a su cesta para confirmar sus elecciones antes de pasar por caja.<\/li>\n<li><strong>Pasar por caja<\/strong>: En la caja, revise su pedido y elija un m\u00e9todo de pago seguro. Ofrecemos opciones de confianza, como Bitcoin, Zelle y transferencias bancarias.<\/li>\n<li><strong>Informaci\u00f3n de env\u00edo<\/strong>: Introduzca los datos de env\u00edo necesarios, incluida su direcci\u00f3n de entrega, para garantizar una entrega correcta y sin problemas.<\/li>\n<li><strong>Confirmaci\u00f3n de pedido<\/strong>: Una vez realizado el pago, recibir\u00e1 un correo electr\u00f3nico de confirmaci\u00f3n con los datos de su pedido. Esto sirve como su recibo y verificaci\u00f3n de compra. Mayorista Caluanie Muelear Oxidar<\/li>\n<\/ol>\n<h3><strong>Env\u00edos y entregas fiables<\/strong><\/h3>\n<p>Entendemos la importancia de las entregas puntuales y nos comprometemos a ofrecer servicios de env\u00edo r\u00e1pidos y fiables. Nuestros procesos est\u00e1n dise\u00f1ados para garantizar que su paquete llegue seguro y a tiempo, directamente a su puerta.<\/p>\n<p>Si desea m\u00e1s informaci\u00f3n o ayuda con su pedido, no dude en ponerse en contacto con nosotros. Su satisfacci\u00f3n es nuestra prioridad.<\/p>\n<p>&nbsp;<\/p>","protected":false},"excerpt":{"rendered":"<p>Pharma Chemical: Leading Supplier of Caluanie Muelear Oxidize Wholesale Caluanie Muelear Oxidize, Pharma Chemical takes immense pride in being a premier supplier of Caluanie Muelear Oxidize worldwide. With over a decade of industry experience, we are committed to delivering top-quality products to our valued clients across the globe. Our reputation as a trusted and dependable [&hellip;]<\/p>\n","protected":false},"featured_media":2007,"comment_status":"open","ping_status":"closed","template":"","meta":[],"product_brand":[],"product_cat":[29,28],"product_tag":[39,40,41,42,43,44],"class_list":{"0":"post-2006","1":"product","2":"type-product","3":"status-publish","4":"has-post-thumbnail","6":"product_cat-caluanie-muelear-oxidize","7":"product_cat-general","8":"product_tag-100l-caluanie","9":"product_tag-20l-caluanie","10":"product_tag-50l-caluanie","11":"product_tag-caluanie-in-bulk","12":"product_tag-caluanie-manufacturer","13":"product_tag-wlolesale-caluanie","15":"first","16":"instock","17":"sale","18":"shipping-taxable","19":"purchasable","20":"product-type-variable"},"_links":{"self":[{"href":"https:\/\/pharma-chemical.com\/es\/wp-json\/wp\/v2\/product\/2006","targetHints":{"allow":["GET"]}}],"collection":[{"href":"https:\/\/pharma-chemical.com\/es\/wp-json\/wp\/v2\/product"}],"about":[{"href":"https:\/\/pharma-chemical.com\/es\/wp-json\/wp\/v2\/types\/product"}],"replies":[{"embeddable":true,"href":"https:\/\/pharma-chemical.com\/es\/wp-json\/wp\/v2\/comments?post=2006"}],"wp:featuredmedia":[{"embeddable":true,"href":"https:\/\/pharma-chemical.com\/es\/wp-json\/wp\/v2\/media\/2007"}],"wp:attachment":[{"href":"https:\/\/pharma-chemical.com\/es\/wp-json\/wp\/v2\/media?parent=2006"}],"wp:term":[{"taxonomy":"product_brand","embeddable":true,"href":"https:\/\/pharma-chemical.com\/es\/wp-json\/wp\/v2\/product_brand?post=2006"},{"taxonomy":"product_cat","embeddable":true,"href":"https:\/\/pharma-chemical.com\/es\/wp-json\/wp\/v2\/product_cat?post=2006"},{"taxonomy":"product_tag","embeddable":true,"href":"https:\/\/pharma-chemical.com\/es\/wp-json\/wp\/v2\/product_tag?post=2006"}],"curies":[{"name":"wp","href":"https:\/\/api.w.org\/{rel}","templated":true}]}}