{"id":2012,"date":"2025-01-22T12:05:04","date_gmt":"2025-01-22T12:05:04","guid":{"rendered":"https:\/\/pharma-chemical.com\/?post_type=product&#038;p=2012"},"modified":"2025-01-22T12:11:18","modified_gmt":"2025-01-22T12:11:18","slug":"pure-red-liquid-mercury","status":"publish","type":"product","link":"https:\/\/pharma-chemical.com\/es\/producto\/pure-red-liquid-mercury\/","title":{"rendered":"Comprar mercurio l\u00edquido rojo puro 99,9%"},"content":{"rendered":"<p>Disponemos de Mercurio Rojo en grandes cantidades y 90% de nuestro producto es para exportaci\u00f3n. Nuestro Rojo <a href=\"https:\/\/pharma-chemical.com\/es\/\">Mercurio l\u00edquido<\/a> cumple con las normas de los est\u00e1ndares internacionales y nuestros productos son muy recomendables ,Vendemos a un precio de descuento.<\/p>\n<p>ESPECIFICACI\u00d3N<\/p>\n<p>- Mercurio l\u00edquido rojo de primera calidad = 99,9999% Puro en peso m\u00edn.<br \/>\n- Sin metales pesados<br \/>\n- Embalaje cilindro de hierro ( 34,5)kg peso neto<br \/>\n- Estado f\u00edsico: L\u00edquido<br \/>\n- Apariencia: Rojo<br \/>\n- Olor: inodoro<br \/>\n- PH: No disponible.<br \/>\n- Presi\u00f3n de vapor: 0,002 mm Hg a 25C<br \/>\n- Densidad del vapor: 7,0<br \/>\n- Velocidad de evaporaci\u00f3n: No disponible.<br \/>\n- Viscosidad: 15,5 mPat 25 dig C<br \/>\n- Punto de ebullici\u00f3n: 356,72 dig C<br \/>\n- Punto de congelaci\u00f3n\/fusi\u00f3n:-38,87 dig C<br \/>\n- Temperatura de descomposici\u00f3n: No disponible.<br \/>\n- Solubilidad: Insoluble.<br \/>\n- Gravedad espec\u00edfica\/densidad: 13,59 (agua=1)<br \/>\n- F\u00f3rmula molecular :Hg<br \/>\n- Peso molecular: 200,59<\/p>\n<p>Mercurio rojo puro en venta: mayorista y minorista, env\u00edo discreto\/r\u00e1pido a todo el mundo. Productos disponibles: mercurio rojo puro, cinabrio, \u00f3xido de mercurio y antimonio. Suministramos mercurio l\u00edquido rojo puro de alta calidad y perfectamente compuesto en l\u00ednea a precios baratos y asequibles.<\/p>\n<p>Somos un Mayorista y Minorista de Mercurio Rojo Puro Online. Suministramos puro mercurio rojo l\u00edquido de gran calidad. Nuestro mercurio puro l\u00edquido rojo, es muy demandado por las industrias de todo el mundo a los productos una amplia variedad de productos. Es de alto grado y perfectamente compuesto puro <a href=\"https:\/\/www.facebook.com\/100063770243469\/videos\/red-mercury-for-sale-1-red-mercury-2020-usd-2600-gram2-red-mercury-2727-usd-1600\/708125817167398\/?locale=ms_MY\" target=\"_blank\" rel=\"noopener\">Mercurio l\u00edquido rojo<\/a>. Pure Red Mercury realiza env\u00edos a todo el mundo con 100% garant\u00eda de entrega puntual de su producto.<br \/>\nLa intensidad del mercurio rojo es muy alta 20,2 g\/ cm3.<br \/>\nEste l\u00edquido Hg2 Sb207 es material de laboratorios militares:<br \/>\n\u00d3xido de antimonio y mercurio<br \/>\nOtro nombre: Cherry Red mercurio l\u00edquido<br \/>\nF\u00f3rmula: Sb2O7Hg2<br \/>\nAspecto: L\u00edquido met\u00e1lico rojo cereza<\/p>\n<p>M\u00c1S ESPECIFICACIONES<br \/>\nRadiaci\u00f3n: 0.794<br \/>\nValor de la l\u00ednea de temperatura: 160,87<br \/>\nVHTC mp reacci\u00f3n: 1.024<br \/>\nK de reacci\u00f3n: 0.00016<br \/>\nReacci\u00f3n P : 9.000-8.000<br \/>\nReacci\u00f3n VDSA : 0,30-0,29<br \/>\nValor gamma: 0,026<br \/>\nPunto de ebullici\u00f3n: 356.720<br \/>\nMG: 196,01 + _0,02\/moi contenido en agua<br \/>\nForma: L\u00edquido en forma de pergamino<br \/>\nColor: Rojo cereza<br \/>\nMasa molar : 756.7002 g\/mol<\/p>","protected":false},"excerpt":{"rendered":"<p>We have available Red Mercury in great quantities and 90% of our product is for exportation. Our Red liquid Mercury meets the norms of international standards and our products are highly recommended ,We sell at a discount price. SPECIFICATION &#8211; Prime Red liquid Mercury = 99.9999% Pure by wt min. &#8211; Free from heavy metals [&hellip;]<\/p>\n","protected":false},"featured_media":2022,"comment_status":"open","ping_status":"closed","template":"","meta":[],"product_brand":[],"product_cat":[30,28],"product_tag":[45,46,49,50,47,48],"class_list":{"0":"post-2012","1":"product","2":"type-product","3":"status-publish","4":"has-post-thumbnail","6":"product_cat-red-liquid-mercury","7":"product_cat-general","8":"product_tag-buy-99-9-pure-red-liquid-mercury","9":"product_tag-buy-pure-red-liquid-mercury","10":"product_tag-liquid-mercury","11":"product_tag-mercury","12":"product_tag-pure-red-liquid-mercury","13":"product_tag-red-liquid-mercury","15":"first","16":"instock","17":"sale","18":"shipping-taxable","19":"purchasable","20":"product-type-variable"},"_links":{"self":[{"href":"https:\/\/pharma-chemical.com\/es\/wp-json\/wp\/v2\/product\/2012","targetHints":{"allow":["GET"]}}],"collection":[{"href":"https:\/\/pharma-chemical.com\/es\/wp-json\/wp\/v2\/product"}],"about":[{"href":"https:\/\/pharma-chemical.com\/es\/wp-json\/wp\/v2\/types\/product"}],"replies":[{"embeddable":true,"href":"https:\/\/pharma-chemical.com\/es\/wp-json\/wp\/v2\/comments?post=2012"}],"wp:featuredmedia":[{"embeddable":true,"href":"https:\/\/pharma-chemical.com\/es\/wp-json\/wp\/v2\/media\/2022"}],"wp:attachment":[{"href":"https:\/\/pharma-chemical.com\/es\/wp-json\/wp\/v2\/media?parent=2012"}],"wp:term":[{"taxonomy":"product_brand","embeddable":true,"href":"https:\/\/pharma-chemical.com\/es\/wp-json\/wp\/v2\/product_brand?post=2012"},{"taxonomy":"product_cat","embeddable":true,"href":"https:\/\/pharma-chemical.com\/es\/wp-json\/wp\/v2\/product_cat?post=2012"},{"taxonomy":"product_tag","embeddable":true,"href":"https:\/\/pharma-chemical.com\/es\/wp-json\/wp\/v2\/product_tag?post=2012"}],"curies":[{"name":"wp","href":"https:\/\/api.w.org\/{rel}","templated":true}]}}