{"id":2023,"date":"2025-01-22T13:23:35","date_gmt":"2025-01-22T13:23:35","guid":{"rendered":"https:\/\/pharma-chemical.com\/?post_type=product&#038;p=2023"},"modified":"2025-01-22T14:04:23","modified_gmt":"2025-01-22T14:04:23","slug":"pure-silver-liquid-mercury","status":"publish","type":"product","link":"https:\/\/pharma-chemical.com\/es\/producto\/pure-silver-liquid-mercury\/","title":{"rendered":"Plata pura l\u00edquida Mercurio"},"content":{"rendered":"<p>Tenemos disponible Mercurio de plata en grandes cantidades y 90% de nuestro producto es para la exportaci\u00f3n. Nuestra plata <a href=\"https:\/\/pharma-chemical.com\/es\/\">Mercurio l\u00edquido<\/a> cumple con las normas de los est\u00e1ndares internacionales y nuestros productos son muy recomendables ,Vendemos a un precio de descuento.<\/p>\n<h2>ESPECIFICACI\u00d3N ( Mercurio l\u00edquido de plata pura)<\/h2>\n<p>- Plata de ley l\u00edquida Mercurio = 99,9999% Pura en peso m\u00edn.<br \/>\n- Sin metales pesados<br \/>\n- Embalaje cilindro de hierro ( 34,5)kg peso neto<br \/>\n- Estado f\u00edsico: L\u00edquido<br \/>\n- Aspecto: plateado<br \/>\n- Olor: inodoro<br \/>\n- PH: No disponible.<br \/>\n- Presi\u00f3n de vapor: 0,002 mm Hg a 25C<br \/>\n- Densidad del vapor: 7,0<br \/>\n- Velocidad de evaporaci\u00f3n: No disponible.<br \/>\n- Viscosidad: 15,5 mPat 25 dig C<br \/>\n- Punto de ebullici\u00f3n: 356,72 dig C<br \/>\n- Punto de congelaci\u00f3n\/fusi\u00f3n:-38,87 dig C<br \/>\n- Temperatura de descomposici\u00f3n: No disponible.<br \/>\n- Solubilidad: Insoluble.<br \/>\n- Gravedad espec\u00edfica\/densidad: 13,59 (agua=1)<br \/>\n- F\u00f3rmula molecular :Hg<br \/>\n- Peso molecular: 200,59<\/p>\n<p>Mercurio de plata pura en venta: al por mayor y al por menor, env\u00edo discreto\/r\u00e1pido a todo el mundo. Productos disponibles: mercurio de plata pura, cinabrio, \u00f3xido de mercurio y antimonio. Suministramos mercurio l\u00edquido de plata pura de alta calidad y perfectamente compuesto en l\u00ednea a precios baratos y asequibles.<\/p>\n<p>Somos un mayorista y minorista Premium de Pure <a href=\"https:\/\/www.tiktok.com\/discover\/mercury-price-per-gram\" target=\"_blank\" rel=\"noopener\">Mercurio de plata en l\u00ednea<\/a>. Suministramos Mercurio l\u00edquido de plata pura de gran calidad. Nuestra plata pura mercurio l\u00edquido, es muy demandado por las industrias de todo el mundo a los productos una amplia variedad de productos. Es de alta calidad y perfectamente compuesto de plata pura de mercurio l\u00edquido. Mercurio l\u00edquido de plata pura barcos en todo el mundo con 100% garant\u00eda de entrega de su producto a tiempo.<br \/>\nLa intensidad del mercurio de plata es muy alta 20,2 g\/ cm3.<br \/>\nEste l\u00edquido Hg2 Sb207 es material de laboratorios militares:<br \/>\n\u00d3xido de antimonio y mercurio<\/p>\n<p>M\u00c1S ESPECIFICACIONES<\/p>\n<p>Pureza del mercurio virgen = 99,99% Pureza en peso m\u00edn.<\/p>\n<p>- Sin metales pesados<\/p>\n<p>- Embalaje cilindro de hierro ( 34,5)kg peso neto<\/p>\n<p>- Estado f\u00edsico: L\u00edquido<\/p>\n<p>- Aspecto: plateado<\/p>\n<p>- Olor: inodoro<\/p>\n<p>- PH: No disponible.<\/p>\n<p>- Presi\u00f3n de vapor: 0,002 mm Hg a 25C<\/p>\n<p>- Densidad del vapor: 7,0<\/p>\n<p>- Velocidad de evaporaci\u00f3n: No disponible.<\/p>\n<p>- Viscosidad: 15,5 mP A 25 dig C<\/p>\n<p>- Punto de ebullici\u00f3n: 356,72 dig C<\/p>\n<p>- Punto de congelaci\u00f3n\/fusi\u00f3n:-38,87 dig C<\/p>\n<p>- Temperatura de descomposici\u00f3n: No disponible.<\/p>\n<p>- Solubilidad: Insoluble.<\/p>\n<p>- Gravedad espec\u00edfica\/densidad: 13,59 (agua=1)<\/p>\n<p>- F\u00f3rmula molecular :Hg<\/p>\n<p>- Peso molecular: 200,59<\/p>\n<p>Envasado de mercurio:Frasco de acero virgen de 34,5 kg<\/p>\n<p>Los contenedores de acero que ofrecemos cumplen los requisitos de transporte de materiales peligrosos del Departamento de Transporte, la Agencia de Protecci\u00f3n del Medio Ambiente de EE.UU. y la ONU.<\/p>\n<p>Inspecci\u00f3n: La inspecci\u00f3n de peso y calidad se realizar\u00e1 en el puerto de carga a cargo del vendedor .<\/p>\n<p>Capacidad de suministro: 250MT \/Mes.<\/p>\n<p>Tipo de env\u00edo: contenedores de 20 pies (20 toneladas por contenedor) \/ entrega en cami\u00f3n (localmente), flete a\u00e9reo.<\/p>\n<p>Carga: 580 Frascos por contenedor. (34,5 kg por frasco)<\/p>","protected":false},"excerpt":{"rendered":"<p>We have available silver Mercury in great quantities and 90% of our product is for exportation. Our silver liquid Mercury meets the norms of international standards and our products are highly recommended ,We sell at a discount price. SPECIFICATION ( Pure silver liquid Mercury) &#8211; Prime silver liquid Mercury = 99.9999% Pure by wt min. [&hellip;]<\/p>\n","protected":false},"featured_media":2024,"comment_status":"open","ping_status":"closed","template":"","meta":[],"product_brand":[],"product_cat":[31,28],"product_tag":[51,49,50,52,53],"class_list":{"0":"post-2023","1":"product","2":"type-product","3":"status-publish","4":"has-post-thumbnail","6":"product_cat-silver-liquid-mercury","7":"product_cat-general","8":"product_tag-buy-99-9-pure-silver-liquid-mercury","9":"product_tag-liquid-mercury","10":"product_tag-mercury","11":"product_tag-pure-silver-liquid-mercury","12":"product_tag-silver-liquid-mercury","14":"first","15":"instock","16":"sale","17":"shipping-taxable","18":"purchasable","19":"product-type-variable"},"_links":{"self":[{"href":"https:\/\/pharma-chemical.com\/es\/wp-json\/wp\/v2\/product\/2023","targetHints":{"allow":["GET"]}}],"collection":[{"href":"https:\/\/pharma-chemical.com\/es\/wp-json\/wp\/v2\/product"}],"about":[{"href":"https:\/\/pharma-chemical.com\/es\/wp-json\/wp\/v2\/types\/product"}],"replies":[{"embeddable":true,"href":"https:\/\/pharma-chemical.com\/es\/wp-json\/wp\/v2\/comments?post=2023"}],"wp:featuredmedia":[{"embeddable":true,"href":"https:\/\/pharma-chemical.com\/es\/wp-json\/wp\/v2\/media\/2024"}],"wp:attachment":[{"href":"https:\/\/pharma-chemical.com\/es\/wp-json\/wp\/v2\/media?parent=2023"}],"wp:term":[{"taxonomy":"product_brand","embeddable":true,"href":"https:\/\/pharma-chemical.com\/es\/wp-json\/wp\/v2\/product_brand?post=2023"},{"taxonomy":"product_cat","embeddable":true,"href":"https:\/\/pharma-chemical.com\/es\/wp-json\/wp\/v2\/product_cat?post=2023"},{"taxonomy":"product_tag","embeddable":true,"href":"https:\/\/pharma-chemical.com\/es\/wp-json\/wp\/v2\/product_tag?post=2023"}],"curies":[{"name":"wp","href":"https:\/\/api.w.org\/{rel}","templated":true}]}}