{"id":1593,"date":"2024-11-21T12:36:15","date_gmt":"2024-11-21T12:36:15","guid":{"rendered":"https:\/\/pharma-chemical.com\/?page_id=1593"},"modified":"2025-08-04T07:26:22","modified_gmt":"2025-08-04T07:26:22","slug":"caluanie-muelear-oxidize-price","status":"publish","type":"page","link":"https:\/\/pharma-chemical.com\/fr\/caluanie-muelear-oxidize-price\/","title":{"rendered":"COMMENT COMMANDER"},"content":{"rendered":"<p><strong>Comment commander Caluanie Muelear Oxidize \u00e0 partir de <a href=\"https:\/\/pharma-chemical.com\/fr\/\">Pharmacie-Chimie<\/a><\/strong><\/p>\n\n\n\n<p>Chez Pharma-Chemical, nous facilitons et s\u00e9curisons l'achat des produits suivants <strong>Caluanie Muelear Oxidize<\/strong> pour vos besoins industriels. Gr\u00e2ce \u00e0 notre engagement en faveur de la qualit\u00e9, de la fiabilit\u00e9 et de la satisfaction du client, nous garantissons un processus de commande fluide du d\u00e9but \u00e0 la fin. Suivez les \u00e9tapes ci-dessous pour passer votre commande et obtenir les meilleurs prix. <strong>Caluanie Muelear Oxidize price<\/strong> sur le march\u00e9.<\/p>\n\n\n\n<figure class=\"wp-block-image size-full\"><img fetchpriority=\"high\" decoding=\"async\" width=\"965\" height=\"359\" src=\"https:\/\/pharma-chemical.com\/wp-content\/uploads\/2024\/12\/8ui88.png\" alt=\"\" class=\"wp-image-1782\" srcset=\"https:\/\/pharma-chemical.com\/wp-content\/uploads\/2024\/12\/8ui88.png 965w, https:\/\/pharma-chemical.com\/wp-content\/uploads\/2024\/12\/8ui88-600x223.png 600w, https:\/\/pharma-chemical.com\/wp-content\/uploads\/2024\/12\/8ui88-300x112.webp 300w, https:\/\/pharma-chemical.com\/wp-content\/uploads\/2024\/12\/8ui88-768x286.webp 768w\" sizes=\"(max-width: 965px) 100vw, 965px\" \/><\/figure>\n\n\n\n<div id=\"ez-toc-container\" class=\"ez-toc-v2_0_82_2 counter-hierarchy ez-toc-counter ez-toc-grey ez-toc-container-direction\">\n<div class=\"ez-toc-title-container\">\n<p class=\"ez-toc-title\" style=\"cursor:inherit\">Table des mati\u00e8res<\/p>\n<span class=\"ez-toc-title-toggle\"><a href=\"#\" class=\"ez-toc-pull-right ez-toc-btn ez-toc-btn-xs ez-toc-btn-default ez-toc-toggle\" aria-label=\"Toggle Table des mati\u00e8res\"><span class=\"ez-toc-js-icon-con\"><span class=\"\"><span class=\"eztoc-hide\" style=\"display:none;\">Toggle<\/span><span class=\"ez-toc-icon-toggle-span\"><svg style=\"fill: #999;color:#999\" xmlns=\"http:\/\/www.w3.org\/2000\/svg\" class=\"list-377408\" width=\"20px\" height=\"20px\" viewbox=\"0 0 24 24\" fill=\"none\"><path d=\"M6 6H4v2h2V6zm14 0H8v2h12V6zM4 11h2v2H4v-2zm16 0H8v2h12v-2zM4 16h2v2H4v-2zm16 0H8v2h12v-2z\" fill=\"currentColor\"><\/path><\/svg><svg style=\"fill: #999;color:#999\" class=\"arrow-unsorted-368013\" xmlns=\"http:\/\/www.w3.org\/2000\/svg\" width=\"10px\" height=\"10px\" viewbox=\"0 0 24 24\" version=\"1.2\" baseprofile=\"tiny\"><path d=\"M18.2 9.3l-6.2-6.3-6.2 6.3c-.2.2-.3.4-.3.7s.1.5.3.7c.2.2.4.3.7.3h11c.3 0 .5-.1.7-.3.2-.2.3-.5.3-.7s-.1-.5-.3-.7zM5.8 14.7l6.2 6.3 6.2-6.3c.2-.2.3-.5.3-.7s-.1-.5-.3-.7c-.2-.2-.4-.3-.7-.3h-11c-.3 0-.5.1-.7.3-.2.2-.3.5-.3.7s.1.5.3.7z\"\/><\/svg><\/span><\/span><\/span><\/a><\/span><\/div>\n<nav><ul class='ez-toc-list ez-toc-list-level-1' ><li class='ez-toc-page-1 ez-toc-heading-level-3'><a class=\"ez-toc-link ez-toc-heading-1\" href=\"https:\/\/pharma-chemical.com\/fr\/caluanie-muelear-oxidize-price\/#Step_1_Submit_Your_Inquiry_Place_your_order_by_selecting_your_product_from_our_Shop_and_proceed_to_Checkout\" >Step 1: Submit Your Inquiry \/Place your order by selecting your product from our Shop and proceed to Checkout.<\/a><\/li><li class='ez-toc-page-1 ez-toc-heading-level-3'><a class=\"ez-toc-link ez-toc-heading-2\" href=\"https:\/\/pharma-chemical.com\/fr\/caluanie-muelear-oxidize-price\/#Step_2_Confirm_Your_Order\" >\u00c9tape 2 : Confirmation de la commande<\/a><\/li><li class='ez-toc-page-1 ez-toc-heading-level-3'><a class=\"ez-toc-link ez-toc-heading-3\" href=\"https:\/\/pharma-chemical.com\/fr\/caluanie-muelear-oxidize-price\/#Step_3_Make_Payment\" >\u00c9tape 3 : Effectuer le paiement<\/a><\/li><li class='ez-toc-page-1 ez-toc-heading-level-3'><a class=\"ez-toc-link ez-toc-heading-4\" href=\"https:\/\/pharma-chemical.com\/fr\/caluanie-muelear-oxidize-price\/#Step_4_Order_Processing_and_Dispatch\" >\u00c9tape 4 : Traitement de la commande et exp\u00e9dition<\/a><\/li><li class='ez-toc-page-1 ez-toc-heading-level-3'><a class=\"ez-toc-link ez-toc-heading-5\" href=\"https:\/\/pharma-chemical.com\/fr\/caluanie-muelear-oxidize-price\/#Step_5_Track_Your_Shipment\" >\u00c9tape 5 : Suivi de l'envoi<\/a><\/li><li class='ez-toc-page-1 ez-toc-heading-level-3'><a class=\"ez-toc-link ez-toc-heading-6\" href=\"https:\/\/pharma-chemical.com\/fr\/caluanie-muelear-oxidize-price\/#Why_Choose_Pharma-Chemical\" >Pourquoi choisir Pharma-Chemical ?<\/a><\/li><li class='ez-toc-page-1 ez-toc-heading-level-3'><a class=\"ez-toc-link ez-toc-heading-7\" href=\"https:\/\/pharma-chemical.com\/fr\/caluanie-muelear-oxidize-price\/#Contact_Us_to_Order_Now\" >Contactez-nous pour commander maintenant<\/a><\/li><\/ul><\/nav><\/div>\n<h3 class=\"wp-block-heading\"><span class=\"ez-toc-section\" id=\"Step_1_Submit_Your_Inquiry_Place_your_order_by_selecting_your_product_from_our_Shop_and_proceed_to_Checkout\"><\/span><strong>\u00c9tape 1 : Soumettre votre demande<\/strong> \/Place your order by selecting your product from our Shop and proceed to Checkout.<span class=\"ez-toc-section-end\"><\/span><\/h3>\n\n\n\n<p>Contactez-nous par le biais de notre site web officiel, de notre courrier \u00e9lectronique ou de notre service d'assistance t\u00e9l\u00e9phonique \u00e0 la client\u00e8le pour obtenir des d\u00e9tails sur les produits et les prix. N'oubliez pas d'indiquer :<\/p>\n\n\n\n<ul class=\"wp-block-list\">\n<li>La quantit\u00e9 de <strong><a href=\"https:\/\/www.youtube.com\/watch?v=GqbOrOtJEyY\" target=\"_blank\" rel=\"noopener\">Caluanie Muelear Oxidize<\/a><\/strong><\/li>\n\n\n\n<li>Votre lieu d'exp\u00e9dition<\/li>\n\n\n\n<li>Exigences sp\u00e9cifiques ou d\u00e9lais<\/li>\n<\/ul>\n\n\n\n<p>Notre \u00e9quipe vous r\u00e9pondra rapidement en vous communiquant les sp\u00e9cifications du produit, le num\u00e9ro de t\u00e9l\u00e9phone actuel et le num\u00e9ro de fax. <strong>Caluanie Muelear Oxidize price<\/strong>et les d\u00e9tails de la disponibilit\u00e9.<\/p>\n\n\n\n<h3 class=\"wp-block-heading\"><span class=\"ez-toc-section\" id=\"Step_2_Confirm_Your_Order\"><\/span><strong>\u00c9tape 2 : Confirmation de la commande<\/strong><span class=\"ez-toc-section-end\"><\/span><\/h3>\n\n\n\n<p>Une fois que vous avez pris connaissance des d\u00e9tails, confirmez votre commande en fournissant les informations suivantes :<\/p>\n\n\n\n<ul class=\"wp-block-list\">\n<li>Un bon de commande ou une confirmation officielle par courrier \u00e9lectronique<\/li>\n\n\n\n<li>Informations relatives \u00e0 la facturation et \u00e0 l'exp\u00e9dition<\/li>\n\n\n\n<li>M\u00e9thode de livraison pr\u00e9f\u00e9r\u00e9e (standard ou acc\u00e9l\u00e9r\u00e9e)<\/li>\n<\/ul>\n\n\n\n<p>Nous traiterons votre commande et vous enverrons une facture accompagn\u00e9e des instructions de paiement.<\/p>\n\n\n\n<h3 class=\"wp-block-heading\"><span class=\"ez-toc-section\" id=\"Step_3_Make_Payment\"><\/span><strong>\u00c9tape 3 : Effectuer le paiement<\/strong><span class=\"ez-toc-section-end\"><\/span><\/h3>\n\n\n\n<p>Choisissez parmi nos options de paiement s\u00e9curis\u00e9, y compris le virement bancaire, la carte de cr\u00e9dit ou d'autres m\u00e9thodes approuv\u00e9es. Toutes les transactions sont prot\u00e9g\u00e9es, ce qui garantit votre tranquillit\u00e9 d'esprit.<\/p>\n\n\n\n<h3 class=\"wp-block-heading\"><span class=\"ez-toc-section\" id=\"Step_4_Order_Processing_and_Dispatch\"><\/span><strong>\u00c9tape 4 : Traitement de la commande et exp\u00e9dition<\/strong><span class=\"ez-toc-section-end\"><\/span><\/h3>\n\n\n\n<p>Apr\u00e8s confirmation du paiement, notre \u00e9quipe traitera imm\u00e9diatement votre commande. Nous appliquons des mesures strictes de contr\u00f4le de la qualit\u00e9 afin de garantir la qualit\u00e9 de vos produits. <strong>Caluanie Muelear Oxidize<\/strong> est emball\u00e9 et exp\u00e9di\u00e9 en toute s\u00e9curit\u00e9.<\/p>\n\n\n\n<h3 class=\"wp-block-heading\"><span class=\"ez-toc-section\" id=\"Step_5_Track_Your_Shipment\"><\/span><strong>\u00c9tape 5 : Suivi de l'envoi<\/strong><span class=\"ez-toc-section-end\"><\/span><\/h3>\n\n\n\n<p>Une fois l'envoi effectu\u00e9, nous vous fournirons des informations de suivi afin que vous puissiez suivre l'\u00e9volution de votre envoi. Notre r\u00e9seau mondial de livraison garantit une livraison rapide et s\u00fbre \u00e0 l'endroit que vous avez indiqu\u00e9.<\/p>\n\n\n\n<h3 class=\"wp-block-heading\"><span class=\"ez-toc-section\" id=\"Why_Choose_Pharma-Chemical\"><\/span><strong>Pourquoi choisir Pharma-Chemical ?<\/strong><span class=\"ez-toc-section-end\"><\/span><\/h3>\n\n\n\n<ul class=\"wp-block-list\">\n<li>Comp\u00e9titif <strong>Caluanie Muelear Oxidize prices<\/strong><\/li>\n\n\n\n<li>Des produits de haute qualit\u00e9, rigoureusement test\u00e9s<\/li>\n\n\n\n<li>Livraison fiable dans le monde entier<\/li>\n\n\n\n<li>Assistance \u00e0 la client\u00e8le 24 heures sur 24 et 7 jours sur 7 pour l'aide \u00e0 la commande<\/li>\n\n\n\n<li>Un fournisseur de confiance avec des d\u00e9cennies d'exp\u00e9rience dans l'industrie chimique<\/li>\n<\/ul>\n\n\n\n<h3 class=\"wp-block-heading\"><span class=\"ez-toc-section\" id=\"Contact_Us_to_Order_Now\"><\/span><strong>Contactez-nous pour commander maintenant<\/strong><span class=\"ez-toc-section-end\"><\/span><\/h3>\n\n\n\n<p>N'attendez pas - obtenez le meilleur <strong>Caluanie Muelear Oxidize price<\/strong> aujourd'hui ! Contactez Pharma-Chemical via :<\/p>\n\n\n\n<ul class=\"wp-block-list\">\n<li><strong>Courriel<\/strong>: info@pharma-chemical.com<\/li>\n\n\n\n<li>Num\u00e9ro WhatsApp : +1 (424) 242-5629<\/li>\n\n\n\n<li><strong>Formulaire en ligne<\/strong>: <a href=\"https:\/\/pharma-chemical.com\/fr\/blog\/\">Cliquez ici<\/a><\/li>\n<\/ul>\n\n\n\n<p>Commandez en toute transparence, b\u00e9n\u00e9ficiez d'une qualit\u00e9 exceptionnelle et d'un service in\u00e9gal\u00e9 avec Pharma-Chemical.<\/p>","protected":false},"excerpt":{"rendered":"<p>How to Order Caluanie Muelear Oxidize from Pharma-Chemical At Pharma-Chemical, we make it easy and secure to purchase Caluanie Muelear Oxidize for your industrial needs. With our commitment to quality, reliability, and customer satisfaction, we ensure a smooth ordering process from start to finish. Follow the steps below to place your order and get the [&hellip;]<\/p>\n","protected":false},"author":1,"featured_media":1783,"parent":0,"menu_order":0,"comment_status":"closed","ping_status":"closed","template":"","meta":{"footnotes":""},"class_list":["post-1593","page","type-page","status-publish","has-post-thumbnail","hentry"],"blocksy_meta":[],"_links":{"self":[{"href":"https:\/\/pharma-chemical.com\/fr\/wp-json\/wp\/v2\/pages\/1593","targetHints":{"allow":["GET"]}}],"collection":[{"href":"https:\/\/pharma-chemical.com\/fr\/wp-json\/wp\/v2\/pages"}],"about":[{"href":"https:\/\/pharma-chemical.com\/fr\/wp-json\/wp\/v2\/types\/page"}],"author":[{"embeddable":true,"href":"https:\/\/pharma-chemical.com\/fr\/wp-json\/wp\/v2\/users\/1"}],"replies":[{"embeddable":true,"href":"https:\/\/pharma-chemical.com\/fr\/wp-json\/wp\/v2\/comments?post=1593"}],"version-history":[{"count":3,"href":"https:\/\/pharma-chemical.com\/fr\/wp-json\/wp\/v2\/pages\/1593\/revisions"}],"predecessor-version":[{"id":2077,"href":"https:\/\/pharma-chemical.com\/fr\/wp-json\/wp\/v2\/pages\/1593\/revisions\/2077"}],"wp:featuredmedia":[{"embeddable":true,"href":"https:\/\/pharma-chemical.com\/fr\/wp-json\/wp\/v2\/media\/1783"}],"wp:attachment":[{"href":"https:\/\/pharma-chemical.com\/fr\/wp-json\/wp\/v2\/media?parent=1593"}],"curies":[{"name":"wp","href":"https:\/\/api.w.org\/{rel}","templated":true}]}}