{"id":1810,"date":"2024-12-15T13:01:36","date_gmt":"2024-12-15T13:01:36","guid":{"rendered":"https:\/\/pharma-chemical.com\/?page_id=1810"},"modified":"2024-12-24T13:16:04","modified_gmt":"2024-12-24T13:16:04","slug":"silver-liquid-mercury-price-per-gram","status":"publish","type":"page","link":"https:\/\/pharma-chemical.com\/fr\/silver-liquid-mercury-price-per-gram\/","title":{"rendered":"Applications"},"content":{"rendered":"<div id=\"ez-toc-container\" class=\"ez-toc-v2_0_82_2 counter-hierarchy ez-toc-counter ez-toc-grey ez-toc-container-direction\">\n<div class=\"ez-toc-title-container\">\n<p class=\"ez-toc-title\" style=\"cursor:inherit\">Table des mati\u00e8res<\/p>\n<span class=\"ez-toc-title-toggle\"><a href=\"#\" class=\"ez-toc-pull-right ez-toc-btn ez-toc-btn-xs ez-toc-btn-default ez-toc-toggle\" aria-label=\"Toggle Table des mati\u00e8res\"><span class=\"ez-toc-js-icon-con\"><span class=\"\"><span class=\"eztoc-hide\" style=\"display:none;\">Toggle<\/span><span class=\"ez-toc-icon-toggle-span\"><svg style=\"fill: #999;color:#999\" xmlns=\"http:\/\/www.w3.org\/2000\/svg\" class=\"list-377408\" width=\"20px\" height=\"20px\" viewbox=\"0 0 24 24\" fill=\"none\"><path d=\"M6 6H4v2h2V6zm14 0H8v2h12V6zM4 11h2v2H4v-2zm16 0H8v2h12v-2zM4 16h2v2H4v-2zm16 0H8v2h12v-2z\" fill=\"currentColor\"><\/path><\/svg><svg style=\"fill: #999;color:#999\" class=\"arrow-unsorted-368013\" xmlns=\"http:\/\/www.w3.org\/2000\/svg\" width=\"10px\" height=\"10px\" viewbox=\"0 0 24 24\" version=\"1.2\" baseprofile=\"tiny\"><path d=\"M18.2 9.3l-6.2-6.3-6.2 6.3c-.2.2-.3.4-.3.7s.1.5.3.7c.2.2.4.3.7.3h11c.3 0 .5-.1.7-.3.2-.2.3-.5.3-.7s-.1-.5-.3-.7zM5.8 14.7l6.2 6.3 6.2-6.3c.2-.2.3-.5.3-.7s-.1-.5-.3-.7c-.2-.2-.4-.3-.7-.3h-11c-.3 0-.5.1-.7.3-.2.2-.3.5-.3.7s.1.5.3.7z\"\/><\/svg><\/span><\/span><\/span><\/a><\/span><\/div>\n<nav><ul class='ez-toc-list ez-toc-list-level-1' ><li class='ez-toc-page-1 ez-toc-heading-level-4'><a class=\"ez-toc-link ez-toc-heading-1\" href=\"https:\/\/pharma-chemical.com\/fr\/silver-liquid-mercury-price-per-gram\/#1_Caluanie_Muelear_Oxidize\" >1. Caluanie Muelear Oxidize<\/a><\/li><li class='ez-toc-page-1 ez-toc-heading-level-4'><a class=\"ez-toc-link ez-toc-heading-2\" href=\"https:\/\/pharma-chemical.com\/fr\/silver-liquid-mercury-price-per-gram\/#2_Red_Liquid_Mercury\" >2. Mercure liquide rouge<\/a><\/li><li class='ez-toc-page-1 ez-toc-heading-level-4'><a class=\"ez-toc-link ez-toc-heading-3\" href=\"https:\/\/pharma-chemical.com\/fr\/silver-liquid-mercury-price-per-gram\/#3_Silver_Liquid_Mercury\" >3. Argent liquide Mercure<\/a><\/li><\/ul><\/nav><\/div>\n<h4 class=\"wp-block-heading\"><span class=\"ez-toc-section\" id=\"1_Caluanie_Muelear_Oxidize\"><\/span><strong>1. Caluanie Muelear Oxidize<\/strong><span class=\"ez-toc-section-end\"><\/span><\/h4>\n\n\n\n<figure class=\"wp-block-image size-full\"><img fetchpriority=\"high\" decoding=\"async\" width=\"600\" height=\"800\" src=\"https:\/\/pharma-chemical.com\/wp-content\/uploads\/2024\/12\/09d3e373-47e4-47b7-9bea-c693a84d072b-600x800-1-1.webp\" alt=\"\" class=\"wp-image-1816\" srcset=\"https:\/\/pharma-chemical.com\/wp-content\/uploads\/2024\/12\/09d3e373-47e4-47b7-9bea-c693a84d072b-600x800-1-1.webp 600w, https:\/\/pharma-chemical.com\/wp-content\/uploads\/2024\/12\/09d3e373-47e4-47b7-9bea-c693a84d072b-600x800-1-1-225x300.webp 225w\" sizes=\"(max-width: 600px) 100vw, 600px\" \/><\/figure>\n\n\n\n<p><strong>Caluanie Muelear Oxidize<\/strong> est un compos\u00e9 chimique puissant largement utilis\u00e9 dans les applications industrielles et commerciales. Connu pour sa grande efficacit\u00e9 et sa fiabilit\u00e9, il joue un r\u00f4le essentiel dans diverses industries, notamment :<\/p>\n\n\n\n<ul class=\"wp-block-list\">\n<li><strong>Affinage et traitement des m\u00e9taux<\/strong>:<br>La caluanie est couramment utilis\u00e9e pour briser les liaisons des m\u00e9taux lourds et affiner les surfaces m\u00e9talliques. Elle facilite l'extraction et la purification des m\u00e9taux, ce qui la rend indispensable dans l'industrie m\u00e9tallurgique.<\/li>\n\n\n\n<li><strong>Fabrication de produits chimiques<\/strong>:<br>Ce compos\u00e9 est utilis\u00e9 dans la production de produits chimiques sp\u00e9cialis\u00e9s et d'interm\u00e9diaires pour les processus industriels. Ses propri\u00e9t\u00e9s uniques lui permettent de rompre les liaisons mol\u00e9culaires et d'am\u00e9liorer les r\u00e9actions chimiques.<\/li>\n\n\n\n<li><strong>Nettoyage industriel<\/strong>:<br>Caluanie Muelear Oxidize est un nettoyant industriel tr\u00e8s efficace pour \u00e9liminer les taches tenaces, la graisse et les impuret\u00e9s sur les machines et les \u00e9quipements.<\/li>\n\n\n\n<li><strong>Industrie du caoutchouc et du plastique<\/strong>:<br>Il est utilis\u00e9 dans le traitement des mat\u00e9riaux en caoutchouc et en plastique, facilitant leur d\u00e9composition et leur recyclage.<\/li>\n\n\n\n<li><strong>Applications en laboratoire<\/strong>:<br>Utilis\u00e9 dans les laboratoires de recherche et de d\u00e9veloppement pour tester et analyser les r\u00e9actions chimiques en raison de ses propri\u00e9t\u00e9s oxydantes.<\/li>\n<\/ul>\n\n\n\n<h4 class=\"wp-block-heading\"><span class=\"ez-toc-section\" id=\"2_Red_Liquid_Mercury\"><\/span><strong>2. Mercure liquide rouge<\/strong><span class=\"ez-toc-section-end\"><\/span><\/h4>\n\n\n\n<figure class=\"wp-block-image size-full\"><img decoding=\"async\" width=\"750\" height=\"1000\" src=\"https:\/\/pharma-chemical.com\/wp-content\/uploads\/2024\/12\/mercury-1.webp\" alt=\"\" class=\"wp-image-1817\" srcset=\"https:\/\/pharma-chemical.com\/wp-content\/uploads\/2024\/12\/mercury-1.webp 750w, https:\/\/pharma-chemical.com\/wp-content\/uploads\/2024\/12\/mercury-1-600x800.webp 600w, https:\/\/pharma-chemical.com\/wp-content\/uploads\/2024\/12\/mercury-1-225x300.webp 225w\" sizes=\"(max-width: 750px) 100vw, 750px\" \/><\/figure>\n\n\n\n<p><strong>Mercure liquide rouge<\/strong> est une substance rare et controvers\u00e9e, souvent associ\u00e9e \u00e0 des applications industrielles, m\u00e9dicales et de d\u00e9fense sp\u00e9cialis\u00e9es. Ses utilisations potentielles sont les suivantes<\/p>\n\n\n\n<ul class=\"wp-block-list\">\n<li><strong>Applications \u00e9lectriques<\/strong>:<br>On pense que le mercure liquide rouge est utilis\u00e9 dans la production de commutateurs \u00e9lectriques, de relais et de thermom\u00e8tres de haute pr\u00e9cision en raison de ses propri\u00e9t\u00e9s conductrices et thermiques uniques.<\/li>\n\n\n\n<li><strong>Secteur de l'\u00e9nergie<\/strong>:<br>Certaines sources sugg\u00e8rent son application dans les syst\u00e8mes de production d'\u00e9nergie, y compris les composants sp\u00e9cialis\u00e9s pour les dispositifs nucl\u00e9aires et thermonucl\u00e9aires.<\/li>\n\n\n\n<li><strong>D\u00e9fense et a\u00e9rospatiale<\/strong>:<br>Historiquement, on a suppos\u00e9 que le mercure liquide rouge pouvait \u00eatre utilis\u00e9 dans des syst\u00e8mes d'armement avanc\u00e9s et dans l'ing\u00e9nierie a\u00e9rospatiale, bien que la plupart de ces informations n'aient pas \u00e9t\u00e9 v\u00e9rifi\u00e9es et soient hautement classifi\u00e9es.<\/li>\n<\/ul>\n\n\n\n<p><strong>Note<\/strong>: L'utilisation du mercure liquide rouge est soumise \u00e0 une r\u00e9glementation stricte, et sa l\u00e9galit\u00e9 et sa disponibilit\u00e9 varient en fonction des lois locales et internationales.<\/p>\n\n\n\n<h4 class=\"wp-block-heading\"><span class=\"ez-toc-section\" id=\"3_Silver_Liquid_Mercury\"><\/span><strong>3. Argent liquide Mercure<\/strong><span class=\"ez-toc-section-end\"><\/span><\/h4>\n\n\n\n<figure class=\"wp-block-image size-full\"><img decoding=\"async\" width=\"225\" height=\"225\" src=\"https:\/\/pharma-chemical.com\/wp-content\/uploads\/2024\/12\/silver33-1.webp\" alt=\"\" class=\"wp-image-1815\" srcset=\"https:\/\/pharma-chemical.com\/wp-content\/uploads\/2024\/12\/silver33-1.webp 225w, https:\/\/pharma-chemical.com\/wp-content\/uploads\/2024\/12\/silver33-1-100x100.webp 100w, https:\/\/pharma-chemical.com\/wp-content\/uploads\/2024\/12\/silver33-1-150x150.webp 150w\" sizes=\"(max-width: 225px) 100vw, 225px\" \/><\/figure>\n\n\n\n<p><strong>Argent liquide Mercure<\/strong>Le mercure m\u00e9tallique, \u00e9galement connu sous le nom de mercure, est un \u00e9l\u00e9ment tr\u00e8s polyvalent qui poss\u00e8de un large \u00e9ventail d'applications dans tous les secteurs d'activit\u00e9. Il s'agit d'un m\u00e9tal liquide dense, de couleur argent\u00e9e, qui reste \u00e0 l'\u00e9tat liquide \u00e0 temp\u00e9rature ambiante, ce qui le rend unique et pr\u00e9cieux dans plusieurs domaines :<\/p>\n\n\n\n<ul class=\"wp-block-list\">\n<li><strong>Applications m\u00e9dicales<\/strong>:<br>Argent liquide Le mercure est utilis\u00e9 dans la fabrication des amalgames dentaires pour combler les cavit\u00e9s, en raison de sa durabilit\u00e9 et de sa capacit\u00e9 \u00e0 se lier \u00e0 d'autres m\u00e9taux.<\/li>\n\n\n\n<li><strong>Utilisations industrielles<\/strong>:\n<ul class=\"wp-block-list\">\n<li><strong>Thermom\u00e8tres et barom\u00e8tres<\/strong>: Utilis\u00e9 dans les thermom\u00e8tres, barom\u00e8tres et manom\u00e8tres traditionnels pour des mesures pr\u00e9cises de la temp\u00e9rature et de la pression.<\/li>\n\n\n\n<li><strong>Appareils \u00e9lectriques<\/strong>: En raison de son excellente conductivit\u00e9, il est utilis\u00e9 dans les interrupteurs, les relais et certaines batteries.<\/li>\n<\/ul>\n<\/li>\n\n\n\n<li><strong>Exploitation mini\u00e8re de l'or<\/strong>:<br>Dans les mines d'or \u00e0 petite \u00e9chelle, le mercure est utilis\u00e9 pour amalgamer les particules d'or, ce qui rend le processus d'extraction plus efficace. Toutefois, cette application est fortement r\u00e9glement\u00e9e en raison de pr\u00e9occupations environnementales.<\/li>\n\n\n\n<li><strong>Utilisation en laboratoire<\/strong>:<br>Le mercure est largement utilis\u00e9 dans la recherche scientifique, en particulier dans les exp\u00e9riences de chimie et de physique, en raison de ses propri\u00e9t\u00e9s liquides uniques \u00e0 temp\u00e9rature ambiante.<\/li>\n\n\n\n<li><strong>Industrie pharmaceutique<\/strong>:<br>Historiquement, le mercure a \u00e9t\u00e9 utilis\u00e9 dans la production de certains m\u00e9dicaments et antiseptiques, bien que ces applications soient aujourd'hui largement abandonn\u00e9es pour des raisons de s\u00e9curit\u00e9.<\/li>\n<\/ul>\n\n\n\n<h3 class=\"wp-block-heading\"><\/h3>","protected":false},"excerpt":{"rendered":"<p>1. Caluanie Muelear Oxidize Caluanie Muelear Oxidize is a powerful chemical compound widely used in industrial and commercial applications. Known for its high effectiveness and reliability, it plays a critical role in various industries, including: 2. Red Liquid Mercury Red Liquid Mercury is a rare and controversial substance often associated with specialized industrial, medical, and [&hellip;]<\/p>\n","protected":false},"author":1,"featured_media":1815,"parent":0,"menu_order":0,"comment_status":"closed","ping_status":"closed","template":"","meta":{"footnotes":""},"class_list":["post-1810","page","type-page","status-publish","has-post-thumbnail","hentry"],"blocksy_meta":[],"_links":{"self":[{"href":"https:\/\/pharma-chemical.com\/fr\/wp-json\/wp\/v2\/pages\/1810","targetHints":{"allow":["GET"]}}],"collection":[{"href":"https:\/\/pharma-chemical.com\/fr\/wp-json\/wp\/v2\/pages"}],"about":[{"href":"https:\/\/pharma-chemical.com\/fr\/wp-json\/wp\/v2\/types\/page"}],"author":[{"embeddable":true,"href":"https:\/\/pharma-chemical.com\/fr\/wp-json\/wp\/v2\/users\/1"}],"replies":[{"embeddable":true,"href":"https:\/\/pharma-chemical.com\/fr\/wp-json\/wp\/v2\/comments?post=1810"}],"version-history":[{"count":4,"href":"https:\/\/pharma-chemical.com\/fr\/wp-json\/wp\/v2\/pages\/1810\/revisions"}],"predecessor-version":[{"id":1849,"href":"https:\/\/pharma-chemical.com\/fr\/wp-json\/wp\/v2\/pages\/1810\/revisions\/1849"}],"wp:featuredmedia":[{"embeddable":true,"href":"https:\/\/pharma-chemical.com\/fr\/wp-json\/wp\/v2\/media\/1815"}],"wp:attachment":[{"href":"https:\/\/pharma-chemical.com\/fr\/wp-json\/wp\/v2\/media?parent=1810"}],"curies":[{"name":"wp","href":"https:\/\/api.w.org\/{rel}","templated":true}]}}