{"id":3,"date":"2024-11-14T23:22:02","date_gmt":"2024-11-14T23:22:02","guid":{"rendered":"https:\/\/pharma-chemical.com\/?page_id=3"},"modified":"2024-12-14T21:36:14","modified_gmt":"2024-12-14T21:36:14","slug":"privacy-policy-2","status":"publish","type":"page","link":"https:\/\/pharma-chemical.com\/fr\/privacy-policy-2\/","title":{"rendered":"Politique de confidentialit\u00e9"},"content":{"rendered":"<div id=\"ez-toc-container\" class=\"ez-toc-v2_0_82_2 counter-hierarchy ez-toc-counter ez-toc-grey ez-toc-container-direction\">\n<div class=\"ez-toc-title-container\">\n<p class=\"ez-toc-title\" style=\"cursor:inherit\">Table des mati\u00e8res<\/p>\n<span class=\"ez-toc-title-toggle\"><a href=\"#\" class=\"ez-toc-pull-right ez-toc-btn ez-toc-btn-xs ez-toc-btn-default ez-toc-toggle\" aria-label=\"Toggle Table des mati\u00e8res\"><span class=\"ez-toc-js-icon-con\"><span class=\"\"><span class=\"eztoc-hide\" style=\"display:none;\">Toggle<\/span><span class=\"ez-toc-icon-toggle-span\"><svg style=\"fill: #999;color:#999\" xmlns=\"http:\/\/www.w3.org\/2000\/svg\" class=\"list-377408\" width=\"20px\" height=\"20px\" viewbox=\"0 0 24 24\" fill=\"none\"><path d=\"M6 6H4v2h2V6zm14 0H8v2h12V6zM4 11h2v2H4v-2zm16 0H8v2h12v-2zM4 16h2v2H4v-2zm16 0H8v2h12v-2z\" fill=\"currentColor\"><\/path><\/svg><svg style=\"fill: #999;color:#999\" class=\"arrow-unsorted-368013\" xmlns=\"http:\/\/www.w3.org\/2000\/svg\" width=\"10px\" height=\"10px\" viewbox=\"0 0 24 24\" version=\"1.2\" baseprofile=\"tiny\"><path d=\"M18.2 9.3l-6.2-6.3-6.2 6.3c-.2.2-.3.4-.3.7s.1.5.3.7c.2.2.4.3.7.3h11c.3 0 .5-.1.7-.3.2-.2.3-.5.3-.7s-.1-.5-.3-.7zM5.8 14.7l6.2 6.3 6.2-6.3c.2-.2.3-.5.3-.7s-.1-.5-.3-.7c-.2-.2-.4-.3-.7-.3h-11c-.3 0-.5.1-.7.3-.2.2-.3.5-.3.7s.1.5.3.7z\"\/><\/svg><\/span><\/span><\/span><\/a><\/span><\/div>\n<nav><ul class='ez-toc-list ez-toc-list-level-1' ><li class='ez-toc-page-1 ez-toc-heading-level-2'><a class=\"ez-toc-link ez-toc-heading-1\" href=\"https:\/\/pharma-chemical.com\/fr\/privacy-policy-2\/#Pharma-Chemical\" >Pharmacie-Chimie<\/a><ul class='ez-toc-list-level-3' ><li class='ez-toc-heading-level-3'><a class=\"ez-toc-link ez-toc-heading-2\" href=\"https:\/\/pharma-chemical.com\/fr\/privacy-policy-2\/#1_Information_We_Collect\" >1. Les informations que nous collectons<\/a><ul class='ez-toc-list-level-4' ><li class='ez-toc-heading-level-4'><a class=\"ez-toc-link ez-toc-heading-3\" href=\"https:\/\/pharma-chemical.com\/fr\/privacy-policy-2\/#11_Personal_Information\" >1.1 Informations personnelles<\/a><\/li><li class='ez-toc-page-1 ez-toc-heading-level-4'><a class=\"ez-toc-link ez-toc-heading-4\" href=\"https:\/\/pharma-chemical.com\/fr\/privacy-policy-2\/#12_Non-Personal_Information\" >1.2 Informations non personnelles<\/a><\/li><\/ul><\/li><li class='ez-toc-page-1 ez-toc-heading-level-3'><a class=\"ez-toc-link ez-toc-heading-5\" href=\"https:\/\/pharma-chemical.com\/fr\/privacy-policy-2\/#2_How_We_Use_Your_Information\" >2. Comment nous utilisons vos informations<\/a><\/li><li class='ez-toc-page-1 ez-toc-heading-level-3'><a class=\"ez-toc-link ez-toc-heading-6\" href=\"https:\/\/pharma-chemical.com\/fr\/privacy-policy-2\/#3_Sharing_of_Information\" >3. Partage d'informations<\/a><\/li><li class='ez-toc-page-1 ez-toc-heading-level-3'><a class=\"ez-toc-link ez-toc-heading-7\" href=\"https:\/\/pharma-chemical.com\/fr\/privacy-policy-2\/#4_Data_Security\" >4. S\u00e9curit\u00e9 des donn\u00e9es<\/a><\/li><li class='ez-toc-page-1 ez-toc-heading-level-3'><a class=\"ez-toc-link ez-toc-heading-8\" href=\"https:\/\/pharma-chemical.com\/fr\/privacy-policy-2\/#5_Your_Rights\" >5. Vos droits<\/a><\/li><li class='ez-toc-page-1 ez-toc-heading-level-3'><a class=\"ez-toc-link ez-toc-heading-9\" href=\"https:\/\/pharma-chemical.com\/fr\/privacy-policy-2\/#6_Cookies_and_Tracking_Technologies\" >6. Cookies et technologies de suivi<\/a><\/li><li class='ez-toc-page-1 ez-toc-heading-level-3'><a class=\"ez-toc-link ez-toc-heading-10\" href=\"https:\/\/pharma-chemical.com\/fr\/privacy-policy-2\/#7_Third-Party_Links\" >7. Liens avec des tiers<\/a><\/li><li class='ez-toc-page-1 ez-toc-heading-level-3'><a class=\"ez-toc-link ez-toc-heading-11\" href=\"https:\/\/pharma-chemical.com\/fr\/privacy-policy-2\/#8_Updates_to_This_Policy\" >8. Mises \u00e0 jour de la pr\u00e9sente politique<\/a><\/li><li class='ez-toc-page-1 ez-toc-heading-level-3'><a class=\"ez-toc-link ez-toc-heading-12\" href=\"https:\/\/pharma-chemical.com\/fr\/privacy-policy-2\/#9_Contact_Us\" >9. Nous contacter<\/a><\/li><\/ul><\/li><\/ul><\/nav><\/div>\n<h2 class=\"wp-block-heading\"><span class=\"ez-toc-section\" id=\"Pharma-Chemical\"><\/span> Pharmacie-Chimie<span class=\"ez-toc-section-end\"><\/span><\/h2>\n\n\n\n<p><strong>Politique de confidentialit\u00e9<\/strong><br>Date d'entr\u00e9e en vigueur : 01\/01\/2010<\/p>\n\n\n\n<p>Pharma-Chemical accorde de l'importance \u00e0 votre vie priv\u00e9e et s'engage \u00e0 prot\u00e9ger vos informations personnelles. La pr\u00e9sente politique de confidentialit\u00e9 explique comment nous recueillons, utilisons, divulguons et prot\u00e9geons vos informations lorsque vous visitez notre site web ou que vous vous engagez avec nous. Veuillez lire attentivement cette politique pour comprendre nos pratiques concernant vos donn\u00e9es personnelles.<\/p>\n\n\n\n<h3 class=\"wp-block-heading\"><span class=\"ez-toc-section\" id=\"1_Information_We_Collect\"><\/span><strong>1. Les informations que nous collectons<\/strong><span class=\"ez-toc-section-end\"><\/span><\/h3>\n\n\n\n<p>Nous pouvons collecter les types d'informations suivants :<\/p>\n\n\n\n<h4 class=\"wp-block-heading\"><span class=\"ez-toc-section\" id=\"11_Personal_Information\"><\/span><strong>1.1 Informations personnelles<\/strong><span class=\"ez-toc-section-end\"><\/span><\/h4>\n\n\n\n<ul class=\"wp-block-list\">\n<li>Nom, adresse \u00e9lectronique, num\u00e9ro de t\u00e9l\u00e9phone, adresses de facturation et de livraison.<\/li>\n\n\n\n<li>Nom de l'entreprise et titre du poste (le cas \u00e9ch\u00e9ant).<\/li>\n\n\n\n<li>Informations de paiement pour les transactions (trait\u00e9es de mani\u00e8re s\u00e9curis\u00e9e).<\/li>\n<\/ul>\n\n\n\n<h4 class=\"wp-block-heading\"><span class=\"ez-toc-section\" id=\"12_Non-Personal_Information\"><\/span><strong>1.2 Informations non personnelles<\/strong><span class=\"ez-toc-section-end\"><\/span><\/h4>\n\n\n\n<ul class=\"wp-block-list\">\n<li>Type de navigateur, syst\u00e8me d'exploitation et adresse IP.<\/li>\n\n\n\n<li>D\u00e9tails concernant vos interactions avec notre site web (par exemple, les pages visit\u00e9es, le temps pass\u00e9).<\/li>\n\n\n\n<li>des cookies et des technologies de suivi similaires pour am\u00e9liorer votre exp\u00e9rience en tant qu'utilisateur.<\/li>\n<\/ul>\n\n\n\n<h3 class=\"wp-block-heading\"><span class=\"ez-toc-section\" id=\"2_How_We_Use_Your_Information\"><\/span><strong>2. Comment nous utilisons vos informations<\/strong><span class=\"ez-toc-section-end\"><\/span><\/h3>\n\n\n\n<p>Nous utilisons vos informations pour :<\/p>\n\n\n\n<ul class=\"wp-block-list\">\n<li>Traiter les commandes et fournir des informations sur les produits.<\/li>\n\n\n\n<li>R\u00e9pondre \u00e0 vos demandes de renseignements et de service \u00e0 la client\u00e8le.<\/li>\n\n\n\n<li>Garantir des transactions s\u00fbres et pr\u00e9cises.<\/li>\n\n\n\n<li>Envoyer des mises \u00e0 jour sur les produits, les services, les promotions ou les changements de politique.<\/li>\n\n\n\n<li>Analyser l'utilisation du site web afin d'am\u00e9liorer nos offres.<\/li>\n<\/ul>\n\n\n\n<h3 class=\"wp-block-heading\"><span class=\"ez-toc-section\" id=\"3_Sharing_of_Information\"><\/span><strong>3. Partage d'informations<\/strong><span class=\"ez-toc-section-end\"><\/span><\/h3>\n\n\n\n<p>Nous ne vendons pas, n'\u00e9changeons pas et ne louons pas vos informations personnelles \u00e0 des tiers. Toutefois, nous pouvons partager vos informations avec des entit\u00e9s de confiance, notamment :<\/p>\n\n\n\n<ul class=\"wp-block-list\">\n<li>Les prestataires de services de paiement et d'exp\u00e9dition pour l'ex\u00e9cution des commandes.<\/li>\n\n\n\n<li>les autorit\u00e9s r\u00e9glementaires si la loi l'exige.<\/li>\n\n\n\n<li>Les prestataires de services qui contribuent \u00e0 la maintenance du site web et \u00e0 l'assistance \u00e0 la client\u00e8le.<\/li>\n<\/ul>\n\n\n\n<h3 class=\"wp-block-heading\"><span class=\"ez-toc-section\" id=\"4_Data_Security\"><\/span><strong>4. S\u00e9curit\u00e9 des donn\u00e9es<\/strong><span class=\"ez-toc-section-end\"><\/span><\/h3>\n\n\n\n<p>Nous mettons en \u0153uvre de solides mesures de s\u00e9curit\u00e9 pour prot\u00e9ger vos informations, notamment le cryptage, les pare-feu et les serveurs s\u00e9curis\u00e9s. Bien que nous nous efforcions de prot\u00e9ger vos donn\u00e9es personnelles, aucune m\u00e9thode de transmission sur Internet n'est 100% s\u00fbre.<\/p>\n\n\n\n<h3 class=\"wp-block-heading\"><span class=\"ez-toc-section\" id=\"5_Your_Rights\"><\/span><strong>5. Vos droits<\/strong><span class=\"ez-toc-section-end\"><\/span><\/h3>\n\n\n\n<p>Vous avez le droit de :<\/p>\n\n\n\n<ul class=\"wp-block-list\">\n<li>Acc\u00e9der, mettre \u00e0 jour ou supprimer vos donn\u00e9es personnelles.<\/li>\n\n\n\n<li>Refuser \u00e0 tout moment les communications marketing.<\/li>\n\n\n\n<li>Demander une copie des informations que nous d\u00e9tenons \u00e0 votre sujet.<\/li>\n<\/ul>\n\n\n\n<p>Pour exercer ces droits, veuillez nous contacter \u00e0 l'adresse suivante : info@pharma-chemical.com.<\/p>\n\n\n\n<h3 class=\"wp-block-heading\"><span class=\"ez-toc-section\" id=\"6_Cookies_and_Tracking_Technologies\"><\/span><strong>6. Cookies et technologies de suivi<\/strong><span class=\"ez-toc-section-end\"><\/span><\/h3>\n\n\n\n<p>Notre site web utilise des cookies pour am\u00e9liorer votre exp\u00e9rience. Vous pouvez d\u00e9sactiver les cookies dans les param\u00e8tres de votre navigateur, mais cela peut limiter certaines fonctionnalit\u00e9s de notre site web.<\/p>\n\n\n\n<h3 class=\"wp-block-heading\"><span class=\"ez-toc-section\" id=\"7_Third-Party_Links\"><\/span><strong>7. Liens avec des tiers<\/strong><span class=\"ez-toc-section-end\"><\/span><\/h3>\n\n\n\n<p>Notre site web peut contenir des liens vers des sites web de tiers. Nous ne sommes pas responsables des pratiques en mati\u00e8re de protection de la vie priv\u00e9e ou du contenu de ces sites.<\/p>\n\n\n\n<h3 class=\"wp-block-heading\"><span class=\"ez-toc-section\" id=\"8_Updates_to_This_Policy\"><\/span><strong>8. Mises \u00e0 jour de la pr\u00e9sente politique<\/strong><span class=\"ez-toc-section-end\"><\/span><\/h3>\n\n\n\n<p>Nous pouvons mettre \u00e0 jour la pr\u00e9sente politique de confidentialit\u00e9 de temps \u00e0 autre. Toute modification sera publi\u00e9e sur cette page avec une date d'entr\u00e9e en vigueur actualis\u00e9e. Nous vous encourageons \u00e0 consulter r\u00e9guli\u00e8rement cette politique.<\/p>\n\n\n\n<h3 class=\"wp-block-heading\"><span class=\"ez-toc-section\" id=\"9_Contact_Us\"><\/span><strong>9. Nous contacter<\/strong><span class=\"ez-toc-section-end\"><\/span><\/h3>\n\n\n\n<p>Si vous avez des questions ou des pr\u00e9occupations concernant la pr\u00e9sente politique de confidentialit\u00e9, veuillez nous contacter :<\/p>\n\n\n\n<ul class=\"wp-block-list\">\n<li><strong>Courriel<\/strong>: info@pharma-chemical.com<\/li>\n\n\n\n<li>Num\u00e9ro WhatsApp : +1 (424) 242-5629<\/li>\n\n\n\n<li><strong>Adresse<\/strong>: Los Angeles, \u00c9tats-Unis<\/li>\n<\/ul>\n\n\n\n<p>Cette politique de confidentialit\u00e9 garantit la transparence et la confiance, afin que vous puissiez vous engager avec Pharma-Chemical en toute confiance. N'h\u00e9sitez pas \u00e0 me contacter si vous souhaitez des d\u00e9tails suppl\u00e9mentaires ou des ajustements.<\/p>","protected":false},"excerpt":{"rendered":"<p>Pharma-Chemical Privacy PolicyEffective Date: 01\/01\/2010 Pharma-Chemical values your privacy and is committed to protecting your personal information. This Privacy Policy explains how we collect, use, disclose, and safeguard your information when you visit our website or engage with us. Please read this policy carefully to understand our practices regarding your personal data. 1. Information We [&hellip;]<\/p>\n","protected":false},"author":1,"featured_media":0,"parent":0,"menu_order":0,"comment_status":"closed","ping_status":"open","template":"","meta":{"footnotes":""},"class_list":["post-3","page","type-page","status-publish","hentry"],"blocksy_meta":[],"_links":{"self":[{"href":"https:\/\/pharma-chemical.com\/fr\/wp-json\/wp\/v2\/pages\/3","targetHints":{"allow":["GET"]}}],"collection":[{"href":"https:\/\/pharma-chemical.com\/fr\/wp-json\/wp\/v2\/pages"}],"about":[{"href":"https:\/\/pharma-chemical.com\/fr\/wp-json\/wp\/v2\/types\/page"}],"author":[{"embeddable":true,"href":"https:\/\/pharma-chemical.com\/fr\/wp-json\/wp\/v2\/users\/1"}],"replies":[{"embeddable":true,"href":"https:\/\/pharma-chemical.com\/fr\/wp-json\/wp\/v2\/comments?post=3"}],"version-history":[{"count":1,"href":"https:\/\/pharma-chemical.com\/fr\/wp-json\/wp\/v2\/pages\/3\/revisions"}],"predecessor-version":[{"id":1792,"href":"https:\/\/pharma-chemical.com\/fr\/wp-json\/wp\/v2\/pages\/3\/revisions\/1792"}],"wp:attachment":[{"href":"https:\/\/pharma-chemical.com\/fr\/wp-json\/wp\/v2\/media?parent=3"}],"curies":[{"name":"wp","href":"https:\/\/api.w.org\/{rel}","templated":true}]}}