{"id":2001,"date":"2025-01-21T18:00:42","date_gmt":"2025-01-21T18:00:42","guid":{"rendered":"https:\/\/pharma-chemical.com\/?post_type=product&#038;p=2001"},"modified":"2025-01-21T18:02:34","modified_gmt":"2025-01-21T18:02:34","slug":"caluanie-muelear-oxidize-for-sale","status":"publish","type":"product","link":"https:\/\/pharma-chemical.com\/fr\/produit\/caluanie-muelear-oxidize-for-sale\/","title":{"rendered":"Caluanie Muelear Oxidize \u00e0 vendre"},"content":{"rendered":"<h3><strong>Caluanie Muelear Oxidize \u00e0 vendre<\/strong><\/h3>\n<p>Pharma Chemical est fier d'\u00eatre un fournisseur de premier plan de <a href=\"https:\/\/pharma-chemical.com\/fr\/culluanie-muelear-oxidize\/\"><strong>Caluanie Muelear Oxidize<\/strong><\/a> dans le monde entier. Avec plus d'une d\u00e9cennie d'exp\u00e9rience dans l'industrie chimique, nous nous engageons \u00e0 fournir des produits de premi\u00e8re qualit\u00e9 \u00e0 nos clients estim\u00e9s. Notre d\u00e9vouement \u00e0 un service client\u00e8le exceptionnel et \u00e0 des normes de qualit\u00e9 rigoureuses nous a permis de nous \u00e9tablir comme une source fiable et de confiance. Pour toute question concernant l'achat de Caluanie Muelear Oxidize, n'h\u00e9sitez pas \u00e0 nous contacter - nous sommes toujours l\u00e0 pour vous aider.<\/p>\n<h3><strong>Prix abordables pour Caluanie Muelear Pasteurize<\/strong><\/h3>\n<p>Nous proposons <a href=\"https:\/\/www.facebook.com\/61551201980445\/videos\/new-products\/292173877322675\/\" target=\"_blank\" rel=\"noopener\"><strong>Caluanie Muelear Pasteurize<\/strong><\/a>Nous offrons des prix comp\u00e9titifs pour r\u00e9pondre aux besoins des entreprises de toutes tailles. Notre s\u00e9lection de contenants vous permet de choisir la quantit\u00e9 qui correspond le mieux \u00e0 vos besoins op\u00e9rationnels et \u00e0 votre budget. Combinant un prix abordable avec une qualit\u00e9 de produit exceptionnelle, notre Caluanie Muelear Pasteurize est la solution id\u00e9ale pour les entreprises qui recherchent des solvants efficaces et fiables pour leurs op\u00e9rations.<\/p>\n<h3><strong>Comment acheter Caluanie Muelear Oxidize en ligne<\/strong><\/h3>\n<p>Chez Refined Industrial Chemicals, nous avons simplifi\u00e9 le processus de commande afin de garantir \u00e0 nos clients une exp\u00e9rience pratique et s\u00fbre. Voici comment passer une commande : Caluanie Muelear Oxidize \u00e0 vendre<\/p>\n<ol>\n<li><strong>Visitez notre site web<\/strong>: Allez sur le site officiel de Refined Industrial Chemicals pour vous assurer que vous acc\u00e9dez \u00e0 une plateforme l\u00e9gitime. Cette \u00e9tape permet de prot\u00e9ger votre achat et d'\u00e9viter les sites contrefaits.<\/li>\n<li><strong>Parcourir notre catalogue<\/strong>: Explorez notre catalogue de produits pour examiner les options disponibles et s\u00e9lectionner la quantit\u00e9 d\u00e9sir\u00e9e de Caluanie Muelear Oxidize.<\/li>\n<li><strong>Ajouter au panier<\/strong>: Une fois votre s\u00e9lection effectu\u00e9e, ajoutez le produit \u00e0 votre panier virtuel pour confirmer vos choix avant de continuer.<\/li>\n<li><strong>Passer \u00e0 la caisse<\/strong>: V\u00e9rifiez votre commande lors du paiement et s\u00e9lectionnez une m\u00e9thode de paiement s\u00e9curis\u00e9e. Nous proposons des options fiables, notamment Bitcoin et le virement bancaire.<\/li>\n<li><strong>Fournir des informations sur l'exp\u00e9dition<\/strong>: Saisissez les informations n\u00e9cessaires \u00e0 l'exp\u00e9dition pour garantir une livraison pr\u00e9cise et sans heurts \u00e0 l'adresse de votre choix.<\/li>\n<li><strong>Confirmation de commande<\/strong>: Apr\u00e8s avoir effectu\u00e9 votre paiement, vous recevrez un e-mail confirmant les d\u00e9tails de votre commande. Cette confirmation fait office de re\u00e7u. Caluanie Muelear Oxidize \u00e0 vendre<\/li>\n<\/ol>\n<h3><strong>Exp\u00e9dition rapide et fiable<\/strong><\/h3>\n<p>Nous comprenons l'importance d'une livraison rapide. C'est pourquoi nous proposons des options d'exp\u00e9dition efficaces et s\u00fbres pour que votre colis vous parvienne \u00e0 temps et en parfait \u00e9tat. La livraison de votre commande en toute s\u00e9curit\u00e9 et dans les plus brefs d\u00e9lais est notre priorit\u00e9 absolue. Caluanie Muelear Oxidize \u00e0 vendre<\/p>\n<p>Pour plus d'informations ou pour obtenir de l'aide concernant votre commande, n'h\u00e9sitez pas \u00e0 nous contacter \u00e0 tout moment.<\/p>\n<p>&nbsp;<\/p>","protected":false},"excerpt":{"rendered":"<p>Caluanie Muelear Oxidize for Sale Pharma Chemical is proud to be a leading supplier of Caluanie Muelear Oxidize worldwide. With over a decade of experience in the chemical industry, we are committed to providing premium-quality products to our valued clients. Our dedication to exceptional customer service and rigorous quality standards has established us as a [&hellip;]<\/p>\n","protected":false},"featured_media":2002,"comment_status":"open","ping_status":"closed","template":"","meta":[],"product_brand":[],"product_cat":[29,28],"product_tag":[32,33,34,35,36,37,38],"class_list":{"0":"post-2001","1":"product","2":"type-product","3":"status-publish","4":"has-post-thumbnail","6":"product_cat-caluanie-muelear-oxidize","7":"product_cat-general","8":"product_tag-buy-caluanie-muelear-oxidize-online","9":"product_tag-caluanie-for-sale","10":"product_tag-caluanie-muelear-oxidize-buy","11":"product_tag-caluanie-muelear-oxidize-price","12":"product_tag-caluanie-muelear-oxidize-usa","13":"product_tag-caluanie-price","14":"product_tag-muelear-oxidize-price","16":"first","17":"instock","18":"sale","19":"shipping-taxable","20":"purchasable","21":"product-type-variable"},"_links":{"self":[{"href":"https:\/\/pharma-chemical.com\/fr\/wp-json\/wp\/v2\/product\/2001","targetHints":{"allow":["GET"]}}],"collection":[{"href":"https:\/\/pharma-chemical.com\/fr\/wp-json\/wp\/v2\/product"}],"about":[{"href":"https:\/\/pharma-chemical.com\/fr\/wp-json\/wp\/v2\/types\/product"}],"replies":[{"embeddable":true,"href":"https:\/\/pharma-chemical.com\/fr\/wp-json\/wp\/v2\/comments?post=2001"}],"wp:featuredmedia":[{"embeddable":true,"href":"https:\/\/pharma-chemical.com\/fr\/wp-json\/wp\/v2\/media\/2002"}],"wp:attachment":[{"href":"https:\/\/pharma-chemical.com\/fr\/wp-json\/wp\/v2\/media?parent=2001"}],"wp:term":[{"taxonomy":"product_brand","embeddable":true,"href":"https:\/\/pharma-chemical.com\/fr\/wp-json\/wp\/v2\/product_brand?post=2001"},{"taxonomy":"product_cat","embeddable":true,"href":"https:\/\/pharma-chemical.com\/fr\/wp-json\/wp\/v2\/product_cat?post=2001"},{"taxonomy":"product_tag","embeddable":true,"href":"https:\/\/pharma-chemical.com\/fr\/wp-json\/wp\/v2\/product_tag?post=2001"}],"curies":[{"name":"wp","href":"https:\/\/api.w.org\/{rel}","templated":true}]}}