{"id":2006,"date":"2025-01-22T10:43:24","date_gmt":"2025-01-22T10:43:24","guid":{"rendered":"https:\/\/pharma-chemical.com\/?post_type=product&#038;p=2006"},"modified":"2025-01-22T10:47:12","modified_gmt":"2025-01-22T10:47:12","slug":"wholesale-caluanie-muelear-oxidize","status":"publish","type":"product","link":"https:\/\/pharma-chemical.com\/fr\/produit\/wholesale-caluanie-muelear-oxidize\/","title":{"rendered":"Caluanie en gros Muelear Oxidize"},"content":{"rendered":"<p><strong>Pharma Chemical : Fournisseur principal de Caluanie Muelear Oxidize<\/strong><\/p>\n<p class=\"serp-title\">Grossiste Caluanie Muelear Oxidize, Pharma Chemical est tr\u00e8s fier d'\u00eatre le premier fournisseur de <a href=\"https:\/\/pharma-chemical.com\/fr\/\"><strong>Caluanie Muelear Oxidize<\/strong><\/a> dans le monde entier. Forts de plus d'une d\u00e9cennie d'exp\u00e9rience dans le secteur, nous nous engageons \u00e0 fournir des produits de qualit\u00e9 sup\u00e9rieure \u00e0 nos pr\u00e9cieux clients dans le monde entier. Notre r\u00e9putation de source fiable et s\u00fbre repose sur un service \u00e0 la client\u00e8le exceptionnel et sur des normes de contr\u00f4le de la qualit\u00e9 rigoureuses.<\/p>\n<p>Si vous \u00eates int\u00e9ress\u00e9 par l'achat de Caluanie Muelear Oxidize, n'h\u00e9sitez pas \u00e0 nous contacter. Notre \u00e9quipe est toujours disponible pour vous aider et r\u00e9pondre \u00e0 vos questions.<\/p>\n<h3><strong>Prix de gros pour Caluanie Muelear Pasteurize<\/strong><\/h3>\n<p>Nous proposons <strong>Caluanie Muelear Pasteurize<\/strong>Le produit est un solvant industriel de premi\u00e8re qualit\u00e9, \u00e0 des prix tr\u00e8s comp\u00e9titifs adapt\u00e9s aux entreprises de toutes tailles. Avec une gamme de tailles de conteneurs disponibles, vous pouvez facilement s\u00e9lectionner la quantit\u00e9 qui r\u00e9pond \u00e0 vos besoins op\u00e9rationnels tout en restant dans les limites de votre budget. Vente en gros de Caluanie Muelear Oxidize<\/p>\n<p>Notre engagement \u00e0 combiner prix abordables et excellence des produits fait de notre <a href=\"https:\/\/www.globalsources.com\/Industrial-chemical\/Caluanie-Muelear-Oxidize-1215802325p.htm\" target=\"_blank\" rel=\"noopener\">Caluanie Muelear<\/a> Pasteurize est la solution id\u00e9ale pour les entreprises qui ont besoin de solvants fiables et efficaces pour rationaliser leurs op\u00e9rations.<\/p>\n<h3><strong>Comment acheter Caluanie Muelear Oxidize en vrac en ligne<\/strong><\/h3>\n<p>Chez Pharma Chemical, nous avons con\u00e7u un syst\u00e8me de commande s\u00e9curis\u00e9 et convivial pour simplifier le processus d'achat de Caluanie Muelear Oxidize. Voici comment passer votre commande :<\/p>\n<ol>\n<li><strong>Visitez notre site officiel<\/strong>: Commencez par naviguer sur le site Web de Refined Industrial Chemicals pour vous assurer que vous \u00eates sur la plateforme l\u00e9gitime. Cette \u00e9tape prot\u00e8ge votre achat et permet d'\u00e9viter les sites contrefaits.<\/li>\n<li><strong>Explorer le catalogue de produits<\/strong>: Parcourez nos offres de produits pour trouver les options et les quantit\u00e9s qui r\u00e9pondent le mieux \u00e0 vos besoins.<\/li>\n<li><strong>Ajouter au panier<\/strong>: Apr\u00e8s avoir s\u00e9lectionn\u00e9 les produits souhait\u00e9s, ajoutez-les \u00e0 votre panier pour confirmer vos choix avant de passer \u00e0 la caisse.<\/li>\n<li><strong>Passer \u00e0 la caisse<\/strong>: Au moment de passer \u00e0 la caisse, v\u00e9rifiez votre commande et choisissez un mode de paiement s\u00e9curis\u00e9. Nous proposons des options fiables, notamment Bitcoin, Zelle et les virements bancaires.<\/li>\n<li><strong>Fournir des informations sur l'exp\u00e9dition<\/strong>: Saisissez les informations n\u00e9cessaires \u00e0 l'exp\u00e9dition, y compris l'adresse de livraison, afin de garantir une livraison pr\u00e9cise et sans heurts.<\/li>\n<li><strong>Confirmation de commande<\/strong>: Une fois votre paiement effectu\u00e9, vous recevrez un courriel de confirmation contenant les d\u00e9tails de votre commande. Il s'agit de votre re\u00e7u et de la v\u00e9rification de votre achat. Vente en gros de Caluanie Muelear Oxidize<\/li>\n<\/ol>\n<h3><strong>Exp\u00e9dition et livraison fiables<\/strong><\/h3>\n<p>Nous comprenons l'importance des livraisons en temps voulu et nous nous engageons \u00e0 fournir des services d'exp\u00e9dition rapides et fiables. Nos proc\u00e9dures sont con\u00e7ues pour garantir que votre colis arrive \u00e0 temps et en toute s\u00e9curit\u00e9, directement \u00e0 votre porte.<\/p>\n<p>Pour toute information compl\u00e9mentaire ou assistance concernant votre commande, n'h\u00e9sitez pas \u00e0 nous contacter. Votre satisfaction est notre priorit\u00e9.<\/p>\n<p>&nbsp;<\/p>","protected":false},"excerpt":{"rendered":"<p>Pharma Chemical: Leading Supplier of Caluanie Muelear Oxidize Wholesale Caluanie Muelear Oxidize, Pharma Chemical takes immense pride in being a premier supplier of Caluanie Muelear Oxidize worldwide. With over a decade of industry experience, we are committed to delivering top-quality products to our valued clients across the globe. Our reputation as a trusted and dependable [&hellip;]<\/p>\n","protected":false},"featured_media":2007,"comment_status":"open","ping_status":"closed","template":"","meta":[],"product_brand":[],"product_cat":[29,28],"product_tag":[39,40,41,42,43,44],"class_list":{"0":"post-2006","1":"product","2":"type-product","3":"status-publish","4":"has-post-thumbnail","6":"product_cat-caluanie-muelear-oxidize","7":"product_cat-general","8":"product_tag-100l-caluanie","9":"product_tag-20l-caluanie","10":"product_tag-50l-caluanie","11":"product_tag-caluanie-in-bulk","12":"product_tag-caluanie-manufacturer","13":"product_tag-wlolesale-caluanie","15":"first","16":"instock","17":"sale","18":"shipping-taxable","19":"purchasable","20":"product-type-variable"},"_links":{"self":[{"href":"https:\/\/pharma-chemical.com\/fr\/wp-json\/wp\/v2\/product\/2006","targetHints":{"allow":["GET"]}}],"collection":[{"href":"https:\/\/pharma-chemical.com\/fr\/wp-json\/wp\/v2\/product"}],"about":[{"href":"https:\/\/pharma-chemical.com\/fr\/wp-json\/wp\/v2\/types\/product"}],"replies":[{"embeddable":true,"href":"https:\/\/pharma-chemical.com\/fr\/wp-json\/wp\/v2\/comments?post=2006"}],"wp:featuredmedia":[{"embeddable":true,"href":"https:\/\/pharma-chemical.com\/fr\/wp-json\/wp\/v2\/media\/2007"}],"wp:attachment":[{"href":"https:\/\/pharma-chemical.com\/fr\/wp-json\/wp\/v2\/media?parent=2006"}],"wp:term":[{"taxonomy":"product_brand","embeddable":true,"href":"https:\/\/pharma-chemical.com\/fr\/wp-json\/wp\/v2\/product_brand?post=2006"},{"taxonomy":"product_cat","embeddable":true,"href":"https:\/\/pharma-chemical.com\/fr\/wp-json\/wp\/v2\/product_cat?post=2006"},{"taxonomy":"product_tag","embeddable":true,"href":"https:\/\/pharma-chemical.com\/fr\/wp-json\/wp\/v2\/product_tag?post=2006"}],"curies":[{"name":"wp","href":"https:\/\/api.w.org\/{rel}","templated":true}]}}