{"id":2012,"date":"2025-01-22T12:05:04","date_gmt":"2025-01-22T12:05:04","guid":{"rendered":"https:\/\/pharma-chemical.com\/?post_type=product&#038;p=2012"},"modified":"2025-01-22T12:11:18","modified_gmt":"2025-01-22T12:11:18","slug":"pure-red-liquid-mercury","status":"publish","type":"product","link":"https:\/\/pharma-chemical.com\/fr\/produit\/pure-red-liquid-mercury\/","title":{"rendered":"Acheter 99.9% Mercure liquide rouge pur"},"content":{"rendered":"<p>Nous disposons de Mercure Rouge en grandes quantit\u00e9s et 90% de nos produits sont destin\u00e9s \u00e0 l'exportation. Notre Red <a href=\"https:\/\/pharma-chemical.com\/fr\/\">Mercure liquide<\/a> r\u00e9pond aux normes internationales et nos produits sont hautement recommand\u00e9s, nous vendons \u00e0 des prix r\u00e9duits.<\/p>\n<p>SPECIFICATION<\/p>\n<p>- Mercure liquide Prime Red = 99,9999% Pur en poids min.<br \/>\n- Exempt de m\u00e9taux lourds<br \/>\n- Emballage cylindre en fer ( 34.5)kg poids net<br \/>\n- \u00c9tat physique : Liquide<br \/>\n- Apparence : Rouge<br \/>\n- Odeur : inodore<br \/>\n- PH : Non disponible.<br \/>\n- Pression de vapeur : 0,002 mm Hg \u00e0 25C<br \/>\n- Densit\u00e9 de vapeur : 7,0<br \/>\n- Taux d'\u00e9vaporation : Non disponible.<br \/>\n- Viscosit\u00e9 : 15,5 mPat 25 dig C<br \/>\n- Point d'\u00e9bullition : 356,72 dig C<br \/>\n- Point de cong\u00e9lation\/fusion:-38.87 dig C<br \/>\n- Temp\u00e9rature de d\u00e9composition : Non disponible.<br \/>\n- Solubilit\u00e9 : Insoluble.<br \/>\n- Gravit\u00e9 sp\u00e9cifique\/densit\u00e9 : 13,59 (eau=1)<br \/>\n- Formule mol\u00e9culaire :Hg<br \/>\n- Poids mol\u00e9culaire : 200,59<\/p>\n<p>Vente de mercure rouge pur : vente en gros et au d\u00e9tail, livraison discr\u00e8te et rapide dans le monde entier. Produits disponibles : mercure rouge pur, Cinabre, Oxyde de mercure et d'antimoine. Nous fournissons du mercure liquide rouge pur de haute qualit\u00e9 et parfaitement compos\u00e9 en ligne \u00e0 des prix abordables.<\/p>\n<p>Nous sommes un grossiste et d\u00e9taillant de Mercure Rouge Pur en ligne. Nous fournissons du mercure liquide rouge pur de grande qualit\u00e9. Notre mercure liquide rouge pur est tr\u00e8s demand\u00e9 par les industries du monde entier pour la fabrication d'une grande vari\u00e9t\u00e9 de produits. Il s'agit d'un mercure liquide pur de haute qualit\u00e9 et parfaitement compos\u00e9. <a href=\"https:\/\/www.facebook.com\/100063770243469\/videos\/red-mercury-for-sale-1-red-mercury-2020-usd-2600-gram2-red-mercury-2727-usd-1600\/708125817167398\/?locale=ms_MY\" target=\"_blank\" rel=\"noopener\">Mercure liquide rouge<\/a>. Pure Red Mercury exp\u00e9die dans le monde entier avec la garantie 100% de livrer votre produit \u00e0 temps.<br \/>\nL'intensit\u00e9 du mercure rouge est tr\u00e8s \u00e9lev\u00e9e 20,2 g\/ cm3.<br \/>\nCe liquide Hg2 Sb207 est le mat\u00e9riel des laboratoires militaires :<br \/>\nOxyde d'antimoine et de mercure<br \/>\nAutre nom : Mercure liquide Cherry Red<br \/>\nFormule : Sb2O7Hg2<br \/>\nAspect : Liquide m\u00e9tallique rouge cerise<\/p>\n<p>PLUS DE SP\u00c9CIFICATIONS<br \/>\nRayonnement : 0.794<br \/>\nValeur de la ligne de temp\u00e9rature : 160.87<br \/>\nR\u00e9action VHTC mp : 1.024<br \/>\nK r\u00e9action : 0.00016<br \/>\nR\u00e9action P : 9.000-8.000<br \/>\nR\u00e9action du VDSA : 0.30-0.29<br \/>\nValeur gamma : 0,026<br \/>\nPoint d'\u00e9bullition : 356.720<br \/>\nMG : 196,01 + _0,02\/moi teneur en eau<br \/>\nForme : Liquide en forme de rouleau<br \/>\nCouleur : rouge cerise<br \/>\nMasse molaire : 756,7002 g\/mol<\/p>","protected":false},"excerpt":{"rendered":"<p>We have available Red Mercury in great quantities and 90% of our product is for exportation. Our Red liquid Mercury meets the norms of international standards and our products are highly recommended ,We sell at a discount price. SPECIFICATION &#8211; Prime Red liquid Mercury = 99.9999% Pure by wt min. &#8211; Free from heavy metals [&hellip;]<\/p>\n","protected":false},"featured_media":2022,"comment_status":"open","ping_status":"closed","template":"","meta":[],"product_brand":[],"product_cat":[30,28],"product_tag":[45,46,49,50,47,48],"class_list":{"0":"post-2012","1":"product","2":"type-product","3":"status-publish","4":"has-post-thumbnail","6":"product_cat-red-liquid-mercury","7":"product_cat-general","8":"product_tag-buy-99-9-pure-red-liquid-mercury","9":"product_tag-buy-pure-red-liquid-mercury","10":"product_tag-liquid-mercury","11":"product_tag-mercury","12":"product_tag-pure-red-liquid-mercury","13":"product_tag-red-liquid-mercury","15":"first","16":"instock","17":"sale","18":"shipping-taxable","19":"purchasable","20":"product-type-variable"},"_links":{"self":[{"href":"https:\/\/pharma-chemical.com\/fr\/wp-json\/wp\/v2\/product\/2012","targetHints":{"allow":["GET"]}}],"collection":[{"href":"https:\/\/pharma-chemical.com\/fr\/wp-json\/wp\/v2\/product"}],"about":[{"href":"https:\/\/pharma-chemical.com\/fr\/wp-json\/wp\/v2\/types\/product"}],"replies":[{"embeddable":true,"href":"https:\/\/pharma-chemical.com\/fr\/wp-json\/wp\/v2\/comments?post=2012"}],"wp:featuredmedia":[{"embeddable":true,"href":"https:\/\/pharma-chemical.com\/fr\/wp-json\/wp\/v2\/media\/2022"}],"wp:attachment":[{"href":"https:\/\/pharma-chemical.com\/fr\/wp-json\/wp\/v2\/media?parent=2012"}],"wp:term":[{"taxonomy":"product_brand","embeddable":true,"href":"https:\/\/pharma-chemical.com\/fr\/wp-json\/wp\/v2\/product_brand?post=2012"},{"taxonomy":"product_cat","embeddable":true,"href":"https:\/\/pharma-chemical.com\/fr\/wp-json\/wp\/v2\/product_cat?post=2012"},{"taxonomy":"product_tag","embeddable":true,"href":"https:\/\/pharma-chemical.com\/fr\/wp-json\/wp\/v2\/product_tag?post=2012"}],"curies":[{"name":"wp","href":"https:\/\/api.w.org\/{rel}","templated":true}]}}