{"id":1593,"date":"2024-11-21T12:36:15","date_gmt":"2024-11-21T12:36:15","guid":{"rendered":"https:\/\/pharma-chemical.com\/?page_id=1593"},"modified":"2025-08-04T07:26:22","modified_gmt":"2025-08-04T07:26:22","slug":"caluanie-muelear-oxidize-price","status":"publish","type":"page","link":"https:\/\/pharma-chemical.com\/pt\/caluanie-muelear-oxidize-price\/","title":{"rendered":"COMO ENCOMENDAR"},"content":{"rendered":"<p><strong>Como encomendar Caluanie Muelear Oxidize a partir de <a href=\"https:\/\/pharma-chemical.com\/pt\/\">Farmac\u00eautica e qu\u00edmica<\/a><\/strong><\/p>\n\n\n\n<p>Na Pharma-Chemical, tornamos f\u00e1cil e segura a compra de <strong>Caluanie Muelear Oxidize<\/strong> para as suas necessidades industriais. Com o nosso compromisso para com a qualidade, fiabilidade e satisfa\u00e7\u00e3o do cliente, asseguramos um processo de encomenda sem problemas do in\u00edcio ao fim. Siga os passos abaixo para efetuar a sua encomenda e obter o melhor <strong>Caluanie Muelear Oxidize pre\u00e7o<\/strong> no mercado.<\/p>\n\n\n\n<figure class=\"wp-block-image size-full\"><img fetchpriority=\"high\" decoding=\"async\" width=\"965\" height=\"359\" src=\"https:\/\/pharma-chemical.com\/wp-content\/uploads\/2024\/12\/8ui88.png\" alt=\"\" class=\"wp-image-1782\" srcset=\"https:\/\/pharma-chemical.com\/wp-content\/uploads\/2024\/12\/8ui88.png 965w, https:\/\/pharma-chemical.com\/wp-content\/uploads\/2024\/12\/8ui88-600x223.png 600w, https:\/\/pharma-chemical.com\/wp-content\/uploads\/2024\/12\/8ui88-300x112.webp 300w, https:\/\/pharma-chemical.com\/wp-content\/uploads\/2024\/12\/8ui88-768x286.webp 768w\" sizes=\"(max-width: 965px) 100vw, 965px\" \/><\/figure>\n\n\n\n<div id=\"ez-toc-container\" class=\"ez-toc-v2_0_82_2 counter-hierarchy ez-toc-counter ez-toc-grey ez-toc-container-direction\">\n<div class=\"ez-toc-title-container\">\n<p class=\"ez-toc-title\" style=\"cursor:inherit\">\u00cdndice<\/p>\n<span class=\"ez-toc-title-toggle\"><a href=\"#\" class=\"ez-toc-pull-right ez-toc-btn ez-toc-btn-xs ez-toc-btn-default ez-toc-toggle\" aria-label=\"Alternar o \u00edndice\"><span class=\"ez-toc-js-icon-con\"><span class=\"\"><span class=\"eztoc-hide\" style=\"display:none;\">Alternar<\/span><span class=\"ez-toc-icon-toggle-span\"><svg style=\"fill: #999;color:#999\" xmlns=\"http:\/\/www.w3.org\/2000\/svg\" class=\"list-377408\" width=\"20px\" height=\"20px\" viewbox=\"0 0 24 24\" fill=\"none\"><path d=\"M6 6H4v2h2V6zm14 0H8v2h12V6zM4 11h2v2H4v-2zm16 0H8v2h12v-2zM4 16h2v2H4v-2zm16 0H8v2h12v-2z\" fill=\"currentColor\"><\/path><\/svg><svg style=\"fill: #999;color:#999\" class=\"arrow-unsorted-368013\" xmlns=\"http:\/\/www.w3.org\/2000\/svg\" width=\"10px\" height=\"10px\" viewbox=\"0 0 24 24\" version=\"1.2\" baseprofile=\"tiny\"><path d=\"M18.2 9.3l-6.2-6.3-6.2 6.3c-.2.2-.3.4-.3.7s.1.5.3.7c.2.2.4.3.7.3h11c.3 0 .5-.1.7-.3.2-.2.3-.5.3-.7s-.1-.5-.3-.7zM5.8 14.7l6.2 6.3 6.2-6.3c.2-.2.3-.5.3-.7s-.1-.5-.3-.7c-.2-.2-.4-.3-.7-.3h-11c-.3 0-.5.1-.7.3-.2.2-.3.5-.3.7s.1.5.3.7z\"\/><\/svg><\/span><\/span><\/span><\/a><\/span><\/div>\n<nav><ul class='ez-toc-list ez-toc-list-level-1' ><li class='ez-toc-page-1 ez-toc-heading-level-3'><a class=\"ez-toc-link ez-toc-heading-1\" href=\"https:\/\/pharma-chemical.com\/pt\/caluanie-muelear-oxidize-price\/#Step_1_Submit_Your_Inquiry_Place_your_order_by_selecting_your_product_from_our_Shop_and_proceed_to_Checkout\" >Step 1: Submit Your Inquiry \/Place your order by selecting your product from our Shop and proceed to Checkout.<\/a><\/li><li class='ez-toc-page-1 ez-toc-heading-level-3'><a class=\"ez-toc-link ez-toc-heading-2\" href=\"https:\/\/pharma-chemical.com\/pt\/caluanie-muelear-oxidize-price\/#Step_2_Confirm_Your_Order\" >Passo 2: Confirmar a sua encomenda<\/a><\/li><li class='ez-toc-page-1 ez-toc-heading-level-3'><a class=\"ez-toc-link ez-toc-heading-3\" href=\"https:\/\/pharma-chemical.com\/pt\/caluanie-muelear-oxidize-price\/#Step_3_Make_Payment\" >Passo 3: Efetuar o pagamento<\/a><\/li><li class='ez-toc-page-1 ez-toc-heading-level-3'><a class=\"ez-toc-link ez-toc-heading-4\" href=\"https:\/\/pharma-chemical.com\/pt\/caluanie-muelear-oxidize-price\/#Step_4_Order_Processing_and_Dispatch\" >Etapa 4: Processamento e envio da encomenda<\/a><\/li><li class='ez-toc-page-1 ez-toc-heading-level-3'><a class=\"ez-toc-link ez-toc-heading-5\" href=\"https:\/\/pharma-chemical.com\/pt\/caluanie-muelear-oxidize-price\/#Step_5_Track_Your_Shipment\" >Passo 5: Acompanhe a sua expedi\u00e7\u00e3o<\/a><\/li><li class='ez-toc-page-1 ez-toc-heading-level-3'><a class=\"ez-toc-link ez-toc-heading-6\" href=\"https:\/\/pharma-chemical.com\/pt\/caluanie-muelear-oxidize-price\/#Why_Choose_Pharma-Chemical\" >Porqu\u00ea escolher a Pharma-Chemical?<\/a><\/li><li class='ez-toc-page-1 ez-toc-heading-level-3'><a class=\"ez-toc-link ez-toc-heading-7\" href=\"https:\/\/pharma-chemical.com\/pt\/caluanie-muelear-oxidize-price\/#Contact_Us_to_Order_Now\" >Contacte-nos para encomendar agora<\/a><\/li><\/ul><\/nav><\/div>\n<h3 class=\"wp-block-heading\"><span class=\"ez-toc-section\" id=\"Step_1_Submit_Your_Inquiry_Place_your_order_by_selecting_your_product_from_our_Shop_and_proceed_to_Checkout\"><\/span><strong>Passo 1: Enviar o seu pedido de informa\u00e7\u00e3o<\/strong> \/Place your order by selecting your product from our Shop and proceed to Checkout.<span class=\"ez-toc-section-end\"><\/span><\/h3>\n\n\n\n<p>Contacte-nos atrav\u00e9s do nosso s\u00edtio Web oficial, por correio eletr\u00f3nico ou atrav\u00e9s da linha direta de apoio ao cliente para solicitar detalhes e pre\u00e7os dos produtos. N\u00e3o se esque\u00e7a de incluir:<\/p>\n\n\n\n<ul class=\"wp-block-list\">\n<li>A quantidade necess\u00e1ria de <strong><a href=\"https:\/\/www.youtube.com\/watch?v=GqbOrOtJEyY\" target=\"_blank\" rel=\"noopener\">Caluanie Muelear Oxidize<\/a><\/strong><\/li>\n\n\n\n<li>O seu local de expedi\u00e7\u00e3o<\/li>\n\n\n\n<li>Quaisquer requisitos ou prazos espec\u00edficos<\/li>\n<\/ul>\n\n\n\n<p>A nossa equipa responder\u00e1 prontamente com as especifica\u00e7\u00f5es do produto, a <strong>Caluanie Muelear Oxidize pre\u00e7o<\/strong>e detalhes de disponibilidade.<\/p>\n\n\n\n<h3 class=\"wp-block-heading\"><span class=\"ez-toc-section\" id=\"Step_2_Confirm_Your_Order\"><\/span><strong>Passo 2: Confirmar a sua encomenda<\/strong><span class=\"ez-toc-section-end\"><\/span><\/h3>\n\n\n\n<p>Depois de rever os detalhes, confirme a sua encomenda fornecendo o seguinte:<\/p>\n\n\n\n<ul class=\"wp-block-list\">\n<li>Uma ordem de compra ou uma confirma\u00e7\u00e3o oficial por correio eletr\u00f3nico<\/li>\n\n\n\n<li>Informa\u00e7\u00f5es de fatura\u00e7\u00e3o e envio<\/li>\n\n\n\n<li>M\u00e9todo de entrega preferido (envio normal ou acelerado)<\/li>\n<\/ul>\n\n\n\n<p>Processaremos a sua encomenda e enviaremos uma fatura com as instru\u00e7\u00f5es de pagamento.<\/p>\n\n\n\n<h3 class=\"wp-block-heading\"><span class=\"ez-toc-section\" id=\"Step_3_Make_Payment\"><\/span><strong>Passo 3: Efetuar o pagamento<\/strong><span class=\"ez-toc-section-end\"><\/span><\/h3>\n\n\n\n<p>Escolha entre as nossas op\u00e7\u00f5es de pagamento seguras, incluindo transfer\u00eancia banc\u00e1ria, cart\u00e3o de cr\u00e9dito ou outros m\u00e9todos aprovados. Todas as transac\u00e7\u00f5es s\u00e3o protegidas, garantindo a sua tranquilidade.<\/p>\n\n\n\n<h3 class=\"wp-block-heading\"><span class=\"ez-toc-section\" id=\"Step_4_Order_Processing_and_Dispatch\"><\/span><strong>Etapa 4: Processamento e envio da encomenda<\/strong><span class=\"ez-toc-section-end\"><\/span><\/h3>\n\n\n\n<p>Ap\u00f3s a confirma\u00e7\u00e3o do pagamento, a nossa equipa processar\u00e1 a sua encomenda imediatamente. Aderimos a medidas rigorosas de controlo de qualidade para garantir a sua <strong>Caluanie Muelear Oxidize<\/strong> \u00e9 embalado e enviado em seguran\u00e7a.<\/p>\n\n\n\n<h3 class=\"wp-block-heading\"><span class=\"ez-toc-section\" id=\"Step_5_Track_Your_Shipment\"><\/span><strong>Passo 5: Acompanhe a sua expedi\u00e7\u00e3o<\/strong><span class=\"ez-toc-section-end\"><\/span><\/h3>\n\n\n\n<p>Uma vez expedido, fornecer-lhe-emos informa\u00e7\u00f5es de seguimento para que possa acompanhar a evolu\u00e7\u00e3o do seu envio. A nossa rede global de entregas garante uma entrega atempada e segura no local especificado.<\/p>\n\n\n\n<h3 class=\"wp-block-heading\"><span class=\"ez-toc-section\" id=\"Why_Choose_Pharma-Chemical\"><\/span><strong>Porqu\u00ea escolher a Pharma-Chemical?<\/strong><span class=\"ez-toc-section-end\"><\/span><\/h3>\n\n\n\n<ul class=\"wp-block-list\">\n<li>Competitivo <strong>Caluanie Muelear Oxidize pre\u00e7os<\/strong><\/li>\n\n\n\n<li>Produtos de alta qualidade, rigorosamente testados<\/li>\n\n\n\n<li>Entrega fi\u00e1vel em todo o mundo<\/li>\n\n\n\n<li>Apoio ao cliente 24 horas por dia, 7 dias por semana para assist\u00eancia \u00e0s encomendas<\/li>\n\n\n\n<li>Um fornecedor de confian\u00e7a com d\u00e9cadas de experi\u00eancia na ind\u00fastria qu\u00edmica<\/li>\n<\/ul>\n\n\n\n<h3 class=\"wp-block-heading\"><span class=\"ez-toc-section\" id=\"Contact_Us_to_Order_Now\"><\/span><strong>Contacte-nos para encomendar agora<\/strong><span class=\"ez-toc-section-end\"><\/span><\/h3>\n\n\n\n<p>N\u00e3o espere - obtenha o melhor <strong>Caluanie Muelear Oxidize pre\u00e7o<\/strong> hoje! Contactar a Pharma-Chemical via:<\/p>\n\n\n\n<ul class=\"wp-block-list\">\n<li><strong>Correio eletr\u00f3nico<\/strong>: info@pharma-chemical.com<\/li>\n\n\n\n<li>N\u00famero de WhatsApp: +1 (424) 242-5629<\/li>\n\n\n\n<li><strong>Formul\u00e1rio online<\/strong>: <a href=\"https:\/\/pharma-chemical.com\/pt\/blog\/\">Clique aqui<\/a><\/li>\n<\/ul>\n\n\n\n<p>Experimente encomendas sem problemas, qualidade excecional e um servi\u00e7o sem paralelo com a Pharma-Chemical<\/p>","protected":false},"excerpt":{"rendered":"<p>How to Order Caluanie Muelear Oxidize from Pharma-Chemical At Pharma-Chemical, we make it easy and secure to purchase Caluanie Muelear Oxidize for your industrial needs. With our commitment to quality, reliability, and customer satisfaction, we ensure a smooth ordering process from start to finish. Follow the steps below to place your order and get the [&hellip;]<\/p>\n","protected":false},"author":1,"featured_media":1783,"parent":0,"menu_order":0,"comment_status":"closed","ping_status":"closed","template":"","meta":{"footnotes":""},"class_list":["post-1593","page","type-page","status-publish","has-post-thumbnail","hentry"],"blocksy_meta":[],"_links":{"self":[{"href":"https:\/\/pharma-chemical.com\/pt\/wp-json\/wp\/v2\/pages\/1593","targetHints":{"allow":["GET"]}}],"collection":[{"href":"https:\/\/pharma-chemical.com\/pt\/wp-json\/wp\/v2\/pages"}],"about":[{"href":"https:\/\/pharma-chemical.com\/pt\/wp-json\/wp\/v2\/types\/page"}],"author":[{"embeddable":true,"href":"https:\/\/pharma-chemical.com\/pt\/wp-json\/wp\/v2\/users\/1"}],"replies":[{"embeddable":true,"href":"https:\/\/pharma-chemical.com\/pt\/wp-json\/wp\/v2\/comments?post=1593"}],"version-history":[{"count":3,"href":"https:\/\/pharma-chemical.com\/pt\/wp-json\/wp\/v2\/pages\/1593\/revisions"}],"predecessor-version":[{"id":2077,"href":"https:\/\/pharma-chemical.com\/pt\/wp-json\/wp\/v2\/pages\/1593\/revisions\/2077"}],"wp:featuredmedia":[{"embeddable":true,"href":"https:\/\/pharma-chemical.com\/pt\/wp-json\/wp\/v2\/media\/1783"}],"wp:attachment":[{"href":"https:\/\/pharma-chemical.com\/pt\/wp-json\/wp\/v2\/media?parent=1593"}],"curies":[{"name":"wp","href":"https:\/\/api.w.org\/{rel}","templated":true}]}}