{"id":2001,"date":"2025-01-21T18:00:42","date_gmt":"2025-01-21T18:00:42","guid":{"rendered":"https:\/\/pharma-chemical.com\/?post_type=product&#038;p=2001"},"modified":"2025-01-21T18:02:34","modified_gmt":"2025-01-21T18:02:34","slug":"caluanie-muelear-oxidize-for-sale","status":"publish","type":"product","link":"https:\/\/pharma-chemical.com\/pt\/produto\/caluanie-muelear-oxidize-for-sale\/","title":{"rendered":"Caluanie Muelear Oxidize para venda"},"content":{"rendered":"<h3><strong>Caluanie Muelear Oxidize para venda<\/strong><\/h3>\n<p>A Pharma Chemical orgulha-se de ser um fornecedor l\u00edder de <a href=\"https:\/\/pharma-chemical.com\/pt\/culluanie-muelear-oxidize\/\"><strong>Caluanie Muelear Oxidize<\/strong><\/a> em todo o mundo. Com mais de uma d\u00e9cada de experi\u00eancia na ind\u00fastria qu\u00edmica, estamos empenhados em fornecer produtos de qualidade superior aos nossos valiosos clientes. A nossa dedica\u00e7\u00e3o a um servi\u00e7o excecional ao cliente e a rigorosos padr\u00f5es de qualidade estabeleceram-nos como uma fonte fi\u00e1vel e de confian\u00e7a. Para mais informa\u00e7\u00f5es sobre a compra de Caluanie Muelear Oxidize, n\u00e3o hesite em contactar-nos - estamos sempre dispon\u00edveis para o ajudar.<\/p>\n<h3><strong>Pre\u00e7os acess\u00edveis para Caluanie Muelear Pasteurize<\/strong><\/h3>\n<p>Oferecemos <a href=\"https:\/\/www.facebook.com\/61551201980445\/videos\/new-products\/292173877322675\/\" target=\"_blank\" rel=\"noopener\"><strong>Caluanie Muelear Pasteurize<\/strong><\/a>um solvente industrial de alta qualidade, a pre\u00e7os competitivos para satisfazer as necessidades de empresas de todas as dimens\u00f5es. A nossa sele\u00e7\u00e3o de tamanhos de contentores permite-lhe escolher a quantidade que melhor se adapta \u00e0s suas necessidades operacionais e ao seu or\u00e7amento. Combinando acessibilidade com uma qualidade de produto excecional, o nosso Caluanie Muelear Pasteurize \u00e9 a solu\u00e7\u00e3o ideal para empresas que procuram solventes eficientes e fi\u00e1veis para as suas opera\u00e7\u00f5es.<\/p>\n<h3><strong>Como comprar Caluanie Muelear Oxidize online<\/strong><\/h3>\n<p>Na Refined Industrial Chemicals, simplific\u00e1mos o processo de encomenda para garantir uma experi\u00eancia conveniente e segura para os nossos clientes. Veja aqui como pode efetuar uma encomenda: Caluanie Muelear Oxidize para venda<\/p>\n<ol>\n<li><strong>Visite o nosso s\u00edtio Web<\/strong>: Aceda ao site oficial da Refined Industrial Chemicals para garantir que est\u00e1 a aceder a uma plataforma leg\u00edtima. Este passo ajuda a proteger a sua compra e a evitar sites falsificados.<\/li>\n<li><strong>Navegar no nosso cat\u00e1logo<\/strong>: Explore o nosso cat\u00e1logo de produtos para rever as op\u00e7\u00f5es dispon\u00edveis e selecione a quantidade desejada de Caluanie Muelear Oxidize.<\/li>\n<li><strong>Adicionar ao carrinho<\/strong>: Depois de ter feito a sua sele\u00e7\u00e3o, adicione o produto ao seu carrinho virtual para confirmar as suas escolhas antes de prosseguir.<\/li>\n<li><strong>Proceder ao checkout<\/strong>: Reveja a sua encomenda no checkout e selecione um m\u00e9todo de pagamento seguro. Oferecemos op\u00e7\u00f5es fi\u00e1veis, incluindo Bitcoin e transfer\u00eancia banc\u00e1ria.<\/li>\n<li><strong>Fornecer informa\u00e7\u00f5es de envio<\/strong>: Introduza os dados de envio necess\u00e1rios para garantir uma entrega correta e sem problemas no seu endere\u00e7o preferido.<\/li>\n<li><strong>Confirma\u00e7\u00e3o da encomenda<\/strong>: Depois de efetuar o pagamento, receber\u00e1 um e-mail a confirmar os dados da sua encomenda. Esta confirma\u00e7\u00e3o serve de recibo. Caluanie Muelear Oxidize para venda<\/li>\n<\/ol>\n<h3><strong>Envio r\u00e1pido e fi\u00e1vel<\/strong><\/h3>\n<p>Compreendemos a import\u00e2ncia de uma entrega r\u00e1pida. \u00c9 por isso que oferecemos op\u00e7\u00f5es de envio eficientes e seguras para garantir que a sua encomenda chega a tempo e em perfeitas condi\u00e7\u00f5es. A entrega da sua encomenda com seguran\u00e7a e rapidez \u00e9 a nossa principal prioridade. Caluanie Muelear Oxidize para venda<\/p>\n<p>Para mais informa\u00e7\u00f5es ou assist\u00eancia com a sua encomenda, n\u00e3o hesite em contactar-nos a qualquer momento.<\/p>\n<p>&nbsp;<\/p>","protected":false},"excerpt":{"rendered":"<p>Caluanie Muelear Oxidize for Sale Pharma Chemical is proud to be a leading supplier of Caluanie Muelear Oxidize worldwide. With over a decade of experience in the chemical industry, we are committed to providing premium-quality products to our valued clients. Our dedication to exceptional customer service and rigorous quality standards has established us as a [&hellip;]<\/p>\n","protected":false},"featured_media":2002,"comment_status":"open","ping_status":"closed","template":"","meta":[],"product_brand":[],"product_cat":[29,28],"product_tag":[32,33,34,35,36,37,38],"class_list":{"0":"post-2001","1":"product","2":"type-product","3":"status-publish","4":"has-post-thumbnail","6":"product_cat-caluanie-muelear-oxidize","7":"product_cat-general","8":"product_tag-buy-caluanie-muelear-oxidize-online","9":"product_tag-caluanie-for-sale","10":"product_tag-caluanie-muelear-oxidize-buy","11":"product_tag-caluanie-muelear-oxidize-price","12":"product_tag-caluanie-muelear-oxidize-usa","13":"product_tag-caluanie-price","14":"product_tag-muelear-oxidize-price","16":"first","17":"instock","18":"sale","19":"shipping-taxable","20":"purchasable","21":"product-type-variable"},"_links":{"self":[{"href":"https:\/\/pharma-chemical.com\/pt\/wp-json\/wp\/v2\/product\/2001","targetHints":{"allow":["GET"]}}],"collection":[{"href":"https:\/\/pharma-chemical.com\/pt\/wp-json\/wp\/v2\/product"}],"about":[{"href":"https:\/\/pharma-chemical.com\/pt\/wp-json\/wp\/v2\/types\/product"}],"replies":[{"embeddable":true,"href":"https:\/\/pharma-chemical.com\/pt\/wp-json\/wp\/v2\/comments?post=2001"}],"wp:featuredmedia":[{"embeddable":true,"href":"https:\/\/pharma-chemical.com\/pt\/wp-json\/wp\/v2\/media\/2002"}],"wp:attachment":[{"href":"https:\/\/pharma-chemical.com\/pt\/wp-json\/wp\/v2\/media?parent=2001"}],"wp:term":[{"taxonomy":"product_brand","embeddable":true,"href":"https:\/\/pharma-chemical.com\/pt\/wp-json\/wp\/v2\/product_brand?post=2001"},{"taxonomy":"product_cat","embeddable":true,"href":"https:\/\/pharma-chemical.com\/pt\/wp-json\/wp\/v2\/product_cat?post=2001"},{"taxonomy":"product_tag","embeddable":true,"href":"https:\/\/pharma-chemical.com\/pt\/wp-json\/wp\/v2\/product_tag?post=2001"}],"curies":[{"name":"wp","href":"https:\/\/api.w.org\/{rel}","templated":true}]}}