{"id":2006,"date":"2025-01-22T10:43:24","date_gmt":"2025-01-22T10:43:24","guid":{"rendered":"https:\/\/pharma-chemical.com\/?post_type=product&#038;p=2006"},"modified":"2025-01-22T10:47:12","modified_gmt":"2025-01-22T10:47:12","slug":"wholesale-caluanie-muelear-oxidize","status":"publish","type":"product","link":"https:\/\/pharma-chemical.com\/pt\/produto\/wholesale-caluanie-muelear-oxidize\/","title":{"rendered":"Caluanie Muelear Oxidize por atacado"},"content":{"rendered":"<p><strong>Qu\u00edmica farmac\u00eautica: Fornecedor l\u00edder de Caluanie Muelear Oxidize<\/strong><\/p>\n<p class=\"serp-title\">Caluanie Muelear Oxidize por atacado, a Pharma Chemical tem imenso orgulho em ser o principal fornecedor de <a href=\"https:\/\/pharma-chemical.com\/pt\/\"><strong>Caluanie Muelear Oxidize<\/strong><\/a> em todo o mundo. Com mais de uma d\u00e9cada de experi\u00eancia no sector, estamos empenhados em fornecer produtos de alta qualidade aos nossos valiosos clientes em todo o mundo. A nossa reputa\u00e7\u00e3o como uma fonte fi\u00e1vel e segura assenta numa base de servi\u00e7o ao cliente excecional e em normas de controlo de qualidade rigorosas.<\/p>\n<p>Se estiver interessado em comprar Caluanie Muelear Oxidize, n\u00e3o hesite em contactar-nos. A nossa equipa est\u00e1 sempre dispon\u00edvel para prestar assist\u00eancia e responder a quaisquer quest\u00f5es.<\/p>\n<h3><strong>Pre\u00e7os por grosso para Caluanie Muelear Pasteurize<\/strong><\/h3>\n<p>Oferecemos <strong>Caluanie Muelear Pasteurize<\/strong>um solvente industrial de qualidade superior, a pre\u00e7os altamente competitivos, adaptados a empresas de todas as dimens\u00f5es. Com uma gama de tamanhos de contentores dispon\u00edveis, pode facilmente selecionar a quantidade que satisfaz as suas necessidades operacionais, mantendo-se dentro do seu or\u00e7amento. Caluanie Muelear Oxidize por atacado<\/p>\n<p>O nosso empenho em combinar pre\u00e7os acess\u00edveis com a excel\u00eancia dos produtos faz com que os nossos <a href=\"https:\/\/www.globalsources.com\/Industrial-chemical\/Caluanie-Muelear-Oxidize-1215802325p.htm\" target=\"_blank\" rel=\"noopener\">Caluanie Muelear<\/a> Pasteurize \u00e9 a solu\u00e7\u00e3o perfeita para as empresas que necessitam de solventes fi\u00e1veis e eficientes para racionalizar as suas opera\u00e7\u00f5es.<\/p>\n<h3><strong>Como comprar Caluanie Muelear Oxidize a granel online<\/strong><\/h3>\n<p>Na Pharma Chemical, concebemos um sistema de encomendas seguro e de f\u00e1cil utiliza\u00e7\u00e3o para simplificar o processo de compra do Caluanie Muelear Oxidize. Eis como efetuar a sua encomenda:<\/p>\n<ol>\n<li><strong>Visite o nosso s\u00edtio Web oficial<\/strong>: Comece por navegar no s\u00edtio Web da Refined Industrial Chemicals para se certificar de que se encontra na plataforma leg\u00edtima. Esta etapa protege a sua compra e ajuda a evitar s\u00edtios Web falsificados.<\/li>\n<li><strong>Explorar o cat\u00e1logo de produtos<\/strong>: Navegue pelas nossas ofertas de produtos para encontrar as op\u00e7\u00f5es e quantidades que melhor se adaptam \u00e0s suas necessidades.<\/li>\n<li><strong>Adicionar ao carrinho<\/strong>: Depois de selecionar os produtos desejados, adicione-os ao seu carrinho de compras para confirmar as suas escolhas antes de proceder ao checkout.<\/li>\n<li><strong>Proceder ao checkout<\/strong>: No checkout, reveja a sua encomenda e escolha um m\u00e9todo de pagamento seguro. Oferecemos op\u00e7\u00f5es fi\u00e1veis, incluindo Bitcoin, Zelle e transfer\u00eancias banc\u00e1rias.<\/li>\n<li><strong>Fornecer informa\u00e7\u00f5es de envio<\/strong>: Introduza os dados de envio necess\u00e1rios, incluindo o seu endere\u00e7o de entrega, para garantir uma entrega correta e sem problemas.<\/li>\n<li><strong>Confirma\u00e7\u00e3o da encomenda<\/strong>: Ap\u00f3s a conclus\u00e3o do pagamento, receber\u00e1 um e-mail de confirma\u00e7\u00e3o com os dados da sua encomenda. Isto serve como recibo e verifica\u00e7\u00e3o de compra. Venda por grosso de Caluanie Muelear Oxidize<\/li>\n<\/ol>\n<h3><strong>Envio e entrega fi\u00e1veis<\/strong><\/h3>\n<p>Compreendemos a import\u00e2ncia das entregas atempadas e estamos empenhados em fornecer servi\u00e7os de envio r\u00e1pidos e fi\u00e1veis. Os nossos processos foram concebidos para garantir que a sua encomenda chega de forma segura e atempada, diretamente \u00e0 sua porta.<\/p>\n<p>Para obter informa\u00e7\u00f5es adicionais ou assist\u00eancia com a sua encomenda, n\u00e3o hesite em contactar-nos. A sua satisfa\u00e7\u00e3o \u00e9 a nossa prioridade.<\/p>\n<p>&nbsp;<\/p>","protected":false},"excerpt":{"rendered":"<p>Pharma Chemical: Leading Supplier of Caluanie Muelear Oxidize Wholesale Caluanie Muelear Oxidize, Pharma Chemical takes immense pride in being a premier supplier of Caluanie Muelear Oxidize worldwide. With over a decade of industry experience, we are committed to delivering top-quality products to our valued clients across the globe. Our reputation as a trusted and dependable [&hellip;]<\/p>\n","protected":false},"featured_media":2007,"comment_status":"open","ping_status":"closed","template":"","meta":[],"product_brand":[],"product_cat":[29,28],"product_tag":[39,40,41,42,43,44],"class_list":{"0":"post-2006","1":"product","2":"type-product","3":"status-publish","4":"has-post-thumbnail","6":"product_cat-caluanie-muelear-oxidize","7":"product_cat-general","8":"product_tag-100l-caluanie","9":"product_tag-20l-caluanie","10":"product_tag-50l-caluanie","11":"product_tag-caluanie-in-bulk","12":"product_tag-caluanie-manufacturer","13":"product_tag-wlolesale-caluanie","15":"first","16":"instock","17":"sale","18":"shipping-taxable","19":"purchasable","20":"product-type-variable"},"_links":{"self":[{"href":"https:\/\/pharma-chemical.com\/pt\/wp-json\/wp\/v2\/product\/2006","targetHints":{"allow":["GET"]}}],"collection":[{"href":"https:\/\/pharma-chemical.com\/pt\/wp-json\/wp\/v2\/product"}],"about":[{"href":"https:\/\/pharma-chemical.com\/pt\/wp-json\/wp\/v2\/types\/product"}],"replies":[{"embeddable":true,"href":"https:\/\/pharma-chemical.com\/pt\/wp-json\/wp\/v2\/comments?post=2006"}],"wp:featuredmedia":[{"embeddable":true,"href":"https:\/\/pharma-chemical.com\/pt\/wp-json\/wp\/v2\/media\/2007"}],"wp:attachment":[{"href":"https:\/\/pharma-chemical.com\/pt\/wp-json\/wp\/v2\/media?parent=2006"}],"wp:term":[{"taxonomy":"product_brand","embeddable":true,"href":"https:\/\/pharma-chemical.com\/pt\/wp-json\/wp\/v2\/product_brand?post=2006"},{"taxonomy":"product_cat","embeddable":true,"href":"https:\/\/pharma-chemical.com\/pt\/wp-json\/wp\/v2\/product_cat?post=2006"},{"taxonomy":"product_tag","embeddable":true,"href":"https:\/\/pharma-chemical.com\/pt\/wp-json\/wp\/v2\/product_tag?post=2006"}],"curies":[{"name":"wp","href":"https:\/\/api.w.org\/{rel}","templated":true}]}}