{"id":2012,"date":"2025-01-22T12:05:04","date_gmt":"2025-01-22T12:05:04","guid":{"rendered":"https:\/\/pharma-chemical.com\/?post_type=product&#038;p=2012"},"modified":"2025-01-22T12:11:18","modified_gmt":"2025-01-22T12:11:18","slug":"pure-red-liquid-mercury","status":"publish","type":"product","link":"https:\/\/pharma-chemical.com\/pt\/produto\/pure-red-liquid-mercury\/","title":{"rendered":"Comprar Merc\u00fario l\u00edquido vermelho puro 99.9%"},"content":{"rendered":"<p>Temos dispon\u00edvel Merc\u00fario Vermelho em grandes quantidades e 90% do nosso produto \u00e9 para exporta\u00e7\u00e3o. O nosso Merc\u00fario Vermelho <a href=\"https:\/\/pharma-chemical.com\/pt\/\">Merc\u00fario l\u00edquido<\/a> cumpre as normas dos padr\u00f5es internacionais e os nossos produtos s\u00e3o altamente recomendados, vendemos a um pre\u00e7o com desconto.<\/p>\n<p>ESPECIFICA\u00c7\u00c3O<\/p>\n<p>- Merc\u00fario l\u00edquido vermelho prim\u00e1rio = 99,9999% Pureza em peso m\u00edn.<br \/>\n- Isento de metais pesados<br \/>\n- Cilindro de ferro da embalagem (34,5) kg de peso l\u00edquido<br \/>\n- Estado f\u00edsico: L\u00edquido<br \/>\n- Aspeto: Vermelho<br \/>\n- Odor: inodoro<br \/>\n- PH: N\u00e3o dispon\u00edvel.<br \/>\n- Press\u00e3o de vapor: 0,002 mm Hg a 25C<br \/>\n- Densidade do vapor: 7,0<br \/>\n- Taxa de evapora\u00e7\u00e3o: N\u00e3o dispon\u00edvel.<br \/>\n- Viscosidade: 15,5 mPat 25 dig C<br \/>\n- Ponto de ebuli\u00e7\u00e3o: 356,72 dig C<br \/>\n- Ponto de congela\u00e7\u00e3o\/derretimento:-38,87 dig C<br \/>\n- Temperatura de decomposi\u00e7\u00e3o: N\u00e3o dispon\u00edvel.<br \/>\n- Solubilidade: Insol\u00favel.<br \/>\n- Gravidade espec\u00edfica\/densidade: 13,59 (\u00e1gua=1)<br \/>\n- F\u00f3rmula molecular :Hg<br \/>\n- Peso molecular: 200,59<\/p>\n<p>Venda de merc\u00fario vermelho puro: venda por grosso e a retalho, envio discreto\/r\u00e1pido para todo o mundo. Produtos dispon\u00edveis: merc\u00fario vermelho puro, Cin\u00e1brio, \u00d3xido de antim\u00f3nio de merc\u00fario. Fornecemos merc\u00fario l\u00edquido vermelho puro de alta qualidade e perfeitamente composto online a pre\u00e7os baratos e acess\u00edveis.<\/p>\n<p>Somos um grossista e retalhista premium de Pure Red Mercury Online. N\u00f3s fornecemos Pure Red Liquid Mercury de grande qualidade. O nosso merc\u00fario l\u00edquido vermelho puro \u00e9 muito procurado pelas ind\u00fastrias de todo o mundo para uma grande variedade de produtos. \u00c9 de alta qualidade e perfeitamente composto Pure <a href=\"https:\/\/www.facebook.com\/100063770243469\/videos\/red-mercury-for-sale-1-red-mercury-2020-usd-2600-gram2-red-mercury-2727-usd-1600\/708125817167398\/?locale=ms_MY\" target=\"_blank\" rel=\"noopener\">Merc\u00fario l\u00edquido vermelho<\/a>. A Pure Red Mercury envia para todo o mundo com a garantia 100% de entregar o seu produto a tempo.<br \/>\nA intensidade do merc\u00fario vermelho \u00e9 muito elevada 20,2 g\/cm3.<br \/>\nEste l\u00edquido Hg2 Sb207 \u00e9 o material dos laborat\u00f3rios militares:<br \/>\n\u00d3xido de antim\u00f3nio e merc\u00fario<br \/>\nOutra denomina\u00e7\u00e3o: Merc\u00fario l\u00edquido Cherry Red<br \/>\nF\u00f3rmula: Sb2O7Hg2<br \/>\nAspeto: L\u00edquido met\u00e1lico vermelho-cereja<\/p>\n<p>MAIS ESPECIFICA\u00c7\u00d5ES<br \/>\nRadia\u00e7\u00e3o: 0.794<br \/>\nValor da linha de temperatura: 160,87<br \/>\nRea\u00e7\u00e3o VHTC mp: 1.024<br \/>\nK de rea\u00e7\u00e3o: 0.00016<br \/>\nRea\u00e7\u00e3o P: 9.000-8.000<br \/>\nRea\u00e7\u00e3o VDSA: 0,30-0,29<br \/>\nValor gama: 0,026<br \/>\nPonto de ebuli\u00e7\u00e3o: 356,720<br \/>\nMG: 196,01 + _0,02\/moi de teor de \u00e1gua<br \/>\nForma: L\u00edquido em forma de rolo<br \/>\nCor: Vermelho cereja<br \/>\nMassa molar : 756,7002 g\/mol<\/p>","protected":false},"excerpt":{"rendered":"<p>We have available Red Mercury in great quantities and 90% of our product is for exportation. Our Red liquid Mercury meets the norms of international standards and our products are highly recommended ,We sell at a discount price. SPECIFICATION &#8211; Prime Red liquid Mercury = 99.9999% Pure by wt min. &#8211; Free from heavy metals [&hellip;]<\/p>\n","protected":false},"featured_media":2022,"comment_status":"open","ping_status":"closed","template":"","meta":[],"product_brand":[],"product_cat":[30,28],"product_tag":[45,46,49,50,47,48],"class_list":{"0":"post-2012","1":"product","2":"type-product","3":"status-publish","4":"has-post-thumbnail","6":"product_cat-red-liquid-mercury","7":"product_cat-general","8":"product_tag-buy-99-9-pure-red-liquid-mercury","9":"product_tag-buy-pure-red-liquid-mercury","10":"product_tag-liquid-mercury","11":"product_tag-mercury","12":"product_tag-pure-red-liquid-mercury","13":"product_tag-red-liquid-mercury","15":"first","16":"instock","17":"sale","18":"shipping-taxable","19":"purchasable","20":"product-type-variable"},"_links":{"self":[{"href":"https:\/\/pharma-chemical.com\/pt\/wp-json\/wp\/v2\/product\/2012","targetHints":{"allow":["GET"]}}],"collection":[{"href":"https:\/\/pharma-chemical.com\/pt\/wp-json\/wp\/v2\/product"}],"about":[{"href":"https:\/\/pharma-chemical.com\/pt\/wp-json\/wp\/v2\/types\/product"}],"replies":[{"embeddable":true,"href":"https:\/\/pharma-chemical.com\/pt\/wp-json\/wp\/v2\/comments?post=2012"}],"wp:featuredmedia":[{"embeddable":true,"href":"https:\/\/pharma-chemical.com\/pt\/wp-json\/wp\/v2\/media\/2022"}],"wp:attachment":[{"href":"https:\/\/pharma-chemical.com\/pt\/wp-json\/wp\/v2\/media?parent=2012"}],"wp:term":[{"taxonomy":"product_brand","embeddable":true,"href":"https:\/\/pharma-chemical.com\/pt\/wp-json\/wp\/v2\/product_brand?post=2012"},{"taxonomy":"product_cat","embeddable":true,"href":"https:\/\/pharma-chemical.com\/pt\/wp-json\/wp\/v2\/product_cat?post=2012"},{"taxonomy":"product_tag","embeddable":true,"href":"https:\/\/pharma-chemical.com\/pt\/wp-json\/wp\/v2\/product_tag?post=2012"}],"curies":[{"name":"wp","href":"https:\/\/api.w.org\/{rel}","templated":true}]}}