{"id":2023,"date":"2025-01-22T13:23:35","date_gmt":"2025-01-22T13:23:35","guid":{"rendered":"https:\/\/pharma-chemical.com\/?post_type=product&#038;p=2023"},"modified":"2025-01-22T14:04:23","modified_gmt":"2025-01-22T14:04:23","slug":"pure-silver-liquid-mercury","status":"publish","type":"product","link":"https:\/\/pharma-chemical.com\/pt\/produto\/pure-silver-liquid-mercury\/","title":{"rendered":"Prata pura Merc\u00fario l\u00edquido"},"content":{"rendered":"<p>Temos dispon\u00edvel prata Mercury em grandes quantidades e 90% do nosso produto \u00e9 para exporta\u00e7\u00e3o. A nossa prata <a href=\"https:\/\/pharma-chemical.com\/pt\/\">Merc\u00fario l\u00edquido<\/a> cumpre as normas dos padr\u00f5es internacionais e os nossos produtos s\u00e3o altamente recomendados, vendemos a um pre\u00e7o com desconto.<\/p>\n<h2>ESPECIFICA\u00c7\u00c3O (Merc\u00fario l\u00edquido de prata pura)<\/h2>\n<p>- Prata pura l\u00edquida Merc\u00fario = 99,9999% Pureza em peso min.<br \/>\n- Isento de metais pesados<br \/>\n- Cilindro de ferro da embalagem (34,5) kg de peso l\u00edquido<br \/>\n- Estado f\u00edsico: L\u00edquido<br \/>\n- Aspeto: prateado<br \/>\n- Odor: inodoro<br \/>\n- PH: N\u00e3o dispon\u00edvel.<br \/>\n- Press\u00e3o de vapor: 0,002 mm Hg a 25C<br \/>\n- Densidade do vapor: 7,0<br \/>\n- Taxa de evapora\u00e7\u00e3o: N\u00e3o dispon\u00edvel.<br \/>\n- Viscosidade: 15,5 mPat 25 dig C<br \/>\n- Ponto de ebuli\u00e7\u00e3o: 356,72 dig C<br \/>\n- Ponto de congela\u00e7\u00e3o\/derretimento:-38,87 dig C<br \/>\n- Temperatura de decomposi\u00e7\u00e3o: N\u00e3o dispon\u00edvel.<br \/>\n- Solubilidade: Insol\u00favel.<br \/>\n- Gravidade espec\u00edfica\/densidade: 13,59 (\u00e1gua=1)<br \/>\n- F\u00f3rmula molecular :Hg<br \/>\n- Peso molecular: 200,59<\/p>\n<p>Venda de merc\u00fario de prata pura: venda por grosso e a retalho, envio discreto\/r\u00e1pido para todo o mundo. Produtos dispon\u00edveis: merc\u00fario de prata pura, Cinnabar, \u00f3xido de antim\u00f3nio de merc\u00fario. Fornecemos merc\u00fario l\u00edquido de prata pura de alta qualidade e perfeitamente composto online a pre\u00e7os baratos e acess\u00edveis.<\/p>\n<p>Somos um grossista e retalhista Premium de produtos puros <a href=\"https:\/\/www.tiktok.com\/discover\/mercury-price-per-gram\" target=\"_blank\" rel=\"noopener\">silver Mercury Online<\/a>. N\u00f3s fornecemos Merc\u00fario l\u00edquido de prata pura de grande qualidade. O nosso merc\u00fario l\u00edquido de prata pura, \u00e9 altamente exigido pelas ind\u00fastrias em todo o mundo para produtos de uma grande variedade de produtos. \u00c9 de alta qualidade e perfeitamente composto Merc\u00fario l\u00edquido de prata pura. Merc\u00fario l\u00edquido de prata pura \u00e9 enviado para todo o mundo com a garantia 100% de entregar o seu produto a tempo.<br \/>\nA intensidade do merc\u00fario prateado \u00e9 muito elevada: 20,2 g\/cm3.<br \/>\nEste l\u00edquido Hg2 Sb207 \u00e9 o material dos laborat\u00f3rios militares:<br \/>\n\u00d3xido de antim\u00f3nio e merc\u00fario<\/p>\n<p>MAIS ESPECIFICA\u00c7\u00d5ES<\/p>\n<p>Pureza do merc\u00fario virgem = 99,99% Pureza em peso m\u00edn.<\/p>\n<p>- Isento de metais pesados<\/p>\n<p>- Cilindro de ferro da embalagem (34,5) kg de peso l\u00edquido<\/p>\n<p>- Estado f\u00edsico: L\u00edquido<\/p>\n<p>- Aspeto: prateado<\/p>\n<p>- Odor: inodoro<\/p>\n<p>- PH: N\u00e3o dispon\u00edvel.<\/p>\n<p>- Press\u00e3o de vapor: 0,002 mm Hg a 25C<\/p>\n<p>- Densidade do vapor: 7,0<\/p>\n<p>- Taxa de evapora\u00e7\u00e3o: N\u00e3o dispon\u00edvel.<\/p>\n<p>- Viscosidade: 15,5 mP a 25 d\u00edgitos C<\/p>\n<p>- Ponto de ebuli\u00e7\u00e3o: 356,72 dig C<\/p>\n<p>- Ponto de congela\u00e7\u00e3o\/derretimento:-38,87 dig C<\/p>\n<p>- Temperatura de decomposi\u00e7\u00e3o: N\u00e3o dispon\u00edvel.<\/p>\n<p>- Solubilidade: Insol\u00favel.<\/p>\n<p>- Gravidade espec\u00edfica\/densidade: 13,59 (\u00e1gua=1)<\/p>\n<p>- F\u00f3rmula molecular :Hg<\/p>\n<p>- Peso molecular: 200,59<\/p>\n<p>Embalagem de merc\u00fario: frasco de a\u00e7o virgem de 34,5 kg<\/p>\n<p>Os contentores de a\u00e7o que oferecemos satisfazem os requisitos de transporte de materiais perigosos do DOT, da EPA dos EUA e da ONU<\/p>\n<p>Inspe\u00e7\u00e3o: A inspe\u00e7\u00e3o do peso e da qualidade ser\u00e1 efectuada no porto de carga a expensas do vendedor.<\/p>\n<p>Capacidade de fornecimento: 250MT \/M\u00eas.<\/p>\n<p>Tipo de envio: contentores de 20 p\u00e9s (20 toneladas por contentor) \/ entrega por cami\u00e3o (localmente), frete a\u00e9reo.<\/p>\n<p>Carregamento: 580 frascos por contentor. (34,5 kg por frasco)<\/p>","protected":false},"excerpt":{"rendered":"<p>We have available silver Mercury in great quantities and 90% of our product is for exportation. Our silver liquid Mercury meets the norms of international standards and our products are highly recommended ,We sell at a discount price. SPECIFICATION ( Pure silver liquid Mercury) &#8211; Prime silver liquid Mercury = 99.9999% Pure by wt min. [&hellip;]<\/p>\n","protected":false},"featured_media":2024,"comment_status":"open","ping_status":"closed","template":"","meta":[],"product_brand":[],"product_cat":[31,28],"product_tag":[51,49,50,52,53],"class_list":{"0":"post-2023","1":"product","2":"type-product","3":"status-publish","4":"has-post-thumbnail","6":"product_cat-silver-liquid-mercury","7":"product_cat-general","8":"product_tag-buy-99-9-pure-silver-liquid-mercury","9":"product_tag-liquid-mercury","10":"product_tag-mercury","11":"product_tag-pure-silver-liquid-mercury","12":"product_tag-silver-liquid-mercury","14":"first","15":"instock","16":"sale","17":"shipping-taxable","18":"purchasable","19":"product-type-variable"},"_links":{"self":[{"href":"https:\/\/pharma-chemical.com\/pt\/wp-json\/wp\/v2\/product\/2023","targetHints":{"allow":["GET"]}}],"collection":[{"href":"https:\/\/pharma-chemical.com\/pt\/wp-json\/wp\/v2\/product"}],"about":[{"href":"https:\/\/pharma-chemical.com\/pt\/wp-json\/wp\/v2\/types\/product"}],"replies":[{"embeddable":true,"href":"https:\/\/pharma-chemical.com\/pt\/wp-json\/wp\/v2\/comments?post=2023"}],"wp:featuredmedia":[{"embeddable":true,"href":"https:\/\/pharma-chemical.com\/pt\/wp-json\/wp\/v2\/media\/2024"}],"wp:attachment":[{"href":"https:\/\/pharma-chemical.com\/pt\/wp-json\/wp\/v2\/media?parent=2023"}],"wp:term":[{"taxonomy":"product_brand","embeddable":true,"href":"https:\/\/pharma-chemical.com\/pt\/wp-json\/wp\/v2\/product_brand?post=2023"},{"taxonomy":"product_cat","embeddable":true,"href":"https:\/\/pharma-chemical.com\/pt\/wp-json\/wp\/v2\/product_cat?post=2023"},{"taxonomy":"product_tag","embeddable":true,"href":"https:\/\/pharma-chemical.com\/pt\/wp-json\/wp\/v2\/product_tag?post=2023"}],"curies":[{"name":"wp","href":"https:\/\/api.w.org\/{rel}","templated":true}]}}