{"id":1810,"date":"2024-12-15T13:01:36","date_gmt":"2024-12-15T13:01:36","guid":{"rendered":"https:\/\/pharma-chemical.com\/?page_id=1810"},"modified":"2024-12-24T13:16:04","modified_gmt":"2024-12-24T13:16:04","slug":"silver-liquid-mercury-price-per-gram","status":"publish","type":"page","link":"https:\/\/pharma-chemical.com\/pt_br\/silver-liquid-mercury-price-per-gram\/","title":{"rendered":"Aplicativos"},"content":{"rendered":"<div id=\"ez-toc-container\" class=\"ez-toc-v2_0_82_2 counter-hierarchy ez-toc-counter ez-toc-grey ez-toc-container-direction\">\n<div class=\"ez-toc-title-container\">\n<p class=\"ez-toc-title\" style=\"cursor:inherit\">\u00cdndice<\/p>\n<span class=\"ez-toc-title-toggle\"><a href=\"#\" class=\"ez-toc-pull-right ez-toc-btn ez-toc-btn-xs ez-toc-btn-default ez-toc-toggle\" aria-label=\"Alternar tabela de conte\u00fado\"><span class=\"ez-toc-js-icon-con\"><span class=\"\"><span class=\"eztoc-hide\" style=\"display:none;\">Alternar<\/span><span class=\"ez-toc-icon-toggle-span\"><svg style=\"fill: #999;color:#999\" xmlns=\"http:\/\/www.w3.org\/2000\/svg\" class=\"list-377408\" width=\"20px\" height=\"20px\" viewbox=\"0 0 24 24\" fill=\"none\"><path d=\"M6 6H4v2h2V6zm14 0H8v2h12V6zM4 11h2v2H4v-2zm16 0H8v2h12v-2zM4 16h2v2H4v-2zm16 0H8v2h12v-2z\" fill=\"currentColor\"><\/path><\/svg><svg style=\"fill: #999;color:#999\" class=\"arrow-unsorted-368013\" xmlns=\"http:\/\/www.w3.org\/2000\/svg\" width=\"10px\" height=\"10px\" viewbox=\"0 0 24 24\" version=\"1.2\" baseprofile=\"tiny\"><path d=\"M18.2 9.3l-6.2-6.3-6.2 6.3c-.2.2-.3.4-.3.7s.1.5.3.7c.2.2.4.3.7.3h11c.3 0 .5-.1.7-.3.2-.2.3-.5.3-.7s-.1-.5-.3-.7zM5.8 14.7l6.2 6.3 6.2-6.3c.2-.2.3-.5.3-.7s-.1-.5-.3-.7c-.2-.2-.4-.3-.7-.3h-11c-.3 0-.5.1-.7.3-.2.2-.3.5-.3.7s.1.5.3.7z\"\/><\/svg><\/span><\/span><\/span><\/a><\/span><\/div>\n<nav><ul class='ez-toc-list ez-toc-list-level-1' ><li class='ez-toc-page-1 ez-toc-heading-level-4'><a class=\"ez-toc-link ez-toc-heading-1\" href=\"https:\/\/pharma-chemical.com\/pt_br\/silver-liquid-mercury-price-per-gram\/#1_Caluanie_Muelear_Oxidize\" >1. Caluanie Muelear Oxidize<\/a><\/li><li class='ez-toc-page-1 ez-toc-heading-level-4'><a class=\"ez-toc-link ez-toc-heading-2\" href=\"https:\/\/pharma-chemical.com\/pt_br\/silver-liquid-mercury-price-per-gram\/#2_Red_Liquid_Mercury\" >2. Merc\u00fario l\u00edquido vermelho<\/a><\/li><li class='ez-toc-page-1 ez-toc-heading-level-4'><a class=\"ez-toc-link ez-toc-heading-3\" href=\"https:\/\/pharma-chemical.com\/pt_br\/silver-liquid-mercury-price-per-gram\/#3_Silver_Liquid_Mercury\" >3. Merc\u00fario l\u00edquido prateado<\/a><\/li><\/ul><\/nav><\/div>\n<h4 class=\"wp-block-heading\"><span class=\"ez-toc-section\" id=\"1_Caluanie_Muelear_Oxidize\"><\/span><strong>1. Caluanie Muelear Oxidize<\/strong><span class=\"ez-toc-section-end\"><\/span><\/h4>\n\n\n\n<figure class=\"wp-block-image size-full\"><img fetchpriority=\"high\" decoding=\"async\" width=\"600\" height=\"800\" src=\"https:\/\/pharma-chemical.com\/wp-content\/uploads\/2024\/12\/09d3e373-47e4-47b7-9bea-c693a84d072b-600x800-1-1.webp\" alt=\"\" class=\"wp-image-1816\" srcset=\"https:\/\/pharma-chemical.com\/wp-content\/uploads\/2024\/12\/09d3e373-47e4-47b7-9bea-c693a84d072b-600x800-1-1.webp 600w, https:\/\/pharma-chemical.com\/wp-content\/uploads\/2024\/12\/09d3e373-47e4-47b7-9bea-c693a84d072b-600x800-1-1-225x300.webp 225w\" sizes=\"(max-width: 600px) 100vw, 600px\" \/><\/figure>\n\n\n\n<p><strong>Caluanie Muelear Oxidize<\/strong> \u00e9 um poderoso composto qu\u00edmico amplamente utilizado em aplica\u00e7\u00f5es industriais e comerciais. Conhecido por sua alta efic\u00e1cia e confiabilidade, ele desempenha um papel fundamental em v\u00e1rios setores, incluindo:<\/p>\n\n\n\n<ul class=\"wp-block-list\">\n<li><strong>Refino e processamento de metais<\/strong>:<br>A caluanie \u00e9 comumente usada para quebrar liga\u00e7\u00f5es de metais pesados e refinar superf\u00edcies met\u00e1licas. Ela ajuda na extra\u00e7\u00e3o e purifica\u00e7\u00e3o de metais, o que a torna indispens\u00e1vel no setor metal\u00fargico.<\/li>\n\n\n\n<li><strong>Fabrica\u00e7\u00e3o de produtos qu\u00edmicos<\/strong>:<br>Esse composto \u00e9 utilizado na produ\u00e7\u00e3o de especialidades qu\u00edmicas e intermedi\u00e1rios para processos industriais. Suas propriedades exclusivas o tornam adequado para quebrar liga\u00e7\u00f5es moleculares e aprimorar rea\u00e7\u00f5es qu\u00edmicas.<\/li>\n\n\n\n<li><strong>Limpeza industrial<\/strong>:<br>O Caluanie Muelear Oxidize \u00e9 altamente eficaz como limpador de for\u00e7a industrial para remover manchas dif\u00edceis, graxa e impurezas de m\u00e1quinas e equipamentos.<\/li>\n\n\n\n<li><strong>Ind\u00fastria de borracha e pl\u00e1stico<\/strong>:<br>Ele \u00e9 empregado no processamento de materiais de borracha e pl\u00e1stico, facilitando sua decomposi\u00e7\u00e3o e reciclagem.<\/li>\n\n\n\n<li><strong>Aplicativos de laborat\u00f3rio<\/strong>:<br>Usado em laborat\u00f3rios de pesquisa e desenvolvimento para testar e analisar rea\u00e7\u00f5es qu\u00edmicas devido \u00e0s suas propriedades oxidativas.<\/li>\n<\/ul>\n\n\n\n<h4 class=\"wp-block-heading\"><span class=\"ez-toc-section\" id=\"2_Red_Liquid_Mercury\"><\/span><strong>2. Merc\u00fario l\u00edquido vermelho<\/strong><span class=\"ez-toc-section-end\"><\/span><\/h4>\n\n\n\n<figure class=\"wp-block-image size-full\"><img decoding=\"async\" width=\"750\" height=\"1000\" src=\"https:\/\/pharma-chemical.com\/wp-content\/uploads\/2024\/12\/mercury-1.webp\" alt=\"\" class=\"wp-image-1817\" srcset=\"https:\/\/pharma-chemical.com\/wp-content\/uploads\/2024\/12\/mercury-1.webp 750w, https:\/\/pharma-chemical.com\/wp-content\/uploads\/2024\/12\/mercury-1-600x800.webp 600w, https:\/\/pharma-chemical.com\/wp-content\/uploads\/2024\/12\/mercury-1-225x300.webp 225w\" sizes=\"(max-width: 750px) 100vw, 750px\" \/><\/figure>\n\n\n\n<p><strong>Merc\u00fario l\u00edquido vermelho<\/strong> \u00e9 uma subst\u00e2ncia rara e controversa, geralmente associada a aplica\u00e7\u00f5es industriais, m\u00e9dicas e de defesa especializadas. Seus poss\u00edveis usos incluem:<\/p>\n\n\n\n<ul class=\"wp-block-list\">\n<li><strong>Aplica\u00e7\u00f5es el\u00e9tricas<\/strong>:<br>Acredita-se que o merc\u00fario l\u00edquido vermelho seja usado na produ\u00e7\u00e3o de interruptores el\u00e9tricos, rel\u00e9s e term\u00f4metros de alta precis\u00e3o devido \u00e0s suas propriedades condutoras e t\u00e9rmicas exclusivas.<\/li>\n\n\n\n<li><strong>Setor de energia<\/strong>:<br>Algumas fontes sugerem sua aplica\u00e7\u00e3o em sistemas de gera\u00e7\u00e3o de energia, incluindo componentes especializados para dispositivos nucleares e termonucleares.<\/li>\n\n\n\n<li><strong>Defesa e aeroespacial<\/strong>:<br>Historicamente, especula-se que o merc\u00fario l\u00edquido vermelho tenha sido usado em sistemas avan\u00e7ados de armas e engenharia aeroespacial, embora muitas dessas informa\u00e7\u00f5es n\u00e3o tenham sido verificadas e sejam altamente confidenciais.<\/li>\n<\/ul>\n\n\n\n<p><strong>Observa\u00e7\u00e3o<\/strong>: O uso do Red Liquid Mercury est\u00e1 sujeito a regulamenta\u00e7\u00f5es rigorosas, e sua legalidade e disponibilidade variam de acordo com as leis locais e internacionais.<\/p>\n\n\n\n<h4 class=\"wp-block-heading\"><span class=\"ez-toc-section\" id=\"3_Silver_Liquid_Mercury\"><\/span><strong>3. Merc\u00fario l\u00edquido prateado<\/strong><span class=\"ez-toc-section-end\"><\/span><\/h4>\n\n\n\n<figure class=\"wp-block-image size-full\"><img decoding=\"async\" width=\"225\" height=\"225\" src=\"https:\/\/pharma-chemical.com\/wp-content\/uploads\/2024\/12\/silver33-1.webp\" alt=\"\" class=\"wp-image-1815\" srcset=\"https:\/\/pharma-chemical.com\/wp-content\/uploads\/2024\/12\/silver33-1.webp 225w, https:\/\/pharma-chemical.com\/wp-content\/uploads\/2024\/12\/silver33-1-100x100.webp 100w, https:\/\/pharma-chemical.com\/wp-content\/uploads\/2024\/12\/silver33-1-150x150.webp 150w\" sizes=\"(max-width: 225px) 100vw, 225px\" \/><\/figure>\n\n\n\n<p><strong>Merc\u00fario l\u00edquido prateado<\/strong>O merc\u00fario met\u00e1lico, tamb\u00e9m conhecido como merc\u00fario met\u00e1lico, \u00e9 um elemento altamente vers\u00e1til com uma ampla gama de aplica\u00e7\u00f5es em todos os setores. \u00c9 um metal l\u00edquido denso e prateado que permanece na forma l\u00edquida em temperatura ambiente, o que o torna \u00fanico e valioso em diversas \u00e1reas:<\/p>\n\n\n\n<ul class=\"wp-block-list\">\n<li><strong>Aplicativos m\u00e9dicos<\/strong>:<br>O merc\u00fario l\u00edquido prateado \u00e9 usado na fabrica\u00e7\u00e3o de am\u00e1lgamas dent\u00e1rias para preenchimento de cavidades, devido \u00e0 sua durabilidade e capacidade de se unir a outros metais.<\/li>\n\n\n\n<li><strong>Usos industriais<\/strong>:\n<ul class=\"wp-block-list\">\n<li><strong>Term\u00f4metros e bar\u00f4metros<\/strong>: Usado em term\u00f4metros, bar\u00f4metros e man\u00f4metros tradicionais para medi\u00e7\u00f5es precisas de temperatura e press\u00e3o.<\/li>\n\n\n\n<li><strong>Dispositivos el\u00e9tricos<\/strong>: Devido \u00e0 sua excelente condutividade, \u00e9 usado em interruptores, rel\u00e9s e algumas baterias.<\/li>\n<\/ul>\n<\/li>\n\n\n\n<li><strong>Minera\u00e7\u00e3o de ouro<\/strong>:<br>Na minera\u00e7\u00e3o de ouro em pequena escala, o merc\u00fario \u00e9 usado para amalgamar as part\u00edculas de ouro, tornando o processo de extra\u00e7\u00e3o mais eficiente. No entanto, essa aplica\u00e7\u00e3o \u00e9 altamente regulamentada devido a preocupa\u00e7\u00f5es ambientais.<\/li>\n\n\n\n<li><strong>Uso em laborat\u00f3rio<\/strong>:<br>O merc\u00fario \u00e9 amplamente utilizado em pesquisas cient\u00edficas, especialmente em experimentos de qu\u00edmica e f\u00edsica, devido \u00e0s suas propriedades l\u00edquidas exclusivas em temperatura ambiente.<\/li>\n\n\n\n<li><strong>Ind\u00fastria farmac\u00eautica<\/strong>:<br>Historicamente, o merc\u00fario tem sido usado na produ\u00e7\u00e3o de certos medicamentos e antiss\u00e9pticos, embora essas aplica\u00e7\u00f5es tenham sido eliminadas em grande parte devido a preocupa\u00e7\u00f5es com a seguran\u00e7a.<\/li>\n<\/ul>\n\n\n\n<h3 class=\"wp-block-heading\"><\/h3>","protected":false},"excerpt":{"rendered":"<p>1. Caluanie Muelear Oxidize Caluanie Muelear Oxidize is a powerful chemical compound widely used in industrial and commercial applications. Known for its high effectiveness and reliability, it plays a critical role in various industries, including: 2. Red Liquid Mercury Red Liquid Mercury is a rare and controversial substance often associated with specialized industrial, medical, and [&hellip;]<\/p>\n","protected":false},"author":1,"featured_media":1815,"parent":0,"menu_order":0,"comment_status":"closed","ping_status":"closed","template":"","meta":{"footnotes":""},"class_list":["post-1810","page","type-page","status-publish","has-post-thumbnail","hentry"],"blocksy_meta":[],"_links":{"self":[{"href":"https:\/\/pharma-chemical.com\/pt_br\/wp-json\/wp\/v2\/pages\/1810","targetHints":{"allow":["GET"]}}],"collection":[{"href":"https:\/\/pharma-chemical.com\/pt_br\/wp-json\/wp\/v2\/pages"}],"about":[{"href":"https:\/\/pharma-chemical.com\/pt_br\/wp-json\/wp\/v2\/types\/page"}],"author":[{"embeddable":true,"href":"https:\/\/pharma-chemical.com\/pt_br\/wp-json\/wp\/v2\/users\/1"}],"replies":[{"embeddable":true,"href":"https:\/\/pharma-chemical.com\/pt_br\/wp-json\/wp\/v2\/comments?post=1810"}],"version-history":[{"count":4,"href":"https:\/\/pharma-chemical.com\/pt_br\/wp-json\/wp\/v2\/pages\/1810\/revisions"}],"predecessor-version":[{"id":1849,"href":"https:\/\/pharma-chemical.com\/pt_br\/wp-json\/wp\/v2\/pages\/1810\/revisions\/1849"}],"wp:featuredmedia":[{"embeddable":true,"href":"https:\/\/pharma-chemical.com\/pt_br\/wp-json\/wp\/v2\/media\/1815"}],"wp:attachment":[{"href":"https:\/\/pharma-chemical.com\/pt_br\/wp-json\/wp\/v2\/media?parent=1810"}],"curies":[{"name":"wp","href":"https:\/\/api.w.org\/{rel}","templated":true}]}}