{"id":3,"date":"2024-11-14T23:22:02","date_gmt":"2024-11-14T23:22:02","guid":{"rendered":"https:\/\/pharma-chemical.com\/?page_id=3"},"modified":"2024-12-14T21:36:14","modified_gmt":"2024-12-14T21:36:14","slug":"privacy-policy-2","status":"publish","type":"page","link":"https:\/\/pharma-chemical.com\/pt_br\/privacy-policy-2\/","title":{"rendered":"Pol\u00edtica de privacidade"},"content":{"rendered":"<div id=\"ez-toc-container\" class=\"ez-toc-v2_0_82_2 counter-hierarchy ez-toc-counter ez-toc-grey ez-toc-container-direction\">\n<div class=\"ez-toc-title-container\">\n<p class=\"ez-toc-title\" style=\"cursor:inherit\">\u00cdndice<\/p>\n<span class=\"ez-toc-title-toggle\"><a href=\"#\" class=\"ez-toc-pull-right ez-toc-btn ez-toc-btn-xs ez-toc-btn-default ez-toc-toggle\" aria-label=\"Alternar tabela de conte\u00fado\"><span class=\"ez-toc-js-icon-con\"><span class=\"\"><span class=\"eztoc-hide\" style=\"display:none;\">Alternar<\/span><span class=\"ez-toc-icon-toggle-span\"><svg style=\"fill: #999;color:#999\" xmlns=\"http:\/\/www.w3.org\/2000\/svg\" class=\"list-377408\" width=\"20px\" height=\"20px\" viewbox=\"0 0 24 24\" fill=\"none\"><path d=\"M6 6H4v2h2V6zm14 0H8v2h12V6zM4 11h2v2H4v-2zm16 0H8v2h12v-2zM4 16h2v2H4v-2zm16 0H8v2h12v-2z\" fill=\"currentColor\"><\/path><\/svg><svg style=\"fill: #999;color:#999\" class=\"arrow-unsorted-368013\" xmlns=\"http:\/\/www.w3.org\/2000\/svg\" width=\"10px\" height=\"10px\" viewbox=\"0 0 24 24\" version=\"1.2\" baseprofile=\"tiny\"><path d=\"M18.2 9.3l-6.2-6.3-6.2 6.3c-.2.2-.3.4-.3.7s.1.5.3.7c.2.2.4.3.7.3h11c.3 0 .5-.1.7-.3.2-.2.3-.5.3-.7s-.1-.5-.3-.7zM5.8 14.7l6.2 6.3 6.2-6.3c.2-.2.3-.5.3-.7s-.1-.5-.3-.7c-.2-.2-.4-.3-.7-.3h-11c-.3 0-.5.1-.7.3-.2.2-.3.5-.3.7s.1.5.3.7z\"\/><\/svg><\/span><\/span><\/span><\/a><\/span><\/div>\n<nav><ul class='ez-toc-list ez-toc-list-level-1' ><li class='ez-toc-page-1 ez-toc-heading-level-2'><a class=\"ez-toc-link ez-toc-heading-1\" href=\"https:\/\/pharma-chemical.com\/pt_br\/privacy-policy-2\/#Pharma-Chemical\" >Farmac\u00eautica e qu\u00edmica<\/a><ul class='ez-toc-list-level-3' ><li class='ez-toc-heading-level-3'><a class=\"ez-toc-link ez-toc-heading-2\" href=\"https:\/\/pharma-chemical.com\/pt_br\/privacy-policy-2\/#1_Information_We_Collect\" >1. Informa\u00e7\u00f5es que coletamos<\/a><ul class='ez-toc-list-level-4' ><li class='ez-toc-heading-level-4'><a class=\"ez-toc-link ez-toc-heading-3\" href=\"https:\/\/pharma-chemical.com\/pt_br\/privacy-policy-2\/#11_Personal_Information\" >1.1 Informa\u00e7\u00f5es pessoais<\/a><\/li><li class='ez-toc-page-1 ez-toc-heading-level-4'><a class=\"ez-toc-link ez-toc-heading-4\" href=\"https:\/\/pharma-chemical.com\/pt_br\/privacy-policy-2\/#12_Non-Personal_Information\" >1.2 Informa\u00e7\u00f5es n\u00e3o pessoais<\/a><\/li><\/ul><\/li><li class='ez-toc-page-1 ez-toc-heading-level-3'><a class=\"ez-toc-link ez-toc-heading-5\" href=\"https:\/\/pharma-chemical.com\/pt_br\/privacy-policy-2\/#2_How_We_Use_Your_Information\" >2. Como usamos suas informa\u00e7\u00f5es<\/a><\/li><li class='ez-toc-page-1 ez-toc-heading-level-3'><a class=\"ez-toc-link ez-toc-heading-6\" href=\"https:\/\/pharma-chemical.com\/pt_br\/privacy-policy-2\/#3_Sharing_of_Information\" >3. Compartilhamento de informa\u00e7\u00f5es<\/a><\/li><li class='ez-toc-page-1 ez-toc-heading-level-3'><a class=\"ez-toc-link ez-toc-heading-7\" href=\"https:\/\/pharma-chemical.com\/pt_br\/privacy-policy-2\/#4_Data_Security\" >4. Seguran\u00e7a de dados<\/a><\/li><li class='ez-toc-page-1 ez-toc-heading-level-3'><a class=\"ez-toc-link ez-toc-heading-8\" href=\"https:\/\/pharma-chemical.com\/pt_br\/privacy-policy-2\/#5_Your_Rights\" >5. Seus direitos<\/a><\/li><li class='ez-toc-page-1 ez-toc-heading-level-3'><a class=\"ez-toc-link ez-toc-heading-9\" href=\"https:\/\/pharma-chemical.com\/pt_br\/privacy-policy-2\/#6_Cookies_and_Tracking_Technologies\" >6. Cookies e tecnologias de rastreamento<\/a><\/li><li class='ez-toc-page-1 ez-toc-heading-level-3'><a class=\"ez-toc-link ez-toc-heading-10\" href=\"https:\/\/pharma-chemical.com\/pt_br\/privacy-policy-2\/#7_Third-Party_Links\" >7. Links de terceiros<\/a><\/li><li class='ez-toc-page-1 ez-toc-heading-level-3'><a class=\"ez-toc-link ez-toc-heading-11\" href=\"https:\/\/pharma-chemical.com\/pt_br\/privacy-policy-2\/#8_Updates_to_This_Policy\" >8. Atualiza\u00e7\u00f5es desta pol\u00edtica<\/a><\/li><li class='ez-toc-page-1 ez-toc-heading-level-3'><a class=\"ez-toc-link ez-toc-heading-12\" href=\"https:\/\/pharma-chemical.com\/pt_br\/privacy-policy-2\/#9_Contact_Us\" >9. Entre em contato conosco<\/a><\/li><\/ul><\/li><\/ul><\/nav><\/div>\n<h2 class=\"wp-block-heading\"><span class=\"ez-toc-section\" id=\"Pharma-Chemical\"><\/span> Farmac\u00eautica e qu\u00edmica<span class=\"ez-toc-section-end\"><\/span><\/h2>\n\n\n\n<p><strong>Pol\u00edtica de privacidade<\/strong><br>Data de vig\u00eancia: 01\/01\/2010<\/p>\n\n\n\n<p>A Pharma-Chemical valoriza sua privacidade e tem o compromisso de proteger suas informa\u00e7\u00f5es pessoais. Esta Pol\u00edtica de Privacidade explica como coletamos, usamos, divulgamos e protegemos suas informa\u00e7\u00f5es quando voc\u00ea visita nosso site ou interage conosco. Leia esta pol\u00edtica com aten\u00e7\u00e3o para entender nossas pr\u00e1ticas em rela\u00e7\u00e3o aos seus dados pessoais.<\/p>\n\n\n\n<h3 class=\"wp-block-heading\"><span class=\"ez-toc-section\" id=\"1_Information_We_Collect\"><\/span><strong>1. Informa\u00e7\u00f5es que coletamos<\/strong><span class=\"ez-toc-section-end\"><\/span><\/h3>\n\n\n\n<p>Podemos coletar os seguintes tipos de informa\u00e7\u00f5es:<\/p>\n\n\n\n<h4 class=\"wp-block-heading\"><span class=\"ez-toc-section\" id=\"11_Personal_Information\"><\/span><strong>1.1 Informa\u00e7\u00f5es pessoais<\/strong><span class=\"ez-toc-section-end\"><\/span><\/h4>\n\n\n\n<ul class=\"wp-block-list\">\n<li>Nome, endere\u00e7o de e-mail, n\u00famero de telefone, endere\u00e7os de cobran\u00e7a e de entrega.<\/li>\n\n\n\n<li>Nome da empresa e cargo (se aplic\u00e1vel).<\/li>\n\n\n\n<li>Informa\u00e7\u00f5es de pagamento para transa\u00e7\u00f5es (processadas com seguran\u00e7a).<\/li>\n<\/ul>\n\n\n\n<h4 class=\"wp-block-heading\"><span class=\"ez-toc-section\" id=\"12_Non-Personal_Information\"><\/span><strong>1.2 Informa\u00e7\u00f5es n\u00e3o pessoais<\/strong><span class=\"ez-toc-section-end\"><\/span><\/h4>\n\n\n\n<ul class=\"wp-block-list\">\n<li>Tipo de navegador, sistema operacional e endere\u00e7o IP.<\/li>\n\n\n\n<li>Detalhes sobre suas intera\u00e7\u00f5es com nosso site (por exemplo, p\u00e1ginas visitadas, tempo gasto).<\/li>\n\n\n\n<li>Cookies e tecnologias de rastreamento semelhantes para aprimorar sua experi\u00eancia de usu\u00e1rio.<\/li>\n<\/ul>\n\n\n\n<h3 class=\"wp-block-heading\"><span class=\"ez-toc-section\" id=\"2_How_We_Use_Your_Information\"><\/span><strong>2. Como usamos suas informa\u00e7\u00f5es<\/strong><span class=\"ez-toc-section-end\"><\/span><\/h3>\n\n\n\n<p>Usamos suas informa\u00e7\u00f5es para:<\/p>\n\n\n\n<ul class=\"wp-block-list\">\n<li>Processar pedidos e fornecer informa\u00e7\u00f5es sobre produtos.<\/li>\n\n\n\n<li>Responder \u00e0s suas perguntas e solicita\u00e7\u00f5es de atendimento ao cliente.<\/li>\n\n\n\n<li>Garantir transa\u00e7\u00f5es seguras e precisas.<\/li>\n\n\n\n<li>Enviar atualiza\u00e7\u00f5es sobre produtos, servi\u00e7os, promo\u00e7\u00f5es ou altera\u00e7\u00f5es nas pol\u00edticas.<\/li>\n\n\n\n<li>Analisar o uso do site para melhorar nossas ofertas.<\/li>\n<\/ul>\n\n\n\n<h3 class=\"wp-block-heading\"><span class=\"ez-toc-section\" id=\"3_Sharing_of_Information\"><\/span><strong>3. Compartilhamento de informa\u00e7\u00f5es<\/strong><span class=\"ez-toc-section-end\"><\/span><\/h3>\n\n\n\n<p>N\u00e3o vendemos, trocamos ou alugamos suas informa\u00e7\u00f5es pessoais a terceiros. Entretanto, podemos compartilhar suas informa\u00e7\u00f5es com entidades confi\u00e1veis, incluindo:<\/p>\n\n\n\n<ul class=\"wp-block-list\">\n<li>Processadores de pagamento e fornecedores de remessa para o atendimento de pedidos.<\/li>\n\n\n\n<li>Autoridades regulat\u00f3rias, se exigido por lei.<\/li>\n\n\n\n<li>Prestadores de servi\u00e7os que auxiliam na manuten\u00e7\u00e3o do site e no suporte ao cliente.<\/li>\n<\/ul>\n\n\n\n<h3 class=\"wp-block-heading\"><span class=\"ez-toc-section\" id=\"4_Data_Security\"><\/span><strong>4. Seguran\u00e7a de dados<\/strong><span class=\"ez-toc-section-end\"><\/span><\/h3>\n\n\n\n<p>Implementamos medidas de seguran\u00e7a robustas para proteger suas informa\u00e7\u00f5es, incluindo criptografia, firewalls e servidores seguros. Embora nos esforcemos para proteger seus dados pessoais, nenhum m\u00e9todo de transmiss\u00e3o pela Internet \u00e9 100% seguro.<\/p>\n\n\n\n<h3 class=\"wp-block-heading\"><span class=\"ez-toc-section\" id=\"5_Your_Rights\"><\/span><strong>5. Seus direitos<\/strong><span class=\"ez-toc-section-end\"><\/span><\/h3>\n\n\n\n<p>Voc\u00ea tem o direito de:<\/p>\n\n\n\n<ul class=\"wp-block-list\">\n<li>Acessar, atualizar ou excluir seus dados pessoais.<\/li>\n\n\n\n<li>Desativar o recebimento de comunica\u00e7\u00f5es de marketing a qualquer momento.<\/li>\n\n\n\n<li>Solicitar uma c\u00f3pia das informa\u00e7\u00f5es que mantemos sobre voc\u00ea.<\/li>\n<\/ul>\n\n\n\n<p>Para exercer esses direitos, entre em contato conosco pelo e-mail info@pharma-chemical.com.<\/p>\n\n\n\n<h3 class=\"wp-block-heading\"><span class=\"ez-toc-section\" id=\"6_Cookies_and_Tracking_Technologies\"><\/span><strong>6. Cookies e tecnologias de rastreamento<\/strong><span class=\"ez-toc-section-end\"><\/span><\/h3>\n\n\n\n<p>Nosso site usa cookies para aprimorar sua experi\u00eancia. Voc\u00ea pode desativar os cookies nas configura\u00e7\u00f5es do seu navegador; no entanto, isso pode limitar determinados recursos do nosso site.<\/p>\n\n\n\n<h3 class=\"wp-block-heading\"><span class=\"ez-toc-section\" id=\"7_Third-Party_Links\"><\/span><strong>7. Links de terceiros<\/strong><span class=\"ez-toc-section-end\"><\/span><\/h3>\n\n\n\n<p>Nosso site pode conter links para sites de terceiros. N\u00e3o somos respons\u00e1veis pelas pr\u00e1ticas de privacidade ou pelo conte\u00fado desses sites.<\/p>\n\n\n\n<h3 class=\"wp-block-heading\"><span class=\"ez-toc-section\" id=\"8_Updates_to_This_Policy\"><\/span><strong>8. Atualiza\u00e7\u00f5es desta pol\u00edtica<\/strong><span class=\"ez-toc-section-end\"><\/span><\/h3>\n\n\n\n<p>Podemos atualizar esta Pol\u00edtica de Privacidade de tempos em tempos. Quaisquer altera\u00e7\u00f5es ser\u00e3o publicadas nesta p\u00e1gina com uma data de vig\u00eancia atualizada. Recomendamos que voc\u00ea revise esta pol\u00edtica regularmente.<\/p>\n\n\n\n<h3 class=\"wp-block-heading\"><span class=\"ez-toc-section\" id=\"9_Contact_Us\"><\/span><strong>9. Entre em contato conosco<\/strong><span class=\"ez-toc-section-end\"><\/span><\/h3>\n\n\n\n<p>Se tiver d\u00favidas ou preocupa\u00e7\u00f5es sobre esta Pol\u00edtica de Privacidade, entre em contato conosco:<\/p>\n\n\n\n<ul class=\"wp-block-list\">\n<li><strong>E-mail<\/strong>: info@pharma-chemical.com<\/li>\n\n\n\n<li>N\u00famero do WhatsApp: +1 (424) 242-5629<\/li>\n\n\n\n<li><strong>Endere\u00e7o<\/strong>: Los Angeles, EUA<\/li>\n<\/ul>\n\n\n\n<p>Esta Pol\u00edtica de Privacidade garante transpar\u00eancia e confian\u00e7a, para que voc\u00ea possa interagir com a Pharma-Chemical com seguran\u00e7a. Informe-me se desejar detalhes adicionais ou ajustes.<\/p>","protected":false},"excerpt":{"rendered":"<p>Pharma-Chemical Privacy PolicyEffective Date: 01\/01\/2010 Pharma-Chemical values your privacy and is committed to protecting your personal information. This Privacy Policy explains how we collect, use, disclose, and safeguard your information when you visit our website or engage with us. Please read this policy carefully to understand our practices regarding your personal data. 1. Information We [&hellip;]<\/p>\n","protected":false},"author":1,"featured_media":0,"parent":0,"menu_order":0,"comment_status":"closed","ping_status":"open","template":"","meta":{"footnotes":""},"class_list":["post-3","page","type-page","status-publish","hentry"],"blocksy_meta":[],"_links":{"self":[{"href":"https:\/\/pharma-chemical.com\/pt_br\/wp-json\/wp\/v2\/pages\/3","targetHints":{"allow":["GET"]}}],"collection":[{"href":"https:\/\/pharma-chemical.com\/pt_br\/wp-json\/wp\/v2\/pages"}],"about":[{"href":"https:\/\/pharma-chemical.com\/pt_br\/wp-json\/wp\/v2\/types\/page"}],"author":[{"embeddable":true,"href":"https:\/\/pharma-chemical.com\/pt_br\/wp-json\/wp\/v2\/users\/1"}],"replies":[{"embeddable":true,"href":"https:\/\/pharma-chemical.com\/pt_br\/wp-json\/wp\/v2\/comments?post=3"}],"version-history":[{"count":1,"href":"https:\/\/pharma-chemical.com\/pt_br\/wp-json\/wp\/v2\/pages\/3\/revisions"}],"predecessor-version":[{"id":1792,"href":"https:\/\/pharma-chemical.com\/pt_br\/wp-json\/wp\/v2\/pages\/3\/revisions\/1792"}],"wp:attachment":[{"href":"https:\/\/pharma-chemical.com\/pt_br\/wp-json\/wp\/v2\/media?parent=3"}],"curies":[{"name":"wp","href":"https:\/\/api.w.org\/{rel}","templated":true}]}}