{"id":2001,"date":"2025-01-21T18:00:42","date_gmt":"2025-01-21T18:00:42","guid":{"rendered":"https:\/\/pharma-chemical.com\/?post_type=product&#038;p=2001"},"modified":"2025-01-21T18:02:34","modified_gmt":"2025-01-21T18:02:34","slug":"caluanie-muelear-oxidize-for-sale","status":"publish","type":"product","link":"https:\/\/pharma-chemical.com\/pt_br\/produto\/caluanie-muelear-oxidize-for-sale\/","title":{"rendered":"Caluanie Muelear Oxidize para venda"},"content":{"rendered":"<h3><strong>Caluanie Muelear Oxidize para venda<\/strong><\/h3>\n<p>A Pharma Chemical tem orgulho de ser um fornecedor l\u00edder de <a href=\"https:\/\/pharma-chemical.com\/pt_br\/culluanie-muelear-oxidize\/\"><strong>Caluanie Muelear Oxidize<\/strong><\/a> em todo o mundo. Com mais de uma d\u00e9cada de experi\u00eancia no setor qu\u00edmico, temos o compromisso de fornecer produtos de qualidade superior aos nossos valiosos clientes. Nossa dedica\u00e7\u00e3o ao atendimento excepcional ao cliente e aos rigorosos padr\u00f5es de qualidade nos estabeleceu como uma fonte confi\u00e1vel e segura. Se tiver alguma d\u00favida sobre a compra do Caluanie Muelear Oxidize, n\u00e3o hesite em nos contatar - estamos sempre \u00e0 disposi\u00e7\u00e3o para ajud\u00e1-lo.<\/p>\n<h3><strong>Pre\u00e7os acess\u00edveis para Caluanie Muelear Pasteurize<\/strong><\/h3>\n<p>Oferecemos <a href=\"https:\/\/www.facebook.com\/61551201980445\/videos\/new-products\/292173877322675\/\" target=\"_blank\" rel=\"noopener\"><strong>Caluanie Muelear Pasteurize<\/strong><\/a>um solvente de grau industrial de alta qualidade, a pre\u00e7os competitivos para atender \u00e0s necessidades de empresas de todos os portes. Nossa sele\u00e7\u00e3o de tamanhos de recipientes permite que voc\u00ea escolha a quantidade que melhor se adapta \u00e0s suas necessidades operacionais e ao seu or\u00e7amento. Combinando pre\u00e7o acess\u00edvel com qualidade excepcional do produto, nosso Caluanie Muelear Pasteurize \u00e9 a solu\u00e7\u00e3o ideal para empresas que buscam solventes eficientes e confi\u00e1veis para suas opera\u00e7\u00f5es.<\/p>\n<h3><strong>Como comprar o Caluanie Muelear Oxidize on-line<\/strong><\/h3>\n<p>Na Refined Industrial Chemicals, simplificamos o processo de pedido para garantir uma experi\u00eancia conveniente e segura para nossos clientes. Veja como voc\u00ea pode fazer um pedido: Caluanie Muelear Oxidize para venda<\/p>\n<ol>\n<li><strong>Visite nosso site<\/strong>: V\u00e1 para o site oficial da Refined Industrial Chemicals para garantir que est\u00e1 acessando uma plataforma leg\u00edtima. Essa etapa ajuda a proteger sua compra e a evitar sites falsificados.<\/li>\n<li><strong>Navegue em nosso cat\u00e1logo<\/strong>: Explore nosso cat\u00e1logo de produtos para ver as op\u00e7\u00f5es dispon\u00edveis e selecione a quantidade desejada de Caluanie Muelear Oxidize.<\/li>\n<li><strong>Adicionar ao carrinho<\/strong>: Depois de fazer sua sele\u00e7\u00e3o, adicione o produto ao carrinho virtual para confirmar suas escolhas antes de continuar.<\/li>\n<li><strong>Prosseguir para o checkout<\/strong>: Revise seu pedido no checkout e selecione um m\u00e9todo de pagamento seguro. Oferecemos op\u00e7\u00f5es confi\u00e1veis, incluindo Bitcoin e transfer\u00eancia banc\u00e1ria.<\/li>\n<li><strong>Fornecer informa\u00e7\u00f5es de remessa<\/strong>: Insira os detalhes de envio necess\u00e1rios para garantir uma entrega tranquila e precisa no endere\u00e7o de sua prefer\u00eancia.<\/li>\n<li><strong>Confirma\u00e7\u00e3o de pedido<\/strong>: Ap\u00f3s concluir o pagamento, voc\u00ea receber\u00e1 um e-mail confirmando os detalhes do seu pedido. Essa confirma\u00e7\u00e3o serve como seu recibo. Caluanie Muelear Oxidize para venda<\/li>\n<\/ol>\n<h3><strong>Remessa r\u00e1pida e confi\u00e1vel<\/strong><\/h3>\n<p>Entendemos a import\u00e2ncia da entrega imediata. \u00c9 por isso que oferecemos op\u00e7\u00f5es de remessa eficientes e seguras para garantir que seu pacote chegue a tempo e em perfeitas condi\u00e7\u00f5es. A entrega de seu pedido com seguran\u00e7a e rapidez \u00e9 nossa maior prioridade. Caluanie Muelear Oxidize para venda<\/p>\n<p>Para obter mais informa\u00e7\u00f5es ou assist\u00eancia com seu pedido, entre em contato conosco a qualquer momento.<\/p>\n<p>&nbsp;<\/p>","protected":false},"excerpt":{"rendered":"<p>Caluanie Muelear Oxidize for Sale Pharma Chemical is proud to be a leading supplier of Caluanie Muelear Oxidize worldwide. With over a decade of experience in the chemical industry, we are committed to providing premium-quality products to our valued clients. Our dedication to exceptional customer service and rigorous quality standards has established us as a [&hellip;]<\/p>\n","protected":false},"featured_media":2002,"comment_status":"open","ping_status":"closed","template":"","meta":[],"product_brand":[],"product_cat":[29,28],"product_tag":[32,33,34,35,36,37,38],"class_list":{"0":"post-2001","1":"product","2":"type-product","3":"status-publish","4":"has-post-thumbnail","6":"product_cat-caluanie-muelear-oxidize","7":"product_cat-general","8":"product_tag-buy-caluanie-muelear-oxidize-online","9":"product_tag-caluanie-for-sale","10":"product_tag-caluanie-muelear-oxidize-buy","11":"product_tag-caluanie-muelear-oxidize-price","12":"product_tag-caluanie-muelear-oxidize-usa","13":"product_tag-caluanie-price","14":"product_tag-muelear-oxidize-price","16":"first","17":"instock","18":"sale","19":"shipping-taxable","20":"purchasable","21":"product-type-variable"},"_links":{"self":[{"href":"https:\/\/pharma-chemical.com\/pt_br\/wp-json\/wp\/v2\/product\/2001","targetHints":{"allow":["GET"]}}],"collection":[{"href":"https:\/\/pharma-chemical.com\/pt_br\/wp-json\/wp\/v2\/product"}],"about":[{"href":"https:\/\/pharma-chemical.com\/pt_br\/wp-json\/wp\/v2\/types\/product"}],"replies":[{"embeddable":true,"href":"https:\/\/pharma-chemical.com\/pt_br\/wp-json\/wp\/v2\/comments?post=2001"}],"wp:featuredmedia":[{"embeddable":true,"href":"https:\/\/pharma-chemical.com\/pt_br\/wp-json\/wp\/v2\/media\/2002"}],"wp:attachment":[{"href":"https:\/\/pharma-chemical.com\/pt_br\/wp-json\/wp\/v2\/media?parent=2001"}],"wp:term":[{"taxonomy":"product_brand","embeddable":true,"href":"https:\/\/pharma-chemical.com\/pt_br\/wp-json\/wp\/v2\/product_brand?post=2001"},{"taxonomy":"product_cat","embeddable":true,"href":"https:\/\/pharma-chemical.com\/pt_br\/wp-json\/wp\/v2\/product_cat?post=2001"},{"taxonomy":"product_tag","embeddable":true,"href":"https:\/\/pharma-chemical.com\/pt_br\/wp-json\/wp\/v2\/product_tag?post=2001"}],"curies":[{"name":"wp","href":"https:\/\/api.w.org\/{rel}","templated":true}]}}