{"id":2006,"date":"2025-01-22T10:43:24","date_gmt":"2025-01-22T10:43:24","guid":{"rendered":"https:\/\/pharma-chemical.com\/?post_type=product&#038;p=2006"},"modified":"2025-01-22T10:47:12","modified_gmt":"2025-01-22T10:47:12","slug":"wholesale-caluanie-muelear-oxidize","status":"publish","type":"product","link":"https:\/\/pharma-chemical.com\/pt_br\/produto\/wholesale-caluanie-muelear-oxidize\/","title":{"rendered":"Atacado Caluanie Muelear Oxidize"},"content":{"rendered":"<p><strong>Produtos qu\u00edmicos para a ind\u00fastria farmac\u00eautica: Fornecedor l\u00edder de Caluanie Muelear Oxidize<\/strong><\/p>\n<p class=\"serp-title\">Caluanie Muelear Oxidize por atacado, a Pharma Chemical tem imenso orgulho de ser a principal fornecedora de <a href=\"https:\/\/pharma-chemical.com\/pt_br\/\"><strong>Caluanie Muelear Oxidize<\/strong><\/a> em todo o mundo. Com mais de uma d\u00e9cada de experi\u00eancia no setor, temos o compromisso de fornecer produtos de alta qualidade aos nossos valiosos clientes em todo o mundo. Nossa reputa\u00e7\u00e3o como uma fonte confi\u00e1vel e segura foi constru\u00edda com base em um atendimento excepcional ao cliente e em rigorosos padr\u00f5es de controle de qualidade.<\/p>\n<p>Se estiver interessado em comprar o Caluanie Muelear Oxidize, sinta-se \u00e0 vontade para entrar em contato conosco. Nossa equipe est\u00e1 sempre dispon\u00edvel para prestar assist\u00eancia e responder a quaisquer perguntas.<\/p>\n<h3><strong>Pre\u00e7o de atacado para Caluanie Muelear Pasteurize<\/strong><\/h3>\n<p>Oferecemos <strong>Caluanie Muelear Pasteurize<\/strong>um solvente de grau industrial premium, a pre\u00e7os altamente competitivos e adaptados a empresas de todos os tamanhos. Com uma variedade de tamanhos de cont\u00eaineres dispon\u00edveis, voc\u00ea pode selecionar facilmente a quantidade que atenda \u00e0s suas necessidades operacionais e, ao mesmo tempo, manter-se dentro do seu or\u00e7amento. Atacado de Caluanie Muelear Oxidize<\/p>\n<p>Nosso compromisso de combinar pre\u00e7o acess\u00edvel com excel\u00eancia de produto faz com que nossos <a href=\"https:\/\/www.globalsources.com\/Industrial-chemical\/Caluanie-Muelear-Oxidize-1215802325p.htm\" target=\"_blank\" rel=\"noopener\">Caluanie Muelear<\/a> O Pasteurize \u00e9 a solu\u00e7\u00e3o perfeita para empresas que precisam de solventes confi\u00e1veis e eficientes para otimizar suas opera\u00e7\u00f5es.<\/p>\n<h3><strong>Como comprar Caluanie Muelear Oxidize a granel on-line<\/strong><\/h3>\n<p>Na Pharma Chemical, criamos um sistema de pedidos seguro e f\u00e1cil de usar para simplificar o processo de compra do Caluanie Muelear Oxidize. Veja como fazer seu pedido:<\/p>\n<ol>\n<li><strong>Visite nosso site oficial<\/strong>: Comece navegando at\u00e9 o site da Refined Industrial Chemicals para garantir que voc\u00ea est\u00e1 na plataforma leg\u00edtima. Essa etapa protege sua compra e ajuda a evitar sites falsificados.<\/li>\n<li><strong>Explore o cat\u00e1logo de produtos<\/strong>: Navegue por nossas ofertas de produtos para encontrar as op\u00e7\u00f5es e quantidades que melhor atendam \u00e0s suas necessidades.<\/li>\n<li><strong>Adicionar ao carrinho<\/strong>: Ap\u00f3s selecionar os produtos desejados, adicione-os ao carrinho para confirmar suas escolhas antes de prosseguir para a finaliza\u00e7\u00e3o da compra.<\/li>\n<li><strong>Prosseguir para o checkout<\/strong>: No checkout, analise seu pedido e escolha um m\u00e9todo de pagamento seguro. Oferecemos op\u00e7\u00f5es confi\u00e1veis, incluindo Bitcoin, Zelle e transfer\u00eancias banc\u00e1rias.<\/li>\n<li><strong>Fornecer informa\u00e7\u00f5es de remessa<\/strong>: Insira os detalhes de envio necess\u00e1rios, incluindo o endere\u00e7o de entrega, para garantir uma entrega tranquila e precisa.<\/li>\n<li><strong>Confirma\u00e7\u00e3o de pedido<\/strong>: Ap\u00f3s a conclus\u00e3o do pagamento, voc\u00ea receber\u00e1 um e-mail de confirma\u00e7\u00e3o com os detalhes do pedido. Isso serve como recibo e verifica\u00e7\u00e3o da compra. Atacado Caluanie Muelear Oxidize<\/li>\n<\/ol>\n<h3><strong>Remessa e entrega confi\u00e1veis<\/strong><\/h3>\n<p>Entendemos a import\u00e2ncia de entregas pontuais e temos o compromisso de fornecer servi\u00e7os de remessa r\u00e1pidos e confi\u00e1veis. Nossos processos s\u00e3o projetados para garantir que seu pacote chegue com seguran\u00e7a e dentro do prazo, diretamente \u00e0 sua porta.<\/p>\n<p>Para obter informa\u00e7\u00f5es adicionais ou assist\u00eancia com seu pedido, n\u00e3o hesite em entrar em contato conosco. Sua satisfa\u00e7\u00e3o \u00e9 nossa prioridade.<\/p>\n<p>&nbsp;<\/p>","protected":false},"excerpt":{"rendered":"<p>Pharma Chemical: Leading Supplier of Caluanie Muelear Oxidize Wholesale Caluanie Muelear Oxidize, Pharma Chemical takes immense pride in being a premier supplier of Caluanie Muelear Oxidize worldwide. With over a decade of industry experience, we are committed to delivering top-quality products to our valued clients across the globe. Our reputation as a trusted and dependable [&hellip;]<\/p>\n","protected":false},"featured_media":2007,"comment_status":"open","ping_status":"closed","template":"","meta":[],"product_brand":[],"product_cat":[29,28],"product_tag":[39,40,41,42,43,44],"class_list":{"0":"post-2006","1":"product","2":"type-product","3":"status-publish","4":"has-post-thumbnail","6":"product_cat-caluanie-muelear-oxidize","7":"product_cat-general","8":"product_tag-100l-caluanie","9":"product_tag-20l-caluanie","10":"product_tag-50l-caluanie","11":"product_tag-caluanie-in-bulk","12":"product_tag-caluanie-manufacturer","13":"product_tag-wlolesale-caluanie","15":"first","16":"instock","17":"sale","18":"shipping-taxable","19":"purchasable","20":"product-type-variable"},"_links":{"self":[{"href":"https:\/\/pharma-chemical.com\/pt_br\/wp-json\/wp\/v2\/product\/2006","targetHints":{"allow":["GET"]}}],"collection":[{"href":"https:\/\/pharma-chemical.com\/pt_br\/wp-json\/wp\/v2\/product"}],"about":[{"href":"https:\/\/pharma-chemical.com\/pt_br\/wp-json\/wp\/v2\/types\/product"}],"replies":[{"embeddable":true,"href":"https:\/\/pharma-chemical.com\/pt_br\/wp-json\/wp\/v2\/comments?post=2006"}],"wp:featuredmedia":[{"embeddable":true,"href":"https:\/\/pharma-chemical.com\/pt_br\/wp-json\/wp\/v2\/media\/2007"}],"wp:attachment":[{"href":"https:\/\/pharma-chemical.com\/pt_br\/wp-json\/wp\/v2\/media?parent=2006"}],"wp:term":[{"taxonomy":"product_brand","embeddable":true,"href":"https:\/\/pharma-chemical.com\/pt_br\/wp-json\/wp\/v2\/product_brand?post=2006"},{"taxonomy":"product_cat","embeddable":true,"href":"https:\/\/pharma-chemical.com\/pt_br\/wp-json\/wp\/v2\/product_cat?post=2006"},{"taxonomy":"product_tag","embeddable":true,"href":"https:\/\/pharma-chemical.com\/pt_br\/wp-json\/wp\/v2\/product_tag?post=2006"}],"curies":[{"name":"wp","href":"https:\/\/api.w.org\/{rel}","templated":true}]}}