{"id":2012,"date":"2025-01-22T12:05:04","date_gmt":"2025-01-22T12:05:04","guid":{"rendered":"https:\/\/pharma-chemical.com\/?post_type=product&#038;p=2012"},"modified":"2025-01-22T12:11:18","modified_gmt":"2025-01-22T12:11:18","slug":"pure-red-liquid-mercury","status":"publish","type":"product","link":"https:\/\/pharma-chemical.com\/pt_br\/produto\/pure-red-liquid-mercury\/","title":{"rendered":"Comprar 99.9% Pure Red Liquid Mercury"},"content":{"rendered":"<p>Temos dispon\u00edvel o Red Mercury em grandes quantidades e 90% do nosso produto \u00e9 para exporta\u00e7\u00e3o. Nosso Red <a href=\"https:\/\/pharma-chemical.com\/pt_br\/\">Merc\u00fario l\u00edquido<\/a> atende \u00e0s normas dos padr\u00f5es internacionais e nossos produtos s\u00e3o altamente recomendados, pois vendemos com desconto.<\/p>\n<p>ESPECIFICA\u00c7\u00c3O<\/p>\n<p>- Merc\u00fario l\u00edquido vermelho prim\u00e1rio = 99,9999% puro por peso m\u00ednimo.<br \/>\n- Livre de metais pesados<br \/>\n- Cilindro de ferro da embalagem (34,5) kg de peso l\u00edquido<br \/>\n- Estado f\u00edsico: L\u00edquido<br \/>\n- Apar\u00eancia: Vermelho<br \/>\n- Odor: inodoro<br \/>\n- PH: N\u00e3o dispon\u00edvel.<br \/>\n- Press\u00e3o de vapor: 0,002 mm Hg a 25C<br \/>\n- Densidade do vapor: 7,0<br \/>\n- Taxa de evapora\u00e7\u00e3o: N\u00e3o dispon\u00edvel.<br \/>\n- Viscosidade: 15,5 mPat 25 dig C<br \/>\n- Ponto de ebuli\u00e7\u00e3o: 356,72 d\u00edgitos C<br \/>\n- Ponto de congelamento\/derretimento: -38,87 d\u00edgitos C<br \/>\n- Temperatura de decomposi\u00e7\u00e3o: N\u00e3o dispon\u00edvel.<br \/>\n- Solubilidade: Insol\u00favel.<br \/>\n- Gravidade espec\u00edfica\/densidade: 13,59 (\u00e1gua=1)<br \/>\n- F\u00f3rmula molecular: Hg<br \/>\n- Peso molecular: 200,59<\/p>\n<p>Merc\u00fario vermelho puro para venda: atacado e varejo, envio discreto\/r\u00e1pido para todo o mundo. Produtos dispon\u00edveis: merc\u00fario vermelho puro, Cinnabar, \u00f3xido de antim\u00f4nio de merc\u00fario. Fornecemos merc\u00fario l\u00edquido vermelho puro de alta qualidade e perfeitamente composto on-line a pre\u00e7os baratos e acess\u00edveis.<\/p>\n<p>Somos um atacadista e varejista premium de Pure Red Mercury Online. Fornecemos Pure Red Liquid Mercury de \u00f3tima qualidade. Nosso merc\u00fario l\u00edquido vermelho puro \u00e9 muito procurado por ind\u00fastrias de todo o mundo para uma ampla variedade de produtos. \u00c9 um produto de alta qualidade e perfeitamente composto por <a href=\"https:\/\/www.facebook.com\/100063770243469\/videos\/red-mercury-for-sale-1-red-mercury-2020-usd-2600-gram2-red-mercury-2727-usd-1600\/708125817167398\/?locale=ms_MY\" target=\"_blank\" rel=\"noopener\">Merc\u00fario l\u00edquido vermelho<\/a>. A Pure Red Mercury envia para todo o mundo com a garantia 100% de entregar seu produto no prazo.<br \/>\nA intensidade do merc\u00fario vermelho \u00e9 muito alta: 20,2 g\/cm3.<br \/>\nEsse l\u00edquido Hg2 Sb207 \u00e9 o material dos laborat\u00f3rios militares:<br \/>\n\u00d3xido de antim\u00f4nio e merc\u00fario<br \/>\nOutro nome: Merc\u00fario l\u00edquido Cherry Red<br \/>\nF\u00f3rmula: Sb2O7Hg2<br \/>\nApar\u00eancia: L\u00edquido met\u00e1lico vermelho-cereja<\/p>\n<p>MAIS ESPECIFICA\u00c7\u00d5ES<br \/>\nRadia\u00e7\u00e3o: 0.794<br \/>\nValor da linha de temperatura: 160,87<br \/>\nRea\u00e7\u00e3o VHTC mp: 1.024<br \/>\nRea\u00e7\u00e3o K: 0.00016<br \/>\nRea\u00e7\u00e3o P: 9.000-8.000<br \/>\nRea\u00e7\u00e3o do VDSA: 0,30-0,29<br \/>\nValor gama: 0,026<br \/>\nPonto de ebuli\u00e7\u00e3o: 356,720<br \/>\nMG: 196,01 + _0,02\/moi de teor de \u00e1gua<br \/>\nForma: L\u00edquido em forma de rolagem<br \/>\nCor: Cherry Red<br \/>\nMassa molar: 756,7002 g\/mol<\/p>","protected":false},"excerpt":{"rendered":"<p>We have available Red Mercury in great quantities and 90% of our product is for exportation. Our Red liquid Mercury meets the norms of international standards and our products are highly recommended ,We sell at a discount price. SPECIFICATION &#8211; Prime Red liquid Mercury = 99.9999% Pure by wt min. &#8211; Free from heavy metals [&hellip;]<\/p>\n","protected":false},"featured_media":2022,"comment_status":"open","ping_status":"closed","template":"","meta":[],"product_brand":[],"product_cat":[30,28],"product_tag":[45,46,49,50,47,48],"class_list":{"0":"post-2012","1":"product","2":"type-product","3":"status-publish","4":"has-post-thumbnail","6":"product_cat-red-liquid-mercury","7":"product_cat-general","8":"product_tag-buy-99-9-pure-red-liquid-mercury","9":"product_tag-buy-pure-red-liquid-mercury","10":"product_tag-liquid-mercury","11":"product_tag-mercury","12":"product_tag-pure-red-liquid-mercury","13":"product_tag-red-liquid-mercury","15":"first","16":"instock","17":"sale","18":"shipping-taxable","19":"purchasable","20":"product-type-variable"},"_links":{"self":[{"href":"https:\/\/pharma-chemical.com\/pt_br\/wp-json\/wp\/v2\/product\/2012","targetHints":{"allow":["GET"]}}],"collection":[{"href":"https:\/\/pharma-chemical.com\/pt_br\/wp-json\/wp\/v2\/product"}],"about":[{"href":"https:\/\/pharma-chemical.com\/pt_br\/wp-json\/wp\/v2\/types\/product"}],"replies":[{"embeddable":true,"href":"https:\/\/pharma-chemical.com\/pt_br\/wp-json\/wp\/v2\/comments?post=2012"}],"wp:featuredmedia":[{"embeddable":true,"href":"https:\/\/pharma-chemical.com\/pt_br\/wp-json\/wp\/v2\/media\/2022"}],"wp:attachment":[{"href":"https:\/\/pharma-chemical.com\/pt_br\/wp-json\/wp\/v2\/media?parent=2012"}],"wp:term":[{"taxonomy":"product_brand","embeddable":true,"href":"https:\/\/pharma-chemical.com\/pt_br\/wp-json\/wp\/v2\/product_brand?post=2012"},{"taxonomy":"product_cat","embeddable":true,"href":"https:\/\/pharma-chemical.com\/pt_br\/wp-json\/wp\/v2\/product_cat?post=2012"},{"taxonomy":"product_tag","embeddable":true,"href":"https:\/\/pharma-chemical.com\/pt_br\/wp-json\/wp\/v2\/product_tag?post=2012"}],"curies":[{"name":"wp","href":"https:\/\/api.w.org\/{rel}","templated":true}]}}